{"id":2115,"date":"2023-01-19T23:49:38","date_gmt":"2023-01-19T23:49:38","guid":{"rendered":"https:\/\/archidona.gob.ec\/?page_id=2115"},"modified":"2023-04-04T17:20:26","modified_gmt":"2023-04-04T17:20:26","slug":"historia","status":"publish","type":"page","link":"https:\/\/archidona.gob.ec\/en\/historia\/","title":{"rendered":"History"},"content":{"rendered":"<div data-elementor-type=\"wp-page\" data-elementor-id=\"2115\" class=\"elementor elementor-2115\" data-elementor-post-type=\"page\">\n\t\t\t\t\t\t<section class=\"elementor-section elementor-top-section elementor-element elementor-element-28ba827 elementor-section-boxed elementor-section-height-default elementor-section-height-default wpr-particle-no wpr-jarallax-no wpr-parallax-no wpr-sticky-section-no\" data-id=\"28ba827\" data-element_type=\"section\" data-e-type=\"section\" data-settings=\"{&quot;background_background&quot;:&quot;classic&quot;}\">\n\t\t\t\t\t\t\t<div class=\"elementor-background-overlay\"><\/div>\n\t\t\t\t\t\t\t<div class=\"elementor-container elementor-column-gap-default\">\n\t\t\t\t\t<div class=\"elementor-column elementor-col-100 elementor-top-column elementor-element elementor-element-d290524\" data-id=\"d290524\" data-element_type=\"column\" data-e-type=\"column\">\n\t\t\t<div class=\"elementor-widget-wrap elementor-element-populated\">\n\t\t\t\t\t\t<section class=\"elementor-section elementor-inner-section elementor-element elementor-element-78955eb elementor-section-boxed elementor-section-height-default elementor-section-height-default wpr-particle-no wpr-jarallax-no wpr-parallax-no wpr-sticky-section-no\" data-id=\"78955eb\" data-element_type=\"section\" data-e-type=\"section\">\n\t\t\t\t\t\t<div class=\"elementor-container elementor-column-gap-default\">\n\t\t\t\t\t<div class=\"elementor-column elementor-col-100 elementor-inner-column elementor-element elementor-element-01f30cb\" data-id=\"01f30cb\" data-element_type=\"column\" data-e-type=\"column\">\n\t\t\t<div class=\"elementor-widget-wrap elementor-element-populated\">\n\t\t\t\t\t\t<div class=\"elementor-element elementor-element-9431aa3 elementor-widget elementor-widget-heading\" data-id=\"9431aa3\" data-element_type=\"widget\" data-e-type=\"widget\" data-widget_type=\"heading.default\">\n\t\t\t\t<div class=\"elementor-widget-container\">\n\t\t\t\t\t<h2 class=\"elementor-heading-title elementor-size-default\">History<\/h2>\t\t\t\t<\/div>\n\t\t\t\t<\/div>\n\t\t\t\t\t<\/div>\n\t\t<\/div>\n\t\t\t\t\t<\/div>\n\t\t<\/section>\n\t\t\t\t\t<\/div>\n\t\t<\/div>\n\t\t\t\t\t<\/div>\n\t\t<\/section>\n\t\t\t\t<section class=\"elementor-section elementor-top-section elementor-element elementor-element-a387752 elementor-section-boxed elementor-section-height-default elementor-section-height-default wpr-particle-no wpr-jarallax-no wpr-parallax-no wpr-sticky-section-no\" data-id=\"a387752\" data-element_type=\"section\" data-e-type=\"section\">\n\t\t\t\t\t\t<div class=\"elementor-container elementor-column-gap-default\">\n\t\t\t\t\t<div class=\"elementor-column elementor-col-100 elementor-top-column elementor-element elementor-element-0d52bb5\" data-id=\"0d52bb5\" data-element_type=\"column\" data-e-type=\"column\">\n\t\t\t<div class=\"elementor-widget-wrap elementor-element-populated\">\n\t\t\t\t\t\t<div class=\"elementor-element elementor-element-472dab7 elementor-widget elementor-widget-text-editor\" data-id=\"472dab7\" data-element_type=\"widget\" data-e-type=\"widget\" data-widget_type=\"text-editor.default\">\n\t\t\t\t<div class=\"elementor-widget-container\">\n\t\t\t\t\t\t\t\t\t<p>Al hablar de Archidona, no se puede referir solamente al bello cant\u00f3n como espacio f\u00edsico enmarcado en el paisaje amaz\u00f3nico, sino a su gente, cultura, tradiciones, abusos, triunfos, y cientos de an\u00e9cdotas que a lo largo de los 455 a\u00f1os marcan su paso firme en el pasado, presente y devenir c\u00f3smico de su existencia.<\/p><p>Tambi\u00e9n llamada zona del alto Napo al sitio donde los historiadores ubican en m\u00e1s de una oportunidad su fundaci\u00f3n. Estuvo habitada por la denominada cultura Jondachi, seg\u00fan el padre Pedro Porras, a lo largo del Valle del r\u00edo Misahuall\u00ed entre los r\u00edos Cotundo y Jondachi, con una antig\u00fcedad que data de 10.000 a\u00f1os antes de Cristo (a.C), perteneciente al Per\u00edodo Precer\u00e1mico. La fase Cotundo localizada en el tercio superior del r\u00edo Misahuall\u00ed, a 600 msnm, data de 1.000 a.C \u2013 300 a.C.<\/p><p>A lo largo del r\u00edo Napo, desde Limoncocha hasta Nuevo Rocafuerte, se desarroll\u00f3 la cultura Napo de 1.188 a 1.480 d.C.<\/p><p>Los habitantes originarios de estas tierras son los quijos, llamados tambi\u00e9n yumbos y alamas. \u201cCon la llegada de los evangelizadores se los conoce como alamas hasta que se transforman en el hoy reconocido pueblo kichwa, merced a la declaratoria del Parlamento Indio Amaz\u00f3nico, en 1990\u201d .<\/p><p>En la actualidad, el pueblo kichwa es el que ha permanecido y expandido su cultura a lo largo de toda la provincia.<\/p><p>La ciudad de Archidona ocupa un sitial especial en la historia de Ecuador. Fue la capital de la Gobernaci\u00f3n de Oriente, y el lugar donde se obsesionaron los espa\u00f1oles por descubrir el pa\u00eds de la canela y la b\u00fasqueda del oro. Tambi\u00e9n fue conocida como los \u201calgodonales\u201d en honor a las plantaciones que existieron. Inmediatamente despu\u00e9s de la conquista organizaron varias expediciones militares y religiosas al oriente, para ingresar por la regi\u00f3n de los quijos.<\/p><p>\u201cEn 1541, Gonzalo D\u00edas de Pineda penetr\u00f3 a la regi\u00f3n oriental con miles de ind\u00edgenas de la Sierra y fue seguido por Francisco de Orellana, quien descubri\u00f3 el r\u00edo Amazonas en 1542. Entre 1559 y 1563 se fundaron cuatro ciudades importantes: Baeza, \u00c1vila, Archidona y San Juan de los Dos R\u00edos de Tena. Estas fundaciones dieron comienzo a la administraci\u00f3n colonial de lo que se llam\u00f3 la Gobernaci\u00f3n de los Quijos, Sumaco y de la Canela\u201d .<\/p><p>La dominaci\u00f3n de los quijos se hizo a trav\u00e9s del pago de tributos, con oro y algod\u00f3n, y la evangelizaci\u00f3n cristiana mediante el establecimiento de doctrinas obligatorias y reducciones, que desencadenar\u00eda la resistencia ind\u00edgena y algunas rebeliones como la de 1552 y las de 1567 al 1579.<\/p><p>En 1578 Jumandi en el conocido \u2018levantamiento de los brujos\u2019 incendia Archidona un 29 de Noviembre. Luego de los enfrentamientos Archidona se qued\u00f3 despoblada y fue en 1638, con la entrada de los jesuitas, que se reconstruy\u00f3 la ciudad y se convirti\u00f3 en un importante centro eclesi\u00e1stico.<\/p><p>Archidona fue la puerta de entrada de las misiones religiosas del Napo, Mainas y Mara\u00f1\u00f3n. Los jesuitas conservaron esta parroquia hasta 1768, fecha de su expulsi\u00f3n. La misi\u00f3n Josefina tom\u00f3 la posta desde 1922.<\/p><p>En la vida republicana de Ecuador, en la presidencia de Gabriel Garc\u00eda Moreno, se erigi\u00f3 la provincia de Oriente por Decreto Supremo el 11 de Mayo de 1861, fijando a Archidona como su capital.<\/p><p>Archidona debe su nombre al lugar de origen de su fundador, Bartolom\u00e9 Mar\u00edn, que naci\u00f3 en Archidona al sur de Espa\u00f1a, en la regi\u00f3n de Andaluc\u00eda. La palabra tiene algunos significados:<\/p><p>Seg\u00fan David Guevara, Archidona significa \u201cabundante en dones y regalos\u201d.<\/p><p>Para el ayuntamiento de Archidona de Espa\u00f1a, la traducci\u00f3n oficial es el de \u201cSe\u00f1ora de las Alturas\u201d . La palabra Archidona proviene del romano \u201carcis\u201d y \u201cdomina\u201d. Con el dominio \u00e1rabe, el nombre se arabiz\u00f3 posteriormente en la palabra Arjiduna, hasta convertirse en Archidona.<\/p>\t\t\t\t\t\t\t\t<\/div>\n\t\t\t\t<\/div>\n\t\t\t\t\t<\/div>\n\t\t<\/div>\n\t\t\t\t\t<\/div>\n\t\t<\/section>\n\t\t\t\t<section class=\"elementor-section elementor-top-section elementor-element elementor-element-b14126d elementor-section-boxed elementor-section-height-default elementor-section-height-default wpr-particle-no wpr-jarallax-no wpr-parallax-no wpr-sticky-section-no\" data-id=\"b14126d\" data-element_type=\"section\" data-e-type=\"section\">\n\t\t\t\t\t\t<div class=\"elementor-container elementor-column-gap-default\">\n\t\t\t\t\t<div class=\"elementor-column elementor-col-100 elementor-top-column elementor-element elementor-element-16df1ed\" data-id=\"16df1ed\" data-element_type=\"column\" data-e-type=\"column\">\n\t\t\t<div class=\"elementor-widget-wrap elementor-element-populated\">\n\t\t\t\t\t\t<div class=\"elementor-element elementor-element-f835ac5 elementor-widget elementor-widget-text-editor\" data-id=\"f835ac5\" data-element_type=\"widget\" data-e-type=\"widget\" id=\"tiempo\" data-widget_type=\"text-editor.default\">\n\t\t\t\t<div class=\"elementor-widget-container\">\n\t\t\t\t\t\t\t\t\t<p>Para el historiador David Guevara, la Archidona ecuatoriana, tiene al menos cinco etapas de fundaci\u00f3n:<\/p>\t\t\t\t\t\t\t\t<\/div>\n\t\t\t\t<\/div>\n\t\t\t\t<div class=\"elementor-element elementor-element-ba60fc8 elementor-widget elementor-widget-timeline-widget-addon\" data-id=\"ba60fc8\" data-element_type=\"widget\" data-e-type=\"widget\" data-widget_type=\"timeline-widget-addon.default\">\n\t\t\t\t<div class=\"elementor-widget-container\">\n\t\t\t\t\t<!-- ========= Timeline Widget  Addon For Elementor 1.6.24 ========= -->\n<div id=\"twae-wrapper-ba60fc8\" class=\"twae-wrapper twae-horizontal-timeline\">\n<div class=\"twae-wrapper-inside\">\n <div id=\"twae-slider-container-ba60fc8\" data-dir=\"\" data-slidestoshow=\"3\" data-autoplay=\"true\" data-auto-height=\"true\" class=\"twae-slider-container swiper-container\">\n <div  class=\"twae-slider-wrapper swiper-wrapper no-height\"><!-- Start of Story Repeater Content --><div id=\"twae-article-18c0f00\" class=\"twae-repeater-item twae-story swiper-slide twae-story-no-icon\"><!-- Story Label --><div class=\"twae-labels\"><div class=\"twae-label-big\">1560<\/div><\/div><!-- Story Icon --><div class=\"twae-icon\"><i aria-hidden=\"true\" class=\"far fa-clock\"><\/i><\/div><!-- Story Arrow --><div class=\"twae-arrow\"><\/div><!-- Start of Story Content --><div class=\"twae-content\"><!-- Story Description --><div class=\"twae-description\"><p>\u00a0Fue creada por Gil Ram\u00edrez D\u00e1valos, seg\u00fan el historiador Padre Juan de Velasco.<\/p><\/div><\/div><\/div><!-- Start of Story Repeater Content --><div id=\"twae-article-8a332e6\" class=\"twae-repeater-item twae-story swiper-slide twae-story-no-icon\"><!-- Story Label --><div class=\"twae-labels\"><div class=\"twae-label-big twae-label-big\">1563<\/div><\/div><!-- Story Icon --><div class=\"twae-icon\"><i aria-hidden=\"true\" class=\"far fa-clock\"><\/i><\/div><!-- Story Arrow --><div class=\"twae-arrow\"><\/div><!-- Start of Story Content --><div class=\"twae-content\"><!-- Story Description --><div class=\"twae-description twae-description\"><p>Fue fundada por Bartolom\u00e9 Mar\u00edn, conforme a estudios de Federico Gonz\u00e1lez Su\u00e1rez, y otros investigadores , al norte de Cotundo en el sector de CURIYACU, donde se encontraban las minas de oro.<\/p><\/div><\/div><\/div><!-- Start of Story Repeater Content --><div id=\"twae-article-b76fc98\" class=\"twae-repeater-item twae-story swiper-slide twae-story-no-icon\"><!-- Story Label --><div class=\"twae-labels\"><div class=\"twae-label-big twae-label-big twae-label-big\">1578<\/div><\/div><!-- Story Icon --><div class=\"twae-icon\"><i aria-hidden=\"true\" class=\"far fa-clock\"><\/i><\/div><!-- Story Arrow --><div class=\"twae-arrow\"><\/div><!-- Start of Story Content --><div class=\"twae-content\"><!-- Story Description --><div class=\"twae-description twae-description twae-description\"><p>Sobre las ruinas, el capit\u00e1n Rodrigo N\u00fa\u00f1ez de Bonilla, edific\u00f3 SANTIAGO DE GUADALCANAL, la tercera Archidona.<\/p><\/div><\/div><\/div><!-- Start of Story Repeater Content --><div id=\"twae-article-9a6cef5\" class=\"twae-repeater-item twae-story swiper-slide twae-story-no-icon\"><!-- Story Label --><div class=\"twae-labels\"><div class=\"twae-label-big twae-label-big twae-label-big twae-label-big\">1743<\/div><\/div><!-- Story Icon --><div class=\"twae-icon\"><i aria-hidden=\"true\" class=\"far fa-clock\"><\/i><\/div><!-- Story Arrow --><div class=\"twae-arrow\"><\/div><!-- Start of Story Content --><div class=\"twae-content\"><!-- Story Description --><div class=\"twae-description twae-description twae-description twae-description\"><p>El Padre Xavier Crespo, la ubic\u00f3 en el sitio de RUCULLACTA, con el nombre de Nueva Archidona.<\/p><\/div><\/div><\/div><!-- Start of Story Repeater Content --><div id=\"twae-article-e61f837\" class=\"twae-repeater-item twae-story swiper-slide twae-story-no-icon\"><!-- Story Label --><div class=\"twae-labels\"><div class=\"twae-label-big twae-label-big twae-label-big twae-label-big twae-label-big\">1875<\/div><\/div><!-- Story Icon --><div class=\"twae-icon\"><i aria-hidden=\"true\" class=\"far fa-clock\"><\/i><\/div><!-- Story Arrow --><div class=\"twae-arrow\"><\/div><!-- Start of Story Content --><div class=\"twae-content\"><!-- Story Description --><div class=\"twae-description twae-description twae-description twae-description twae-description\"><p>El padre Manuel Guzm\u00e1n la reedific\u00f3 donde actualmente se encuentra ubicada.<\/p><\/div><\/div><\/div><!-- Start of Story Repeater Content --><div id=\"twae-article-1ab3961\" class=\"twae-repeater-item twae-story swiper-slide twae-story-no-icon\"><!-- Story Label --><div class=\"twae-labels\"><div class=\"twae-label-big twae-label-big twae-label-big twae-label-big twae-label-big twae-label-big\">1972<\/div><\/div><!-- Story Icon --><div class=\"twae-icon\"><i aria-hidden=\"true\" class=\"far fa-clock\"><\/i><\/div><!-- Story Arrow --><div class=\"twae-arrow\"><\/div><!-- Start of Story Content --><div class=\"twae-content\"><!-- Story Description --><div class=\"twae-description twae-description twae-description twae-description twae-description twae-description\"><p>Por carecer de un calendario c\u00edvico de celebraci\u00f3n y recordaci\u00f3n, el Ilustre Municipio de Tena, decreta como d\u00eda de la fundaci\u00f3n de Archidona el 21 de abril de cada a\u00f1o, recogiendo el criterio de Juan de Velasco de erigir como fundador a Gil Ram\u00edrez D\u00e1valos en el a\u00f1o de 1560.<\/p><\/div><\/div><\/div><!-- Start of Story Repeater Content --><div id=\"twae-article-8a1fa16\" class=\"twae-repeater-item twae-story swiper-slide twae-story-no-icon\"><!-- Story Label --><div class=\"twae-labels\"><div class=\"twae-label-big twae-label-big twae-label-big twae-label-big twae-label-big twae-label-big twae-label-big\">1981<\/div><\/div><!-- Story Icon --><div class=\"twae-icon\"><i aria-hidden=\"true\" class=\"far fa-clock\"><\/i><\/div><!-- Story Arrow --><div class=\"twae-arrow\"><\/div><!-- Start of Story Content --><div class=\"twae-content\"><!-- Story Description --><div class=\"twae-description twae-description twae-description twae-description twae-description twae-description twae-description\"><p>Archidona es declarado como cant\u00f3n el 21 de abril. Su creaci\u00f3n se da mediante Decreto Legislativo N\u00ba 61 del 21 de Abril de 1981 y publicado en el Registro Oficial N\u00ba 427 el 27 del mismo mes y a\u00f1o.<\/p><\/div><\/div><\/div><\/div><\/div><\/div> <!-- Add Arrows -->\n       <div class=\"twae-button-prev\"><i class=\"fas fa-chevron-left\"><\/i><\/div>\n       <div class=\"twae-button-next\"><i class=\"fas fa-chevron-right\"><\/i><\/div>\n       <div class=\"twae-h-line\"><\/div>\n       <div class=\"twae-line-fill\"><\/div>\n    <\/div><style type=\"text\/css\">@media (max-width: 1024px){ .twae-wrapper{--tw-ybx-size: 75px !important;}}@media (max-width: 767px){ .twae-wrapper{--tw-ybx-size: 75px !important}}<\/style>\t\t\t\t<\/div>\n\t\t\t\t<\/div>\n\t\t\t\t\t<\/div>\n\t\t<\/div>\n\t\t\t\t\t<\/div>\n\t\t<\/section>\n\t\t\t\t<\/div>","protected":false},"excerpt":{"rendered":"<p>Historia Al hablar de Archidona, no se puede referir solamente al bello cant\u00f3n como espacio f\u00edsico enmarcado en el paisaje amaz\u00f3nico, sino a su gente, cultura, tradiciones, abusos, triunfos, y cientos de an\u00e9cdotas que a lo largo de los 455 a\u00f1os marcan su paso firme en el pasado, presente y devenir c\u00f3smico de su existencia. Tambi\u00e9n llamada zona del alto Napo al sitio donde los historiadores ubican en m\u00e1s de una oportunidad su fundaci\u00f3n. Estuvo habitada por la denominada cultura Jondachi, seg\u00fan el padre Pedro Porras, a lo largo del Valle del r\u00edo Misahuall\u00ed entre los r\u00edos Cotundo y Jondachi, con una antig\u00fcedad que data de 10.000 a\u00f1os antes de Cristo (a.C), perteneciente al Per\u00edodo Precer\u00e1mico. La fase Cotundo localizada en el tercio superior del r\u00edo Misahuall\u00ed, a 600 msnm, data de 1.000 a.C \u2013 300 a.C. A lo largo del r\u00edo Napo, desde Limoncocha hasta Nuevo Rocafuerte, se desarroll\u00f3 la cultura Napo de 1.188 a 1.480 d.C. Los habitantes originarios de estas tierras son los quijos, llamados tambi\u00e9n yumbos y alamas. \u201cCon la llegada de los evangelizadores se los conoce como alamas hasta que se transforman en el hoy reconocido pueblo kichwa, merced a la declaratoria del Parlamento Indio Amaz\u00f3nico, en 1990\u201d . En la actualidad, el pueblo kichwa es el que ha permanecido y expandido su cultura a lo largo de toda la provincia. La ciudad de Archidona ocupa un sitial especial en la historia de Ecuador. Fue la capital de la Gobernaci\u00f3n de Oriente, y el lugar donde se obsesionaron los espa\u00f1oles por descubrir el pa\u00eds de la canela y la b\u00fasqueda del oro. Tambi\u00e9n fue conocida como los \u201calgodonales\u201d en honor a las plantaciones que existieron. Inmediatamente despu\u00e9s de la conquista organizaron varias expediciones militares y religiosas al oriente, para ingresar por la regi\u00f3n de los quijos. \u201cEn 1541, Gonzalo D\u00edas de Pineda penetr\u00f3 a la regi\u00f3n oriental con miles de ind\u00edgenas de la Sierra y fue seguido por Francisco de Orellana, quien descubri\u00f3 el r\u00edo Amazonas en 1542. Entre 1559 y 1563 se fundaron cuatro ciudades importantes: Baeza, \u00c1vila, Archidona y San Juan de los Dos R\u00edos de Tena. Estas fundaciones dieron comienzo a la administraci\u00f3n colonial de lo que se llam\u00f3 la Gobernaci\u00f3n de los Quijos, Sumaco y de la Canela\u201d . La dominaci\u00f3n de los quijos se hizo a trav\u00e9s del pago de tributos, con oro y algod\u00f3n, y la evangelizaci\u00f3n cristiana mediante el establecimiento de doctrinas obligatorias y reducciones, que desencadenar\u00eda la resistencia ind\u00edgena y algunas rebeliones como la de 1552 y las de 1567 al 1579. En 1578 Jumandi en el conocido \u2018levantamiento de los brujos\u2019 incendia Archidona un 29 de Noviembre. Luego de los enfrentamientos Archidona se qued\u00f3 despoblada y fue en 1638, con la entrada de los jesuitas, que se reconstruy\u00f3 la ciudad y se convirti\u00f3 en un importante centro eclesi\u00e1stico. Archidona fue la puerta de entrada de las misiones religiosas del Napo, Mainas y Mara\u00f1\u00f3n. Los jesuitas conservaron esta parroquia hasta 1768, fecha de su expulsi\u00f3n. La misi\u00f3n Josefina tom\u00f3 la posta desde 1922. En la vida republicana de Ecuador, en la presidencia de Gabriel Garc\u00eda Moreno, se erigi\u00f3 la provincia de Oriente por Decreto Supremo el 11 de Mayo de 1861, fijando a Archidona como su capital. Archidona debe su nombre al lugar de origen de su fundador, Bartolom\u00e9 Mar\u00edn, que naci\u00f3 en Archidona al sur de Espa\u00f1a, en la regi\u00f3n de Andaluc\u00eda. La palabra tiene algunos significados: Seg\u00fan David Guevara, Archidona significa \u201cabundante en dones y regalos\u201d. Para el ayuntamiento de Archidona de Espa\u00f1a, la traducci\u00f3n oficial es el de \u201cSe\u00f1ora de las Alturas\u201d . La palabra Archidona proviene del romano \u201carcis\u201d y \u201cdomina\u201d. Con el dominio \u00e1rabe, el nombre se arabiz\u00f3 posteriormente en la palabra Arjiduna, hasta convertirse en Archidona. Para el historiador David Guevara, la Archidona ecuatoriana, tiene al menos cinco etapas de fundaci\u00f3n: 1560 \u00a0Fue creada por Gil Ram\u00edrez D\u00e1valos, seg\u00fan el historiador Padre Juan de Velasco. 1563 Fue fundada por Bartolom\u00e9 Mar\u00edn, conforme a estudios de Federico Gonz\u00e1lez Su\u00e1rez, y otros investigadores , al norte de Cotundo en el sector de CURIYACU, donde se encontraban las minas de oro. 1578 Sobre las ruinas, el capit\u00e1n Rodrigo N\u00fa\u00f1ez de Bonilla, edific\u00f3 SANTIAGO DE GUADALCANAL, la tercera Archidona. 1743 El Padre Xavier Crespo, la ubic\u00f3 en el sitio de RUCULLACTA, con el nombre de Nueva Archidona. 1875 El padre Manuel Guzm\u00e1n la reedific\u00f3 donde actualmente se encuentra ubicada. 1972 Por carecer de un calendario c\u00edvico de celebraci\u00f3n y recordaci\u00f3n, el Ilustre Municipio de Tena, decreta como d\u00eda de la fundaci\u00f3n de Archidona el 21 de abril de cada a\u00f1o, recogiendo el criterio de Juan de Velasco de erigir como fundador a Gil Ram\u00edrez D\u00e1valos en el a\u00f1o de 1560. 1981 Archidona es declarado como cant\u00f3n el 21 de abril. Su creaci\u00f3n se da mediante Decreto Legislativo N\u00ba 61 del 21 de Abril de 1981 y publicado en el Registro Oficial N\u00ba 427 el 27 del mismo mes y a\u00f1o.<\/p>","protected":false},"author":1,"featured_media":0,"parent":0,"menu_order":0,"comment_status":"closed","ping_status":"closed","template":"","meta":{"site-sidebar-layout":"no-sidebar","site-content-layout":"page-builder","ast-site-content-layout":"","site-content-style":"default","site-sidebar-style":"default","ast-global-header-display":"","ast-banner-title-visibility":"","ast-main-header-display":"","ast-hfb-above-header-display":"","ast-hfb-below-header-display":"","ast-hfb-mobile-header-display":"","site-post-title":"disabled","ast-breadcrumbs-content":"","ast-featured-img":"disabled","footer-sml-layout":"","theme-transparent-header-meta":"default","adv-header-id-meta":"","stick-header-meta":"","header-above-stick-meta":"","header-main-stick-meta":"","header-below-stick-meta":"","astra-migrate-meta-layouts":"default","ast-page-background-enabled":"default","ast-page-background-meta":{"desktop":{"background-color":"var(--ast-global-color-4)","background-image":"","background-repeat":"repeat","background-position":"center center","background-size":"auto","background-attachment":"scroll","background-type":"","background-media":"","overlay-type":"","overlay-color":"","overlay-opacity":"","overlay-gradient":""},"tablet":{"background-color":"","background-image":"","background-repeat":"repeat","background-position":"center center","background-size":"auto","background-attachment":"scroll","background-type":"","background-media":"","overlay-type":"","overlay-color":"","overlay-opacity":"","overlay-gradient":""},"mobile":{"background-color":"","background-image":"","background-repeat":"repeat","background-position":"center center","background-size":"auto","background-attachment":"scroll","background-type":"","background-media":"","overlay-type":"","overlay-color":"","overlay-opacity":"","overlay-gradient":""}},"ast-content-background-meta":{"desktop":{"background-color":"var(--ast-global-color-5)","background-image":"","background-repeat":"repeat","background-position":"center center","background-size":"auto","background-attachment":"scroll","background-type":"","background-media":"","overlay-type":"","overlay-color":"","overlay-opacity":"","overlay-gradient":""},"tablet":{"background-color":"var(--ast-global-color-5)","background-image":"","background-repeat":"repeat","background-position":"center center","background-size":"auto","background-attachment":"scroll","background-type":"","background-media":"","overlay-type":"","overlay-color":"","overlay-opacity":"","overlay-gradient":""},"mobile":{"background-color":"var(--ast-global-color-5)","background-image":"","background-repeat":"repeat","background-position":"center center","background-size":"auto","background-attachment":"scroll","background-type":"","background-media":"","overlay-type":"","overlay-color":"","overlay-opacity":"","overlay-gradient":""}},"footnotes":""},"class_list":["post-2115","page","type-page","status-publish","hentry"],"_links":{"self":[{"href":"https:\/\/archidona.gob.ec\/en\/wp-json\/wp\/v2\/pages\/2115","targetHints":{"allow":["GET"]}}],"collection":[{"href":"https:\/\/archidona.gob.ec\/en\/wp-json\/wp\/v2\/pages"}],"about":[{"href":"https:\/\/archidona.gob.ec\/en\/wp-json\/wp\/v2\/types\/page"}],"author":[{"embeddable":true,"href":"https:\/\/archidona.gob.ec\/en\/wp-json\/wp\/v2\/users\/1"}],"replies":[{"embeddable":true,"href":"https:\/\/archidona.gob.ec\/en\/wp-json\/wp\/v2\/comments?post=2115"}],"version-history":[{"count":64,"href":"https:\/\/archidona.gob.ec\/en\/wp-json\/wp\/v2\/pages\/2115\/revisions"}],"predecessor-version":[{"id":2859,"href":"https:\/\/archidona.gob.ec\/en\/wp-json\/wp\/v2\/pages\/2115\/revisions\/2859"}],"wp:attachment":[{"href":"https:\/\/archidona.gob.ec\/en\/wp-json\/wp\/v2\/media?parent=2115"}],"curies":[{"name":"wp","href":"https:\/\/api.w.org\/{rel}","templated":true}]}}