{"id":2184,"date":"2023-01-20T20:31:16","date_gmt":"2023-01-20T20:31:16","guid":{"rendered":"https:\/\/archidona.gob.ec\/?page_id=2184"},"modified":"2023-09-28T21:16:29","modified_gmt":"2023-09-28T21:16:29","slug":"autoridades","status":"publish","type":"page","link":"https:\/\/archidona.gob.ec\/en\/autoridades\/","title":{"rendered":"Authorities"},"content":{"rendered":"<div data-elementor-type=\"wp-page\" data-elementor-id=\"2184\" class=\"elementor elementor-2184\" data-elementor-post-type=\"page\">\n\t\t\t\t\t\t<section class=\"elementor-section elementor-top-section elementor-element elementor-element-28ba827 elementor-section-boxed elementor-section-height-default elementor-section-height-default wpr-particle-no wpr-jarallax-no wpr-parallax-no wpr-sticky-section-no\" data-id=\"28ba827\" data-element_type=\"section\" data-e-type=\"section\" data-settings=\"{&quot;background_background&quot;:&quot;classic&quot;}\">\n\t\t\t\t\t\t\t<div class=\"elementor-background-overlay\"><\/div>\n\t\t\t\t\t\t\t<div class=\"elementor-container elementor-column-gap-default\">\n\t\t\t\t\t<div class=\"elementor-column elementor-col-100 elementor-top-column elementor-element elementor-element-d290524\" data-id=\"d290524\" data-element_type=\"column\" data-e-type=\"column\">\n\t\t\t<div class=\"elementor-widget-wrap elementor-element-populated\">\n\t\t\t\t\t\t<section class=\"elementor-section elementor-inner-section elementor-element elementor-element-78955eb elementor-section-boxed elementor-section-height-default elementor-section-height-default wpr-particle-no wpr-jarallax-no wpr-parallax-no wpr-sticky-section-no\" data-id=\"78955eb\" data-element_type=\"section\" data-e-type=\"section\">\n\t\t\t\t\t\t<div class=\"elementor-container elementor-column-gap-default\">\n\t\t\t\t\t<div class=\"elementor-column elementor-col-100 elementor-inner-column elementor-element elementor-element-01f30cb\" data-id=\"01f30cb\" data-element_type=\"column\" data-e-type=\"column\">\n\t\t\t<div class=\"elementor-widget-wrap elementor-element-populated\">\n\t\t\t\t\t\t<div class=\"elementor-element elementor-element-9431aa3 elementor-widget elementor-widget-heading\" data-id=\"9431aa3\" data-element_type=\"widget\" data-e-type=\"widget\" data-widget_type=\"heading.default\">\n\t\t\t\t<div class=\"elementor-widget-container\">\n\t\t\t\t\t<h2 class=\"elementor-heading-title elementor-size-default\">Authorities<\/h2>\t\t\t\t<\/div>\n\t\t\t\t<\/div>\n\t\t\t\t\t<\/div>\n\t\t<\/div>\n\t\t\t\t\t<\/div>\n\t\t<\/section>\n\t\t\t\t\t<\/div>\n\t\t<\/div>\n\t\t\t\t\t<\/div>\n\t\t<\/section>\n\t\t\t\t<section class=\"elementor-section elementor-top-section elementor-element elementor-element-a387752 elementor-section-height-min-height elementor-section-boxed elementor-section-height-default elementor-section-items-middle wpr-particle-no wpr-jarallax-no wpr-parallax-no wpr-sticky-section-no\" data-id=\"a387752\" data-element_type=\"section\" data-e-type=\"section\">\n\t\t\t\t\t\t<div class=\"elementor-container elementor-column-gap-default\">\n\t\t\t\t\t<div class=\"elementor-column elementor-col-50 elementor-top-column elementor-element elementor-element-0d52bb5\" data-id=\"0d52bb5\" data-element_type=\"column\" data-e-type=\"column\">\n\t\t\t<div class=\"elementor-widget-wrap elementor-element-populated\">\n\t\t\t\t\t\t<div class=\"elementor-element elementor-element-dd766ce elementor-widget__width-initial elementor-widget elementor-widget-image\" data-id=\"dd766ce\" data-element_type=\"widget\" data-e-type=\"widget\" data-widget_type=\"image.default\">\n\t\t\t\t<div class=\"elementor-widget-container\">\n\t\t\t\t\t\t\t\t\t\t\t\t\t\t\t<img fetchpriority=\"high\" decoding=\"async\" width=\"300\" height=\"275\" src=\"https:\/\/archidona.gob.ec\/wp-content\/uploads\/2023\/07\/Amada-Corazon-300x275-1.png\" class=\"attachment-large size-large wp-image-3335\" alt=\"\" srcset=\"https:\/\/archidona.gob.ec\/wp-content\/uploads\/2023\/07\/Amada-Corazon-300x275-1.png 300w, https:\/\/archidona.gob.ec\/wp-content\/uploads\/2023\/07\/Amada-Corazon-300x275-1-13x12.png 13w\" sizes=\"(max-width: 300px) 100vw, 300px\" \/>\t\t\t\t\t\t\t\t\t\t\t\t\t\t\t<\/div>\n\t\t\t\t<\/div>\n\t\t\t\t<div class=\"elementor-element elementor-element-f518454 elementor-align-center elementor-widget__width-initial elementor-widget elementor-widget-button\" data-id=\"f518454\" data-element_type=\"widget\" data-e-type=\"widget\" data-widget_type=\"button.default\">\n\t\t\t\t<div class=\"elementor-widget-container\">\n\t\t\t\t\t\t\t\t\t<div class=\"elementor-button-wrapper\">\n\t\t\t\t\t<a class=\"elementor-button elementor-size-sm\" role=\"button\">\n\t\t\t\t\t\t<span class=\"elementor-button-content-wrapper\">\n\t\t\t\t\t\t\t\t\t<span class=\"elementor-button-text\">Descargar la Biograf\u00eda AQUI!!<\/span>\n\t\t\t\t\t<\/span>\n\t\t\t\t\t<\/a>\n\t\t\t\t<\/div>\n\t\t\t\t\t\t\t\t<\/div>\n\t\t\t\t<\/div>\n\t\t\t\t\t<\/div>\n\t\t<\/div>\n\t\t\t\t<div class=\"elementor-column elementor-col-50 elementor-top-column elementor-element elementor-element-77b21a8\" data-id=\"77b21a8\" data-element_type=\"column\" data-e-type=\"column\">\n\t\t\t<div class=\"elementor-widget-wrap elementor-element-populated\">\n\t\t\t\t\t\t<div class=\"elementor-element elementor-element-b030a9b elementor-widget elementor-widget-heading\" data-id=\"b030a9b\" data-element_type=\"widget\" data-e-type=\"widget\" data-widget_type=\"heading.default\">\n\t\t\t\t<div class=\"elementor-widget-container\">\n\t\t\t\t\t<h2 class=\"elementor-heading-title elementor-size-default\">Alcaldesa<\/h2>\t\t\t\t<\/div>\n\t\t\t\t<\/div>\n\t\t\t\t<div class=\"elementor-element elementor-element-81878f2 elementor-widget elementor-widget-heading\" data-id=\"81878f2\" data-element_type=\"widget\" data-e-type=\"widget\" data-widget_type=\"heading.default\">\n\t\t\t\t<div class=\"elementor-widget-container\">\n\t\t\t\t\t<h3 class=\"elementor-heading-title elementor-size-default\">Lcda. Amada Grefa<\/h3>\t\t\t\t<\/div>\n\t\t\t\t<\/div>\n\t\t\t\t<div class=\"elementor-element elementor-element-0726c6f elementor-widget__width-initial elementor-widget elementor-widget-text-editor\" data-id=\"0726c6f\" data-element_type=\"widget\" data-e-type=\"widget\" data-widget_type=\"text-editor.default\">\n\t\t\t\t<div class=\"elementor-widget-container\">\n\t\t\t\t\t\t\t\t\t<p>Amada Norma Grefa Tapuy naci\u00f3 en la comunidad San Mart\u00edn de la parroquia San Pablo el 10 de junio de 1981. Sus padres son: Humberto Grefa, Teresa Tapuy. Tuvo nueve hermanos, lamentablemente, cinco de ellos fallecieron. <span style=\"background-color: var(--ast-global-color-5); color: var(--ast-global-color-3); font-style: inherit; font-weight: inherit;\">En su ni\u00f1ez hubo varias necesidades b\u00e1sicas sobre todo con la alimentaci\u00f3n y educaci\u00f3n.&nbsp;<\/span><span style=\"background-color: var(--ast-global-color-5); color: var(--ast-global-color-3); font-style: inherit; font-weight: inherit;\">&nbsp;Ella es licenciada en Secretar\u00eda Gerencial, t\u00edtulo avalado por la Escuela Superior Polit\u00e9cnica de Chimborazo.<\/span><\/p>\n<p style=\"font-size: 16px; font-style: normal; font-weight: 400; margin: 0cm; background-image: initial; background-position: initial; background-size: initial; background-repeat: initial; background-attachment: initial; background-origin: initial; background-clip: initial;\">Por su esfuerzo propio y gracias a la representatividad de la Juventud de Archidona ingres\u00f3 a trabajar al Cabildo en 2009, en la \u00e9poca de Jos\u00e9 Toapanta, hoy, Prefecto de Napo.<\/p>\n<p style=\"font-size: 16px; font-style: normal; font-weight: 400; margin: 0cm; background-image: initial; background-position: initial; background-size: initial; background-repeat: initial; background-attachment: initial; background-origin: initial; background-clip: initial;\"><span style=\"background-color: var(--ast-global-color-5); color: var(--ast-global-color-3); font-style: inherit; font-weight: inherit;\">El pasado 15 de mayo de 2023 empez\u00f3 su periplo como m\u00e1xima Autoridad del cant\u00f3n Archidona. Los retos son varios, pero, hay algo en particular que anhela para su per\u00edodo 2023-2027, administrar con transparencia y honestidad.&nbsp;&nbsp;<\/span><span style=\"background-color: var(--ast-global-color-5); color: var(--ast-global-color-3); font-style: inherit; font-weight: inherit;\">Ella es Amada Grefa, una mujer kichwa de clase media-baja, hogare\u00f1a, con una humildad que resalta su personalidad.<\/span><\/p>\n<p><\/p>\t\t\t\t\t\t\t\t<\/div>\n\t\t\t\t<\/div>\n\t\t\t\t\t<\/div>\n\t\t<\/div>\n\t\t\t\t\t<\/div>\n\t\t<\/section>\n\t\t\t\t<section class=\"elementor-section elementor-top-section elementor-element elementor-element-50eeee0 elementor-section-boxed elementor-section-height-default elementor-section-height-default wpr-particle-no wpr-jarallax-no wpr-parallax-no wpr-sticky-section-no\" data-id=\"50eeee0\" data-element_type=\"section\" data-e-type=\"section\">\n\t\t\t\t\t\t<div class=\"elementor-container elementor-column-gap-default\">\n\t\t\t\t\t<div class=\"elementor-column elementor-col-100 elementor-top-column elementor-element elementor-element-1a6619c\" data-id=\"1a6619c\" data-element_type=\"column\" data-e-type=\"column\">\n\t\t\t<div class=\"elementor-widget-wrap elementor-element-populated\">\n\t\t\t\t\t\t<div class=\"elementor-element elementor-element-02445a2 elementor-widget elementor-widget-text-editor\" data-id=\"02445a2\" data-element_type=\"widget\" data-e-type=\"widget\" data-widget_type=\"text-editor.default\">\n\t\t\t\t<div class=\"elementor-widget-container\">\n\t\t\t\t\t\t\t\t\t<h2 class=\"elementor-heading-title elementor-size-default elementor-inline-editing pen\" style=\"font-style: normal; margin-bottom: 0px; text-align: center;\" data-elementor-setting-key=\"title\" data-pen-placeholder=\"Teclea aqu\u00ed...\">Concejales<\/h2>\t\t\t\t\t\t\t\t<\/div>\n\t\t\t\t<\/div>\n\t\t\t\t\t<\/div>\n\t\t<\/div>\n\t\t\t\t\t<\/div>\n\t\t<\/section>\n\t\t\t\t<section class=\"elementor-section elementor-top-section elementor-element elementor-element-4a8e23d elementor-section-boxed elementor-section-height-default elementor-section-height-default wpr-particle-no wpr-jarallax-no wpr-parallax-no wpr-sticky-section-no\" data-id=\"4a8e23d\" data-element_type=\"section\" data-e-type=\"section\">\n\t\t\t\t\t\t<div class=\"elementor-container elementor-column-gap-default\">\n\t\t\t\t\t<div class=\"elementor-column elementor-col-100 elementor-top-column elementor-element elementor-element-baf4ed2\" data-id=\"baf4ed2\" data-element_type=\"column\" data-e-type=\"column\">\n\t\t\t<div class=\"elementor-widget-wrap\">\n\t\t\t\t\t\t\t<\/div>\n\t\t<\/div>\n\t\t\t\t\t<\/div>\n\t\t<\/section>\n\t\t\t\t<section class=\"elementor-section elementor-top-section elementor-element elementor-element-081e5f1 elementor-section-boxed elementor-section-height-default elementor-section-height-default wpr-particle-no wpr-jarallax-no wpr-parallax-no wpr-sticky-section-no\" data-id=\"081e5f1\" data-element_type=\"section\" data-e-type=\"section\">\n\t\t\t\t\t\t<div class=\"elementor-container elementor-column-gap-default\">\n\t\t\t\t\t<div class=\"elementor-column elementor-col-20 elementor-top-column elementor-element elementor-element-85801fd\" data-id=\"85801fd\" data-element_type=\"column\" data-e-type=\"column\">\n\t\t\t<div class=\"elementor-widget-wrap elementor-element-populated\">\n\t\t\t\t\t\t<div class=\"elementor-element elementor-element-4d500f3 elementor-widget elementor-widget-image\" data-id=\"4d500f3\" data-element_type=\"widget\" data-e-type=\"widget\" data-widget_type=\"image.default\">\n\t\t\t\t<div class=\"elementor-widget-container\">\n\t\t\t\t\t\t\t\t\t\t\t\t\t\t\t<img decoding=\"async\" width=\"1024\" height=\"683\" src=\"https:\/\/archidona.gob.ec\/wp-content\/uploads\/2023\/09\/TARCISIO-SHIGUANGO-1024x683.jpg\" class=\"attachment-large size-large wp-image-3386\" alt=\"\" srcset=\"https:\/\/archidona.gob.ec\/wp-content\/uploads\/2023\/09\/TARCISIO-SHIGUANGO-1024x683.jpg 1024w, https:\/\/archidona.gob.ec\/wp-content\/uploads\/2023\/09\/TARCISIO-SHIGUANGO-300x200.jpg 300w, https:\/\/archidona.gob.ec\/wp-content\/uploads\/2023\/09\/TARCISIO-SHIGUANGO-768x512.jpg 768w, https:\/\/archidona.gob.ec\/wp-content\/uploads\/2023\/09\/TARCISIO-SHIGUANGO-1536x1024.jpg 1536w, https:\/\/archidona.gob.ec\/wp-content\/uploads\/2023\/09\/TARCISIO-SHIGUANGO-2048x1365.jpg 2048w, https:\/\/archidona.gob.ec\/wp-content\/uploads\/2023\/09\/TARCISIO-SHIGUANGO-18x12.jpg 18w\" sizes=\"(max-width: 1024px) 100vw, 1024px\" \/>\t\t\t\t\t\t\t\t\t\t\t\t\t\t\t<\/div>\n\t\t\t\t<\/div>\n\t\t\t\t<div class=\"elementor-element elementor-element-53c9c36 elementor-widget elementor-widget-spacer\" data-id=\"53c9c36\" data-element_type=\"widget\" data-e-type=\"widget\" data-widget_type=\"spacer.default\">\n\t\t\t\t<div class=\"elementor-widget-container\">\n\t\t\t\t\t\t\t<div class=\"elementor-spacer\">\n\t\t\t<div class=\"elementor-spacer-inner\"><\/div>\n\t\t<\/div>\n\t\t\t\t\t\t<\/div>\n\t\t\t\t<\/div>\n\t\t\t\t<div class=\"elementor-element elementor-element-4bf9740 elementor-widget elementor-widget-heading\" data-id=\"4bf9740\" data-element_type=\"widget\" data-e-type=\"widget\" data-widget_type=\"heading.default\">\n\t\t\t\t<div class=\"elementor-widget-container\">\n\t\t\t\t\t<h6 class=\"elementor-heading-title elementor-size-default\">Tnlgo. Tarcisio Shiguango<\/h6>\t\t\t\t<\/div>\n\t\t\t\t<\/div>\n\t\t\t\t\t<\/div>\n\t\t<\/div>\n\t\t\t\t<div class=\"elementor-column elementor-col-20 elementor-top-column elementor-element elementor-element-687e594\" data-id=\"687e594\" data-element_type=\"column\" data-e-type=\"column\">\n\t\t\t<div class=\"elementor-widget-wrap elementor-element-populated\">\n\t\t\t\t\t\t<div class=\"elementor-element elementor-element-9e5f50e elementor-widget elementor-widget-image\" data-id=\"9e5f50e\" data-element_type=\"widget\" data-e-type=\"widget\" data-widget_type=\"image.default\">\n\t\t\t\t<div class=\"elementor-widget-container\">\n\t\t\t\t\t\t\t\t\t\t\t\t\t\t\t<img decoding=\"async\" width=\"1024\" height=\"683\" src=\"https:\/\/archidona.gob.ec\/wp-content\/uploads\/2023\/09\/EULALIA-RUBIO-1024x683.jpg\" class=\"attachment-large size-large wp-image-3382\" alt=\"\" srcset=\"https:\/\/archidona.gob.ec\/wp-content\/uploads\/2023\/09\/EULALIA-RUBIO-1024x683.jpg 1024w, https:\/\/archidona.gob.ec\/wp-content\/uploads\/2023\/09\/EULALIA-RUBIO-300x200.jpg 300w, https:\/\/archidona.gob.ec\/wp-content\/uploads\/2023\/09\/EULALIA-RUBIO-768x512.jpg 768w, https:\/\/archidona.gob.ec\/wp-content\/uploads\/2023\/09\/EULALIA-RUBIO-1536x1024.jpg 1536w, https:\/\/archidona.gob.ec\/wp-content\/uploads\/2023\/09\/EULALIA-RUBIO-2048x1365.jpg 2048w, https:\/\/archidona.gob.ec\/wp-content\/uploads\/2023\/09\/EULALIA-RUBIO-18x12.jpg 18w\" sizes=\"(max-width: 1024px) 100vw, 1024px\" \/>\t\t\t\t\t\t\t\t\t\t\t\t\t\t\t<\/div>\n\t\t\t\t<\/div>\n\t\t\t\t<div class=\"elementor-element elementor-element-f554b80 elementor-widget elementor-widget-spacer\" data-id=\"f554b80\" data-element_type=\"widget\" data-e-type=\"widget\" data-widget_type=\"spacer.default\">\n\t\t\t\t<div class=\"elementor-widget-container\">\n\t\t\t\t\t\t\t<div class=\"elementor-spacer\">\n\t\t\t<div class=\"elementor-spacer-inner\"><\/div>\n\t\t<\/div>\n\t\t\t\t\t\t<\/div>\n\t\t\t\t<\/div>\n\t\t\t\t<div class=\"elementor-element elementor-element-6cce580 elementor-widget__width-initial elementor-widget elementor-widget-heading\" data-id=\"6cce580\" data-element_type=\"widget\" data-e-type=\"widget\" data-widget_type=\"heading.default\">\n\t\t\t\t<div class=\"elementor-widget-container\">\n\t\t\t\t\t<h6 class=\"elementor-heading-title elementor-size-small\">Sra. Eulalia Rubio<\/h6>\t\t\t\t<\/div>\n\t\t\t\t<\/div>\n\t\t\t\t\t<\/div>\n\t\t<\/div>\n\t\t\t\t<div class=\"elementor-column elementor-col-20 elementor-top-column elementor-element elementor-element-5b73a77\" data-id=\"5b73a77\" data-element_type=\"column\" data-e-type=\"column\">\n\t\t\t<div class=\"elementor-widget-wrap elementor-element-populated\">\n\t\t\t\t\t\t<div class=\"elementor-element elementor-element-4648842 elementor-widget elementor-widget-image\" data-id=\"4648842\" data-element_type=\"widget\" data-e-type=\"widget\" data-widget_type=\"image.default\">\n\t\t\t\t<div class=\"elementor-widget-container\">\n\t\t\t\t\t\t\t\t\t\t\t\t\t\t\t<img loading=\"lazy\" decoding=\"async\" width=\"1024\" height=\"683\" src=\"https:\/\/archidona.gob.ec\/wp-content\/uploads\/2023\/09\/JANETH-GREFA-1024x683.jpg\" class=\"attachment-large size-large wp-image-3383\" alt=\"\" srcset=\"https:\/\/archidona.gob.ec\/wp-content\/uploads\/2023\/09\/JANETH-GREFA-1024x683.jpg 1024w, https:\/\/archidona.gob.ec\/wp-content\/uploads\/2023\/09\/JANETH-GREFA-300x200.jpg 300w, https:\/\/archidona.gob.ec\/wp-content\/uploads\/2023\/09\/JANETH-GREFA-768x512.jpg 768w, https:\/\/archidona.gob.ec\/wp-content\/uploads\/2023\/09\/JANETH-GREFA-1536x1024.jpg 1536w, https:\/\/archidona.gob.ec\/wp-content\/uploads\/2023\/09\/JANETH-GREFA-2048x1365.jpg 2048w, https:\/\/archidona.gob.ec\/wp-content\/uploads\/2023\/09\/JANETH-GREFA-18x12.jpg 18w\" sizes=\"(max-width: 1024px) 100vw, 1024px\" \/>\t\t\t\t\t\t\t\t\t\t\t\t\t\t\t<\/div>\n\t\t\t\t<\/div>\n\t\t\t\t<div class=\"elementor-element elementor-element-93f0391 elementor-widget elementor-widget-spacer\" data-id=\"93f0391\" data-element_type=\"widget\" data-e-type=\"widget\" data-widget_type=\"spacer.default\">\n\t\t\t\t<div class=\"elementor-widget-container\">\n\t\t\t\t\t\t\t<div class=\"elementor-spacer\">\n\t\t\t<div class=\"elementor-spacer-inner\"><\/div>\n\t\t<\/div>\n\t\t\t\t\t\t<\/div>\n\t\t\t\t<\/div>\n\t\t\t\t<div class=\"elementor-element elementor-element-c5ca6c2 elementor-widget elementor-widget-heading\" data-id=\"c5ca6c2\" data-element_type=\"widget\" data-e-type=\"widget\" data-widget_type=\"heading.default\">\n\t\t\t\t<div class=\"elementor-widget-container\">\n\t\t\t\t\t<h6 class=\"elementor-heading-title elementor-size-default\">Abg. Janeth Grefa<\/h6>\t\t\t\t<\/div>\n\t\t\t\t<\/div>\n\t\t\t\t\t<\/div>\n\t\t<\/div>\n\t\t\t\t<div class=\"elementor-column elementor-col-20 elementor-top-column elementor-element elementor-element-238c4f9\" data-id=\"238c4f9\" data-element_type=\"column\" data-e-type=\"column\">\n\t\t\t<div class=\"elementor-widget-wrap elementor-element-populated\">\n\t\t\t\t\t\t<div class=\"elementor-element elementor-element-4a17948 elementor-widget elementor-widget-image\" data-id=\"4a17948\" data-element_type=\"widget\" data-e-type=\"widget\" data-widget_type=\"image.default\">\n\t\t\t\t<div class=\"elementor-widget-container\">\n\t\t\t\t\t\t\t\t\t\t\t\t\t\t\t<img loading=\"lazy\" decoding=\"async\" width=\"1024\" height=\"683\" src=\"https:\/\/archidona.gob.ec\/wp-content\/uploads\/2023\/09\/JONATHAN-MACAS-1024x683.jpg\" class=\"attachment-large size-large wp-image-3384\" alt=\"\" srcset=\"https:\/\/archidona.gob.ec\/wp-content\/uploads\/2023\/09\/JONATHAN-MACAS-1024x683.jpg 1024w, https:\/\/archidona.gob.ec\/wp-content\/uploads\/2023\/09\/JONATHAN-MACAS-300x200.jpg 300w, https:\/\/archidona.gob.ec\/wp-content\/uploads\/2023\/09\/JONATHAN-MACAS-768x512.jpg 768w, https:\/\/archidona.gob.ec\/wp-content\/uploads\/2023\/09\/JONATHAN-MACAS-1536x1024.jpg 1536w, https:\/\/archidona.gob.ec\/wp-content\/uploads\/2023\/09\/JONATHAN-MACAS-2048x1365.jpg 2048w, https:\/\/archidona.gob.ec\/wp-content\/uploads\/2023\/09\/JONATHAN-MACAS-18x12.jpg 18w\" sizes=\"(max-width: 1024px) 100vw, 1024px\" \/>\t\t\t\t\t\t\t\t\t\t\t\t\t\t\t<\/div>\n\t\t\t\t<\/div>\n\t\t\t\t<div class=\"elementor-element elementor-element-1d9a26e elementor-widget elementor-widget-spacer\" data-id=\"1d9a26e\" data-element_type=\"widget\" data-e-type=\"widget\" data-widget_type=\"spacer.default\">\n\t\t\t\t<div class=\"elementor-widget-container\">\n\t\t\t\t\t\t\t<div class=\"elementor-spacer\">\n\t\t\t<div class=\"elementor-spacer-inner\"><\/div>\n\t\t<\/div>\n\t\t\t\t\t\t<\/div>\n\t\t\t\t<\/div>\n\t\t\t\t<div class=\"elementor-element elementor-element-3d6df8d elementor-widget elementor-widget-heading\" data-id=\"3d6df8d\" data-element_type=\"widget\" data-e-type=\"widget\" data-widget_type=\"heading.default\">\n\t\t\t\t<div class=\"elementor-widget-container\">\n\t\t\t\t\t<h6 class=\"elementor-heading-title elementor-size-default\">Mgs. Jonathan Macas<\/h6>\t\t\t\t<\/div>\n\t\t\t\t<\/div>\n\t\t\t\t\t<\/div>\n\t\t<\/div>\n\t\t\t\t<div class=\"elementor-column elementor-col-20 elementor-top-column elementor-element elementor-element-d398d0c\" data-id=\"d398d0c\" data-element_type=\"column\" data-e-type=\"column\">\n\t\t\t<div class=\"elementor-widget-wrap elementor-element-populated\">\n\t\t\t\t\t\t<div class=\"elementor-element elementor-element-eccf616 elementor-widget elementor-widget-image\" data-id=\"eccf616\" data-element_type=\"widget\" data-e-type=\"widget\" data-widget_type=\"image.default\">\n\t\t\t\t<div class=\"elementor-widget-container\">\n\t\t\t\t\t\t\t\t\t\t\t\t\t\t\t<img loading=\"lazy\" decoding=\"async\" width=\"1024\" height=\"683\" src=\"https:\/\/archidona.gob.ec\/wp-content\/uploads\/2023\/09\/ROSA-ALVARADO-1024x683.jpg\" class=\"attachment-large size-large wp-image-3385\" alt=\"\" srcset=\"https:\/\/archidona.gob.ec\/wp-content\/uploads\/2023\/09\/ROSA-ALVARADO-1024x683.jpg 1024w, https:\/\/archidona.gob.ec\/wp-content\/uploads\/2023\/09\/ROSA-ALVARADO-300x200.jpg 300w, https:\/\/archidona.gob.ec\/wp-content\/uploads\/2023\/09\/ROSA-ALVARADO-768x512.jpg 768w, https:\/\/archidona.gob.ec\/wp-content\/uploads\/2023\/09\/ROSA-ALVARADO-1536x1024.jpg 1536w, https:\/\/archidona.gob.ec\/wp-content\/uploads\/2023\/09\/ROSA-ALVARADO-2048x1365.jpg 2048w, https:\/\/archidona.gob.ec\/wp-content\/uploads\/2023\/09\/ROSA-ALVARADO-18x12.jpg 18w\" sizes=\"(max-width: 1024px) 100vw, 1024px\" \/>\t\t\t\t\t\t\t\t\t\t\t\t\t\t\t<\/div>\n\t\t\t\t<\/div>\n\t\t\t\t<div class=\"elementor-element elementor-element-2e9ae02 elementor-widget elementor-widget-spacer\" data-id=\"2e9ae02\" data-element_type=\"widget\" data-e-type=\"widget\" data-widget_type=\"spacer.default\">\n\t\t\t\t<div class=\"elementor-widget-container\">\n\t\t\t\t\t\t\t<div class=\"elementor-spacer\">\n\t\t\t<div class=\"elementor-spacer-inner\"><\/div>\n\t\t<\/div>\n\t\t\t\t\t\t<\/div>\n\t\t\t\t<\/div>\n\t\t\t\t<div class=\"elementor-element elementor-element-f73c3e6 elementor-widget elementor-widget-heading\" data-id=\"f73c3e6\" data-element_type=\"widget\" data-e-type=\"widget\" data-widget_type=\"heading.default\">\n\t\t\t\t<div class=\"elementor-widget-container\">\n\t\t\t\t\t<h6 class=\"elementor-heading-title elementor-size-default\">Dra. Rosa Alvarado<\/h6>\t\t\t\t<\/div>\n\t\t\t\t<\/div>\n\t\t\t\t\t<\/div>\n\t\t<\/div>\n\t\t\t\t\t<\/div>\n\t\t<\/section>\n\t\t\t\t<\/div>","protected":false},"excerpt":{"rendered":"<p>Autoridades Descargar la Biograf\u00eda AQUI!! Alcaldesa Lcda. Amada Grefa Amada Norma Grefa Tapuy naci\u00f3 en la comunidad San Mart\u00edn de la parroquia San Pablo el 10 de junio de 1981. Sus padres son: Humberto Grefa, Teresa Tapuy. Tuvo nueve hermanos, lamentablemente, cinco de ellos fallecieron. En su ni\u00f1ez hubo varias necesidades b\u00e1sicas sobre todo con la alimentaci\u00f3n y educaci\u00f3n.&nbsp;&nbsp;Ella es licenciada en Secretar\u00eda Gerencial, t\u00edtulo avalado por la Escuela Superior Polit\u00e9cnica de Chimborazo. Por su esfuerzo propio y gracias a la representatividad de la Juventud de Archidona ingres\u00f3 a trabajar al Cabildo en 2009, en la \u00e9poca de Jos\u00e9 Toapanta, hoy, Prefecto de Napo. El pasado 15 de mayo de 2023 empez\u00f3 su periplo como m\u00e1xima Autoridad del cant\u00f3n Archidona. Los retos son varios, pero, hay algo en particular que anhela para su per\u00edodo 2023-2027, administrar con transparencia y honestidad.&nbsp;&nbsp;Ella es Amada Grefa, una mujer kichwa de clase media-baja, hogare\u00f1a, con una humildad que resalta su personalidad. Concejales Tnlgo. Tarcisio Shiguango Sra. Eulalia Rubio Abg. Janeth Grefa Mgs. Jonathan Macas Dra. Rosa Alvarado<\/p>","protected":false},"author":1,"featured_media":0,"parent":0,"menu_order":0,"comment_status":"closed","ping_status":"closed","template":"","meta":{"site-sidebar-layout":"no-sidebar","site-content-layout":"page-builder","ast-site-content-layout":"","site-content-style":"default","site-sidebar-style":"default","ast-global-header-display":"","ast-banner-title-visibility":"","ast-main-header-display":"","ast-hfb-above-header-display":"","ast-hfb-below-header-display":"","ast-hfb-mobile-header-display":"","site-post-title":"disabled","ast-breadcrumbs-content":"","ast-featured-img":"disabled","footer-sml-layout":"","theme-transparent-header-meta":"default","adv-header-id-meta":"","stick-header-meta":"","header-above-stick-meta":"","header-main-stick-meta":"","header-below-stick-meta":"","astra-migrate-meta-layouts":"default","ast-page-background-enabled":"default","ast-page-background-meta":{"desktop":{"background-color":"var(--ast-global-color-4)","background-image":"","background-repeat":"repeat","background-position":"center center","background-size":"auto","background-attachment":"scroll","background-type":"","background-media":"","overlay-type":"","overlay-color":"","overlay-opacity":"","overlay-gradient":""},"tablet":{"background-color":"","background-image":"","background-repeat":"repeat","background-position":"center center","background-size":"auto","background-attachment":"scroll","background-type":"","background-media":"","overlay-type":"","overlay-color":"","overlay-opacity":"","overlay-gradient":""},"mobile":{"background-color":"","background-image":"","background-repeat":"repeat","background-position":"center center","background-size":"auto","background-attachment":"scroll","background-type":"","background-media":"","overlay-type":"","overlay-color":"","overlay-opacity":"","overlay-gradient":""}},"ast-content-background-meta":{"desktop":{"background-color":"var(--ast-global-color-5)","background-image":"","background-repeat":"repeat","background-position":"center center","background-size":"auto","background-attachment":"scroll","background-type":"","background-media":"","overlay-type":"","overlay-color":"","overlay-opacity":"","overlay-gradient":""},"tablet":{"background-color":"var(--ast-global-color-5)","background-image":"","background-repeat":"repeat","background-position":"center center","background-size":"auto","background-attachment":"scroll","background-type":"","background-media":"","overlay-type":"","overlay-color":"","overlay-opacity":"","overlay-gradient":""},"mobile":{"background-color":"var(--ast-global-color-5)","background-image":"","background-repeat":"repeat","background-position":"center center","background-size":"auto","background-attachment":"scroll","background-type":"","background-media":"","overlay-type":"","overlay-color":"","overlay-opacity":"","overlay-gradient":""}},"footnotes":""},"class_list":["post-2184","page","type-page","status-publish","hentry"],"_links":{"self":[{"href":"https:\/\/archidona.gob.ec\/en\/wp-json\/wp\/v2\/pages\/2184","targetHints":{"allow":["GET"]}}],"collection":[{"href":"https:\/\/archidona.gob.ec\/en\/wp-json\/wp\/v2\/pages"}],"about":[{"href":"https:\/\/archidona.gob.ec\/en\/wp-json\/wp\/v2\/types\/page"}],"author":[{"embeddable":true,"href":"https:\/\/archidona.gob.ec\/en\/wp-json\/wp\/v2\/users\/1"}],"replies":[{"embeddable":true,"href":"https:\/\/archidona.gob.ec\/en\/wp-json\/wp\/v2\/comments?post=2184"}],"version-history":[{"count":94,"href":"https:\/\/archidona.gob.ec\/en\/wp-json\/wp\/v2\/pages\/2184\/revisions"}],"predecessor-version":[{"id":3398,"href":"https:\/\/archidona.gob.ec\/en\/wp-json\/wp\/v2\/pages\/2184\/revisions\/3398"}],"wp:attachment":[{"href":"https:\/\/archidona.gob.ec\/en\/wp-json\/wp\/v2\/media?parent=2184"}],"curies":[{"name":"wp","href":"https:\/\/api.w.org\/{rel}","templated":true}]}}