{"id":2360,"date":"2023-01-26T23:40:34","date_gmt":"2023-01-26T23:40:34","guid":{"rendered":"https:\/\/archidona.gob.ec\/?page_id=2360"},"modified":"2023-03-24T17:18:51","modified_gmt":"2023-03-24T17:18:51","slug":"fotografia","status":"publish","type":"page","link":"https:\/\/archidona.gob.ec\/en\/fotografia\/","title":{"rendered":"Photography"},"content":{"rendered":"<div data-elementor-type=\"wp-page\" data-elementor-id=\"2360\" class=\"elementor elementor-2360\" data-elementor-post-type=\"page\">\n\t\t\t\t\t\t<section class=\"elementor-section elementor-top-section elementor-element elementor-element-28ba827 elementor-section-boxed elementor-section-height-default elementor-section-height-default wpr-particle-no wpr-jarallax-no wpr-parallax-no wpr-sticky-section-no\" data-id=\"28ba827\" data-element_type=\"section\" data-e-type=\"section\" data-settings=\"{&quot;background_background&quot;:&quot;classic&quot;}\">\n\t\t\t\t\t\t\t<div class=\"elementor-background-overlay\"><\/div>\n\t\t\t\t\t\t\t<div class=\"elementor-container elementor-column-gap-default\">\n\t\t\t\t\t<div class=\"elementor-column elementor-col-100 elementor-top-column elementor-element elementor-element-d290524\" data-id=\"d290524\" data-element_type=\"column\" data-e-type=\"column\">\n\t\t\t<div class=\"elementor-widget-wrap elementor-element-populated\">\n\t\t\t\t\t\t<section class=\"elementor-section elementor-inner-section elementor-element elementor-element-78955eb elementor-section-boxed elementor-section-height-default elementor-section-height-default wpr-particle-no wpr-jarallax-no wpr-parallax-no wpr-sticky-section-no\" data-id=\"78955eb\" data-element_type=\"section\" data-e-type=\"section\">\n\t\t\t\t\t\t<div class=\"elementor-container elementor-column-gap-default\">\n\t\t\t\t\t<div class=\"elementor-column elementor-col-100 elementor-inner-column elementor-element elementor-element-01f30cb\" data-id=\"01f30cb\" data-element_type=\"column\" data-e-type=\"column\">\n\t\t\t<div class=\"elementor-widget-wrap elementor-element-populated\">\n\t\t\t\t\t\t<div class=\"elementor-element elementor-element-9431aa3 elementor-widget elementor-widget-heading\" data-id=\"9431aa3\" data-element_type=\"widget\" data-e-type=\"widget\" data-widget_type=\"heading.default\">\n\t\t\t\t<div class=\"elementor-widget-container\">\n\t\t\t\t\t<h2 class=\"elementor-heading-title elementor-size-default\">Photography<\/h2>\t\t\t\t<\/div>\n\t\t\t\t<\/div>\n\t\t\t\t\t<\/div>\n\t\t<\/div>\n\t\t\t\t\t<\/div>\n\t\t<\/section>\n\t\t\t\t\t<\/div>\n\t\t<\/div>\n\t\t\t\t\t<\/div>\n\t\t<\/section>\n\t\t\t\t<section class=\"elementor-section elementor-top-section elementor-element elementor-element-c8c63a8 elementor-section-boxed elementor-section-height-default elementor-section-height-default wpr-particle-no wpr-jarallax-no wpr-parallax-no wpr-sticky-section-no\" data-id=\"c8c63a8\" data-element_type=\"section\" data-e-type=\"section\">\n\t\t\t\t\t\t<div class=\"elementor-container elementor-column-gap-default\">\n\t\t\t\t\t<div class=\"elementor-column elementor-col-100 elementor-top-column elementor-element elementor-element-4e26d4b\" data-id=\"4e26d4b\" data-element_type=\"column\" data-e-type=\"column\">\n\t\t\t<div class=\"elementor-widget-wrap elementor-element-populated\">\n\t\t\t\t\t\t<section class=\"elementor-section elementor-inner-section elementor-element elementor-element-ce14851 elementor-section-boxed elementor-section-height-default elementor-section-height-default wpr-particle-no wpr-jarallax-no wpr-parallax-no wpr-sticky-section-no\" data-id=\"ce14851\" data-element_type=\"section\" data-e-type=\"section\">\n\t\t\t\t\t\t<div class=\"elementor-container elementor-column-gap-default\">\n\t\t\t\t\t<div class=\"elementor-column elementor-col-100 elementor-inner-column elementor-element elementor-element-9cdff46\" data-id=\"9cdff46\" data-element_type=\"column\" data-e-type=\"column\">\n\t\t\t<div class=\"elementor-widget-wrap elementor-element-populated\">\n\t\t\t\t\t\t<div class=\"elementor-element elementor-element-53f8b9c elementor-tabs-view-vertical elementor-widget elementor-widget-tabs\" data-id=\"53f8b9c\" data-element_type=\"widget\" data-e-type=\"widget\" data-widget_type=\"tabs.default\">\n\t\t\t\t<div class=\"elementor-widget-container\">\n\t\t\t\t\t\t\t<div class=\"elementor-tabs\">\n\t\t\t<div class=\"elementor-tabs-wrapper\" role=\"tablist\" >\n\t\t\t\t\t\t\t\t\t<div id=\"elementor-tab-title-8801\" class=\"elementor-tab-title elementor-tab-desktop-title\" aria-selected=\"true\" data-tab=\"1\" role=\"tab\" tabindex=\"0\" aria-controls=\"elementor-tab-content-8801\" aria-expanded=\"false\">MURAL MUNICIPAL CONORIS<\/div>\n\t\t\t\t\t\t\t\t\t<div id=\"elementor-tab-title-8802\" class=\"elementor-tab-title elementor-tab-desktop-title\" aria-selected=\"false\" data-tab=\"2\" role=\"tab\" tabindex=\"-1\" aria-controls=\"elementor-tab-content-8802\" aria-expanded=\"false\">PINTURAS CON PIGMENTOS VEGETALES<\/div>\n\t\t\t\t\t\t\t<\/div>\n\t\t\t<div class=\"elementor-tabs-content-wrapper\" role=\"tablist\" aria-orientation=\"vertical\">\n\t\t\t\t\t\t\t\t\t<div class=\"elementor-tab-title elementor-tab-mobile-title\" aria-selected=\"true\" data-tab=\"1\" role=\"tab\" tabindex=\"0\" aria-controls=\"elementor-tab-content-8801\" aria-expanded=\"false\">MURAL MUNICIPAL CONORIS<\/div>\n\t\t\t\t\t<div id=\"elementor-tab-content-8801\" class=\"elementor-tab-content elementor-clearfix\" data-tab=\"1\" role=\"tabpanel\" aria-labelledby=\"elementor-tab-title-8801\" tabindex=\"0\" hidden=\"false\"><p><strong>\u00bfC\u00f3mo llegar?<\/strong>\u00a0Desde el Tena se puede llegar por una v\u00eda pavimentada E45, hasta el cant\u00f3n Archidona, este arte lo encontramos en la municipalidad.<br \/><br \/><strong>Actividades que se pueden realizar:<\/strong>\u00a0City by night (vincular con iglesia y parque), Interpretaci\u00f3n cultural, Fotograf\u00eda.<br \/><br \/>\u00a0<strong>Descripci\u00f3n del atractivo:<\/strong>\u00a0El mural CONORIS es obra del maestro escultor Oscar Carri\u00f3n, de 12 metros de altura por 10 metros de ancho aproximadamente, se lo exhibe en la fachada frontal del Ilustre Municipio de Archidona. El cual representa la convivencia del pueblo del cant\u00f3n Archidona con la madre selva o PACHAMAMA.<br \/><br \/><strong>Recomendaciones:<\/strong>\u00a0Ropa ligera y c\u00e1mara fotogr\u00e1\ufb01ca<br \/><br \/><strong>Contacto:<\/strong>\u00a0GAD Municipal de Archidona<br \/><strong>Tel\u00e9fono<\/strong>: 062889159<\/p><\/div>\n\t\t\t\t\t\t\t\t\t<div class=\"elementor-tab-title elementor-tab-mobile-title\" aria-selected=\"false\" data-tab=\"2\" role=\"tab\" tabindex=\"-1\" aria-controls=\"elementor-tab-content-8802\" aria-expanded=\"false\">PINTURAS CON PIGMENTOS VEGETALES<\/div>\n\t\t\t\t\t<div id=\"elementor-tab-content-8802\" class=\"elementor-tab-content elementor-clearfix\" data-tab=\"2\" role=\"tabpanel\" aria-labelledby=\"elementor-tab-title-8802\" tabindex=\"0\" hidden=\"hidden\"><p><strong>\u00bfC\u00f3mo llegar?:\u00a0<\/strong>El taller del maestro El\u00edas Mamallacta se encuentra a 2 km de Archidona v\u00eda Pivichikta.<br \/><br \/><strong>Actividades que se pueden realizar:<\/strong>\u00a0Interpretaci\u00f3n y observaci\u00f3n del arte gr\u00e1\ufb01co.<br \/><br \/><strong>Descripci\u00f3n del atractivo:<\/strong>\u00a0Las obras pict\u00f3ricas es realizado por el \u00a0maestro\u00a0 El\u00edas Armando Mamallacta Alvarado de 57 a\u00f1os de edad, un Kichwa amaz\u00f3nico dedicado desde peque\u00f1o a pintar cuadros utilizando pinturas vegetales como pigmentos del achote, sangre de grado, pigmento de plantas. El\u00edas plasma en sus cuadros la naturaleza de la \u00a0Amazon\u00eda ecuatoriana, para lo cual antes de empezar a elaborar las pinturas realiza un rito ceremonial\u00a0 la toma de ayahuasca para inspirar y plasmar lo que los dioses de la selva le indican. Arte heredado por parte de sus abuelos.<br \/><br \/><strong>Recomendaciones:<\/strong>\u00a0Llevar c\u00e1mara fotogr\u00e1\ufb01ca.<br \/><br \/><strong>Contacto:<\/strong>\u00a0El\u00edas Mamallacta\u00a0\u00a0\u00a0\u00a0\u00a0\u00a0\u00a0\u00a0<strong>Tel\u00e9fono:<\/strong>\u00a00980456942<\/p><\/div>\n\t\t\t\t\t\t\t<\/div>\n\t\t<\/div>\n\t\t\t\t\t\t<\/div>\n\t\t\t\t<\/div>\n\t\t\t\t\t<\/div>\n\t\t<\/div>\n\t\t\t\t\t<\/div>\n\t\t<\/section>\n\t\t\t\t\t<\/div>\n\t\t<\/div>\n\t\t\t\t\t<\/div>\n\t\t<\/section>\n\t\t\t\t<\/div>","protected":false},"excerpt":{"rendered":"<p>Fotograf\u00eda MURAL MUNICIPAL CONORIS PINTURAS CON PIGMENTOS VEGETALES MURAL MUNICIPAL CONORIS \u00bfC\u00f3mo llegar?\u00a0Desde el Tena se puede llegar por una v\u00eda pavimentada E45, hasta el cant\u00f3n Archidona, este arte lo encontramos en la municipalidad. Actividades que se pueden realizar:\u00a0City by night (vincular con iglesia y parque), Interpretaci\u00f3n cultural, Fotograf\u00eda. \u00a0Descripci\u00f3n del atractivo:\u00a0El mural CONORIS es obra del maestro escultor Oscar Carri\u00f3n, de 12 metros de altura por 10 metros de ancho aproximadamente, se lo exhibe en la fachada frontal del Ilustre Municipio de Archidona. El cual representa la convivencia del pueblo del cant\u00f3n Archidona con la madre selva o PACHAMAMA. Recomendaciones:\u00a0Ropa ligera y c\u00e1mara fotogr\u00e1\ufb01ca Contacto:\u00a0GAD Municipal de ArchidonaTel\u00e9fono: 062889159 PINTURAS CON PIGMENTOS VEGETALES \u00bfC\u00f3mo llegar?:\u00a0El taller del maestro El\u00edas Mamallacta se encuentra a 2 km de Archidona v\u00eda Pivichikta. Actividades que se pueden realizar:\u00a0Interpretaci\u00f3n y observaci\u00f3n del arte gr\u00e1\ufb01co. Descripci\u00f3n del atractivo:\u00a0Las obras pict\u00f3ricas es realizado por el \u00a0maestro\u00a0 El\u00edas Armando Mamallacta Alvarado de 57 a\u00f1os de edad, un Kichwa amaz\u00f3nico dedicado desde peque\u00f1o a pintar cuadros utilizando pinturas vegetales como pigmentos del achote, sangre de grado, pigmento de plantas. El\u00edas plasma en sus cuadros la naturaleza de la \u00a0Amazon\u00eda ecuatoriana, para lo cual antes de empezar a elaborar las pinturas realiza un rito ceremonial\u00a0 la toma de ayahuasca para inspirar y plasmar lo que los dioses de la selva le indican. Arte heredado por parte de sus abuelos. Recomendaciones:\u00a0Llevar c\u00e1mara fotogr\u00e1\ufb01ca. Contacto:\u00a0El\u00edas Mamallacta\u00a0\u00a0\u00a0\u00a0\u00a0\u00a0\u00a0\u00a0Tel\u00e9fono:\u00a00980456942<\/p>","protected":false},"author":1,"featured_media":0,"parent":0,"menu_order":0,"comment_status":"closed","ping_status":"closed","template":"","meta":{"site-sidebar-layout":"no-sidebar","site-content-layout":"page-builder","ast-site-content-layout":"","site-content-style":"default","site-sidebar-style":"default","ast-global-header-display":"","ast-banner-title-visibility":"","ast-main-header-display":"","ast-hfb-above-header-display":"","ast-hfb-below-header-display":"","ast-hfb-mobile-header-display":"","site-post-title":"disabled","ast-breadcrumbs-content":"","ast-featured-img":"disabled","footer-sml-layout":"","theme-transparent-header-meta":"default","adv-header-id-meta":"","stick-header-meta":"","header-above-stick-meta":"","header-main-stick-meta":"","header-below-stick-meta":"","astra-migrate-meta-layouts":"default","ast-page-background-enabled":"default","ast-page-background-meta":{"desktop":{"background-color":"var(--ast-global-color-4)","background-image":"","background-repeat":"repeat","background-position":"center center","background-size":"auto","background-attachment":"scroll","background-type":"","background-media":"","overlay-type":"","overlay-color":"","overlay-opacity":"","overlay-gradient":""},"tablet":{"background-color":"","background-image":"","background-repeat":"repeat","background-position":"center center","background-size":"auto","background-attachment":"scroll","background-type":"","background-media":"","overlay-type":"","overlay-color":"","overlay-opacity":"","overlay-gradient":""},"mobile":{"background-color":"","background-image":"","background-repeat":"repeat","background-position":"center center","background-size":"auto","background-attachment":"scroll","background-type":"","background-media":"","overlay-type":"","overlay-color":"","overlay-opacity":"","overlay-gradient":""}},"ast-content-background-meta":{"desktop":{"background-color":"var(--ast-global-color-5)","background-image":"","background-repeat":"repeat","background-position":"center center","background-size":"auto","background-attachment":"scroll","background-type":"","background-media":"","overlay-type":"","overlay-color":"","overlay-opacity":"","overlay-gradient":""},"tablet":{"background-color":"var(--ast-global-color-5)","background-image":"","background-repeat":"repeat","background-position":"center center","background-size":"auto","background-attachment":"scroll","background-type":"","background-media":"","overlay-type":"","overlay-color":"","overlay-opacity":"","overlay-gradient":""},"mobile":{"background-color":"var(--ast-global-color-5)","background-image":"","background-repeat":"repeat","background-position":"center center","background-size":"auto","background-attachment":"scroll","background-type":"","background-media":"","overlay-type":"","overlay-color":"","overlay-opacity":"","overlay-gradient":""}},"footnotes":""},"class_list":["post-2360","page","type-page","status-publish","hentry"],"_links":{"self":[{"href":"https:\/\/archidona.gob.ec\/en\/wp-json\/wp\/v2\/pages\/2360","targetHints":{"allow":["GET"]}}],"collection":[{"href":"https:\/\/archidona.gob.ec\/en\/wp-json\/wp\/v2\/pages"}],"about":[{"href":"https:\/\/archidona.gob.ec\/en\/wp-json\/wp\/v2\/types\/page"}],"author":[{"embeddable":true,"href":"https:\/\/archidona.gob.ec\/en\/wp-json\/wp\/v2\/users\/1"}],"replies":[{"embeddable":true,"href":"https:\/\/archidona.gob.ec\/en\/wp-json\/wp\/v2\/comments?post=2360"}],"version-history":[{"count":10,"href":"https:\/\/archidona.gob.ec\/en\/wp-json\/wp\/v2\/pages\/2360\/revisions"}],"predecessor-version":[{"id":2779,"href":"https:\/\/archidona.gob.ec\/en\/wp-json\/wp\/v2\/pages\/2360\/revisions\/2779"}],"wp:attachment":[{"href":"https:\/\/archidona.gob.ec\/en\/wp-json\/wp\/v2\/media?parent=2360"}],"curies":[{"name":"wp","href":"https:\/\/api.w.org\/{rel}","templated":true}]}}