{"id":2100,"date":"2023-01-19T23:43:55","date_gmt":"2023-01-19T23:43:55","guid":{"rendered":"https:\/\/archidona.gob.ec\/?page_id=2100"},"modified":"2023-04-04T17:32:28","modified_gmt":"2023-04-04T17:32:28","slug":"identidad","status":"publish","type":"page","link":"https:\/\/archidona.gob.ec\/ki\/identidad\/","title":{"rendered":"Identidad"},"content":{"rendered":"<div data-elementor-type=\"wp-page\" data-elementor-id=\"2100\" class=\"elementor elementor-2100\" data-elementor-post-type=\"page\">\n\t\t\t\t\t\t<section class=\"elementor-section elementor-top-section elementor-element elementor-element-28ba827 elementor-section-boxed elementor-section-height-default elementor-section-height-default wpr-particle-no wpr-jarallax-no wpr-parallax-no wpr-sticky-section-no\" data-id=\"28ba827\" data-element_type=\"section\" data-e-type=\"section\" data-settings=\"{&quot;background_background&quot;:&quot;classic&quot;}\">\n\t\t\t\t\t\t\t<div class=\"elementor-background-overlay\"><\/div>\n\t\t\t\t\t\t\t<div class=\"elementor-container elementor-column-gap-default\">\n\t\t\t\t\t<div class=\"elementor-column elementor-col-100 elementor-top-column elementor-element elementor-element-d290524\" data-id=\"d290524\" data-element_type=\"column\" data-e-type=\"column\">\n\t\t\t<div class=\"elementor-widget-wrap elementor-element-populated\">\n\t\t\t\t\t\t<section class=\"elementor-section elementor-inner-section elementor-element elementor-element-78955eb elementor-section-boxed elementor-section-height-default elementor-section-height-default wpr-particle-no wpr-jarallax-no wpr-parallax-no wpr-sticky-section-no\" data-id=\"78955eb\" data-element_type=\"section\" data-e-type=\"section\">\n\t\t\t\t\t\t<div class=\"elementor-container elementor-column-gap-default\">\n\t\t\t\t\t<div class=\"elementor-column elementor-col-100 elementor-inner-column elementor-element elementor-element-01f30cb\" data-id=\"01f30cb\" data-element_type=\"column\" data-e-type=\"column\">\n\t\t\t<div class=\"elementor-widget-wrap elementor-element-populated\">\n\t\t\t\t\t\t<div class=\"elementor-element elementor-element-9431aa3 elementor-widget elementor-widget-heading\" data-id=\"9431aa3\" data-element_type=\"widget\" data-e-type=\"widget\" data-widget_type=\"heading.default\">\n\t\t\t\t<div class=\"elementor-widget-container\">\n\t\t\t\t\t<h2 class=\"elementor-heading-title elementor-size-default\">\u00d1ukanchik Kausay<\/h2>\t\t\t\t<\/div>\n\t\t\t\t<\/div>\n\t\t\t\t\t<\/div>\n\t\t<\/div>\n\t\t\t\t\t<\/div>\n\t\t<\/section>\n\t\t\t\t\t<\/div>\n\t\t<\/div>\n\t\t\t\t\t<\/div>\n\t\t<\/section>\n\t\t\t\t<section class=\"elementor-section elementor-top-section elementor-element elementor-element-a387752 elementor-section-boxed elementor-section-height-default elementor-section-height-default wpr-particle-no wpr-jarallax-no wpr-parallax-no wpr-sticky-section-no\" data-id=\"a387752\" data-element_type=\"section\" data-e-type=\"section\">\n\t\t\t\t\t\t<div class=\"elementor-container elementor-column-gap-default\">\n\t\t\t\t\t<div class=\"elementor-column elementor-col-100 elementor-top-column elementor-element elementor-element-0d52bb5\" data-id=\"0d52bb5\" data-element_type=\"column\" data-e-type=\"column\">\n\t\t\t<div class=\"elementor-widget-wrap elementor-element-populated\">\n\t\t\t\t\t\t<div class=\"elementor-element elementor-element-472dab7 elementor-widget elementor-widget-text-editor\" data-id=\"472dab7\" data-element_type=\"widget\" data-e-type=\"widget\" data-widget_type=\"text-editor.default\">\n\t\t\t\t<div class=\"elementor-widget-container\">\n\t\t\t\t\t\t\t\t\t<p>Archidona kiti llallinmi kinsa pachay  kay Napu Markay sharinmi hatun allpakunara  3026,95 Km2 runakunay tupariunmi  24.696 chimanda  49,87% warmi kunamiashka shinallara  50,13% karikuna<br \/><br \/>Yaupa pachay Censo de Poblaci\u00f3n y Vivienda (INEC 2010) puriushkay riksichirianukami 83,7% kichwa runakuna, 13,6 % mishukuinta, 1,7% ruyakuinta 0,9 shuk wangurishka runakuna. Chaupi kuchu sharinmi 52,48% mishukunara shinallara 39,96% kichwa runakunara, kay rural partimi sharinmi 91, 68 aillullaktara shinallara 7,28% mishukuna karan tunu runakunami tiashka kay Archidona kitipi.<br \/><br \/>Archidona kiti charinmi chushku  kitili San Pablo de Ushpayaku, Cotundo, Hatun Sumaku, shinallara  Archidona.<br \/><br \/>68,12%  runakuna  rimanunmi kichwa shimita shinallara 38,69% rimanunmi mishu shimita  shuk kausaikuna tiashkami  Awa, Achuar, Cofan, Siona, Secoya, Shuar, Waorani, Zapara kausanunmi Archidona llaktapi.<br \/><br \/>Riksichik demogr\u00e1ficos riksichinunmi hatun llanganakunara kay Archidona llaktapi yaupakma pachay 2030 paktaungami  44.109 runakunama 80,33% kichwa runakunawa 17,2% mishukuna 1,41% ruyak 0,44%,  yanakuna  shuk<br \/><br \/>kay Archidona kuchupi, 0,832 wawakunami tiashka shinallara 76,01%;  wawas, warmis tiashkami 33 wata charikuna, ashka wawakunami tuparinun kay Archidona kitipi .<\/p>\t\t\t\t\t\t\t\t<\/div>\n\t\t\t\t<\/div>\n\t\t\t\t\t<\/div>\n\t\t<\/div>\n\t\t\t\t\t<\/div>\n\t\t<\/section>\n\t\t\t\t<\/div>","protected":false},"excerpt":{"rendered":"<p>Identidad Local Archidona es el tercer cant\u00f3n en extensi\u00f3n territorial de la provincia de Napo con 3026,95 Km2; habitado por 24.696 personas;\u00a0 de los cuales el 49,87% son mujeres y el 50,13% son hombres. Seg\u00fan el \u00faltimo Censo de Poblaci\u00f3n y Vivienda (INEC 2010), el 83,7% se identifican como Kichwa; 13,6% como mestizos, el 1,7% como blancos, y el 0,9% con otros grupos culturales. El \u00e1rea urbana es compartida por el 52,48% por la\u00a0 poblaci\u00f3n mestiza, y el 39,96% por la poblaci\u00f3n Kichwa; mientras que el \u00e1rea rural por el 91,68 de poblaci\u00f3n Kichwa y el 7,28% de poblaci\u00f3n mestiza. Los otros grupos se distribuyen indistintamente. Se divide administrativamente en cuatro parroquias que son: San Pablo de Ushpayaku, Cotundo, Hatun Sumaku, y Archidona, la cabecera principal. El 68,12% de la poblaci\u00f3n habla el idioma Kichwa, mientras que el 38,69% habla el castellano. Existen representantes de otras nacionalidades de manera minoritaria como los Awa, Achuar, Cofan, Siona, Secoya, Shuar, Waorani, Zapara, que llegaron a Archidona hace varios a\u00f1os atr\u00e1s, y se encuentran adaptados a la\u00a0 cultura local Los indicadores demogr\u00e1ficos permiten proyectar que la poblaci\u00f3n total del cant\u00f3n para el a\u00f1o 2030 llegar\u00eda a 44.109 personas; con el 80,33% de poblaci\u00f3n Kichwa el 17,2% de Mestizos, 1,41% blancos; 0,44%, afro ecuatorianos; el 0,62% de otras culturas. Los j\u00f3venes de 15 a 29 a\u00f1os representan el\u00a0 26,89% de la poblaci\u00f3n; la tasa de dependencia demogr\u00e1fica es de 0,832 por mil mientras que la tasa de dependencia\u00a0 infantil es de 76,01%;\u00a0 la raz\u00f3n ni\u00f1os-mujeres es de 33 menores de 5 a\u00f1os por cada 100 mujeres en edad f\u00e9rtil. La tasa de natalidad se estima en 19,96 por mil habitantes, la tasa de mortalidad en 5 por cada mil habitantes, el \u00edndice de feminidad es de 0,97%. El promedio de edad general de la poblaci\u00f3n del cant\u00f3n es de 23,52 a\u00f1os<\/p>","protected":false},"author":1,"featured_media":0,"parent":0,"menu_order":0,"comment_status":"closed","ping_status":"closed","template":"","meta":{"site-sidebar-layout":"no-sidebar","site-content-layout":"page-builder","ast-site-content-layout":"","site-content-style":"default","site-sidebar-style":"default","ast-global-header-display":"","ast-banner-title-visibility":"","ast-main-header-display":"","ast-hfb-above-header-display":"","ast-hfb-below-header-display":"","ast-hfb-mobile-header-display":"","site-post-title":"disabled","ast-breadcrumbs-content":"","ast-featured-img":"disabled","footer-sml-layout":"","theme-transparent-header-meta":"default","adv-header-id-meta":"","stick-header-meta":"","header-above-stick-meta":"","header-main-stick-meta":"","header-below-stick-meta":"","astra-migrate-meta-layouts":"default","ast-page-background-enabled":"default","ast-page-background-meta":{"desktop":{"background-color":"var(--ast-global-color-4)","background-image":"","background-repeat":"repeat","background-position":"center center","background-size":"auto","background-attachment":"scroll","background-type":"","background-media":"","overlay-type":"","overlay-color":"","overlay-opacity":"","overlay-gradient":""},"tablet":{"background-color":"","background-image":"","background-repeat":"repeat","background-position":"center center","background-size":"auto","background-attachment":"scroll","background-type":"","background-media":"","overlay-type":"","overlay-color":"","overlay-opacity":"","overlay-gradient":""},"mobile":{"background-color":"","background-image":"","background-repeat":"repeat","background-position":"center center","background-size":"auto","background-attachment":"scroll","background-type":"","background-media":"","overlay-type":"","overlay-color":"","overlay-opacity":"","overlay-gradient":""}},"ast-content-background-meta":{"desktop":{"background-color":"var(--ast-global-color-5)","background-image":"","background-repeat":"repeat","background-position":"center center","background-size":"auto","background-attachment":"scroll","background-type":"","background-media":"","overlay-type":"","overlay-color":"","overlay-opacity":"","overlay-gradient":""},"tablet":{"background-color":"var(--ast-global-color-5)","background-image":"","background-repeat":"repeat","background-position":"center center","background-size":"auto","background-attachment":"scroll","background-type":"","background-media":"","overlay-type":"","overlay-color":"","overlay-opacity":"","overlay-gradient":""},"mobile":{"background-color":"var(--ast-global-color-5)","background-image":"","background-repeat":"repeat","background-position":"center center","background-size":"auto","background-attachment":"scroll","background-type":"","background-media":"","overlay-type":"","overlay-color":"","overlay-opacity":"","overlay-gradient":""}},"footnotes":""},"class_list":["post-2100","page","type-page","status-publish","hentry"],"_links":{"self":[{"href":"https:\/\/archidona.gob.ec\/ki\/wp-json\/wp\/v2\/pages\/2100","targetHints":{"allow":["GET"]}}],"collection":[{"href":"https:\/\/archidona.gob.ec\/ki\/wp-json\/wp\/v2\/pages"}],"about":[{"href":"https:\/\/archidona.gob.ec\/ki\/wp-json\/wp\/v2\/types\/page"}],"author":[{"embeddable":true,"href":"https:\/\/archidona.gob.ec\/ki\/wp-json\/wp\/v2\/users\/1"}],"replies":[{"embeddable":true,"href":"https:\/\/archidona.gob.ec\/ki\/wp-json\/wp\/v2\/comments?post=2100"}],"version-history":[{"count":19,"href":"https:\/\/archidona.gob.ec\/ki\/wp-json\/wp\/v2\/pages\/2100\/revisions"}],"predecessor-version":[{"id":2869,"href":"https:\/\/archidona.gob.ec\/ki\/wp-json\/wp\/v2\/pages\/2100\/revisions\/2869"}],"wp:attachment":[{"href":"https:\/\/archidona.gob.ec\/ki\/wp-json\/wp\/v2\/media?parent=2100"}],"curies":[{"name":"wp","href":"https:\/\/api.w.org\/{rel}","templated":true}]}}