{"id":2266,"date":"2023-01-23T21:20:08","date_gmt":"2023-01-23T21:20:08","guid":{"rendered":"https:\/\/archidona.gob.ec\/?page_id=2266"},"modified":"2023-03-24T17:13:33","modified_gmt":"2023-03-24T17:13:33","slug":"atractivos-turisticos","status":"publish","type":"page","link":"https:\/\/archidona.gob.ec\/ki\/atractivos-turisticos\/","title":{"rendered":"Sumak Sachakuna"},"content":{"rendered":"<div data-elementor-type=\"wp-page\" data-elementor-id=\"2266\" class=\"elementor elementor-2266\" data-elementor-post-type=\"page\">\n\t\t\t\t\t\t<section class=\"elementor-section elementor-top-section elementor-element elementor-element-28ba827 elementor-section-boxed elementor-section-height-default elementor-section-height-default wpr-particle-no wpr-jarallax-no wpr-parallax-no wpr-sticky-section-no\" data-id=\"28ba827\" data-element_type=\"section\" data-e-type=\"section\" data-settings=\"{&quot;background_background&quot;:&quot;classic&quot;}\">\n\t\t\t\t\t\t\t<div class=\"elementor-background-overlay\"><\/div>\n\t\t\t\t\t\t\t<div class=\"elementor-container elementor-column-gap-default\">\n\t\t\t\t\t<div class=\"elementor-column elementor-col-100 elementor-top-column elementor-element elementor-element-d290524\" data-id=\"d290524\" data-element_type=\"column\" data-e-type=\"column\">\n\t\t\t<div class=\"elementor-widget-wrap elementor-element-populated\">\n\t\t\t\t\t\t<section class=\"elementor-section elementor-inner-section elementor-element elementor-element-78955eb elementor-section-boxed elementor-section-height-default elementor-section-height-default wpr-particle-no wpr-jarallax-no wpr-parallax-no wpr-sticky-section-no\" data-id=\"78955eb\" data-element_type=\"section\" data-e-type=\"section\">\n\t\t\t\t\t\t<div class=\"elementor-container elementor-column-gap-default\">\n\t\t\t\t\t<div class=\"elementor-column elementor-col-100 elementor-inner-column elementor-element elementor-element-01f30cb\" data-id=\"01f30cb\" data-element_type=\"column\" data-e-type=\"column\">\n\t\t\t<div class=\"elementor-widget-wrap elementor-element-populated\">\n\t\t\t\t\t\t<div class=\"elementor-element elementor-element-9431aa3 elementor-widget elementor-widget-heading\" data-id=\"9431aa3\" data-element_type=\"widget\" data-e-type=\"widget\" data-widget_type=\"heading.default\">\n\t\t\t\t<div class=\"elementor-widget-container\">\n\t\t\t\t\t<h2 class=\"elementor-heading-title elementor-size-default\">Sumak Sachakuna<\/h2>\t\t\t\t<\/div>\n\t\t\t\t<\/div>\n\t\t\t\t\t<\/div>\n\t\t<\/div>\n\t\t\t\t\t<\/div>\n\t\t<\/section>\n\t\t\t\t\t<\/div>\n\t\t<\/div>\n\t\t\t\t\t<\/div>\n\t\t<\/section>\n\t\t\t\t<section class=\"elementor-section elementor-top-section elementor-element elementor-element-c8c63a8 elementor-section-boxed elementor-section-height-default elementor-section-height-default wpr-particle-no wpr-jarallax-no wpr-parallax-no wpr-sticky-section-no\" data-id=\"c8c63a8\" data-element_type=\"section\" data-e-type=\"section\">\n\t\t\t\t\t\t<div class=\"elementor-container elementor-column-gap-default\">\n\t\t\t\t\t<div class=\"elementor-column elementor-col-100 elementor-top-column elementor-element elementor-element-4e26d4b\" data-id=\"4e26d4b\" data-element_type=\"column\" data-e-type=\"column\">\n\t\t\t<div class=\"elementor-widget-wrap elementor-element-populated\">\n\t\t\t\t\t\t<section class=\"elementor-section elementor-inner-section elementor-element elementor-element-ce14851 elementor-section-boxed elementor-section-height-default elementor-section-height-default wpr-particle-no wpr-jarallax-no wpr-parallax-no wpr-sticky-section-no\" data-id=\"ce14851\" data-element_type=\"section\" data-e-type=\"section\">\n\t\t\t\t\t\t<div class=\"elementor-container elementor-column-gap-default\">\n\t\t\t\t\t<div class=\"elementor-column elementor-col-100 elementor-inner-column elementor-element elementor-element-9cdff46\" data-id=\"9cdff46\" data-element_type=\"column\" data-e-type=\"column\">\n\t\t\t<div class=\"elementor-widget-wrap elementor-element-populated\">\n\t\t\t\t\t\t<div class=\"elementor-element elementor-element-53f8b9c elementor-tabs-view-vertical elementor-widget elementor-widget-tabs\" data-id=\"53f8b9c\" data-element_type=\"widget\" data-e-type=\"widget\" data-widget_type=\"tabs.default\">\n\t\t\t\t<div class=\"elementor-widget-container\">\n\t\t\t\t\t\t\t<div class=\"elementor-tabs\">\n\t\t\t<div class=\"elementor-tabs-wrapper\" role=\"tablist\" >\n\t\t\t\t\t\t\t\t\t<div id=\"elementor-tab-title-8801\" class=\"elementor-tab-title elementor-tab-desktop-title\" aria-selected=\"true\" data-tab=\"1\" role=\"tab\" tabindex=\"0\" aria-controls=\"elementor-tab-content-8801\" aria-expanded=\"false\">Yacu pakcha Anaconda<\/div>\n\t\t\t\t\t\t\t\t\t<div id=\"elementor-tab-title-8802\" class=\"elementor-tab-title elementor-tab-desktop-title\" aria-selected=\"false\" data-tab=\"2\" role=\"tab\" tabindex=\"-1\" aria-controls=\"elementor-tab-content-8802\" aria-expanded=\"false\">Yacu pakcha Hollin<\/div>\n\t\t\t\t\t\t\t\t\t<div id=\"elementor-tab-title-8803\" class=\"elementor-tab-title elementor-tab-desktop-title\" aria-selected=\"false\" data-tab=\"3\" role=\"tab\" tabindex=\"-1\" aria-controls=\"elementor-tab-content-8803\" aria-expanded=\"false\">Yacu pakcha Hurano Yaku<\/div>\n\t\t\t\t\t\t\t\t\t<div id=\"elementor-tab-title-8804\" class=\"elementor-tab-title elementor-tab-desktop-title\" aria-selected=\"false\" data-tab=\"4\" role=\"tab\" tabindex=\"-1\" aria-controls=\"elementor-tab-content-8804\" aria-expanded=\"false\">Tarpuy Allpa<\/div>\n\t\t\t\t\t\t\t<\/div>\n\t\t\t<div class=\"elementor-tabs-content-wrapper\" role=\"tablist\" aria-orientation=\"vertical\">\n\t\t\t\t\t\t\t\t\t<div class=\"elementor-tab-title elementor-tab-mobile-title\" aria-selected=\"true\" data-tab=\"1\" role=\"tab\" tabindex=\"0\" aria-controls=\"elementor-tab-content-8801\" aria-expanded=\"false\">Yacu pakcha Anaconda<\/div>\n\t\t\t\t\t<div id=\"elementor-tab-content-8801\" class=\"elementor-tab-content elementor-clearfix\" data-tab=\"1\" role=\"tabpanel\" aria-labelledby=\"elementor-tab-title-8801\" tabindex=\"0\" hidden=\"false\"><p><a href=\"https:\/\/archidona.gob.ec\/wp-content\/uploads\/2023\/01\/Cascada-Anaconda.jpg\"><img fetchpriority=\"high\" decoding=\"async\" class=\"alignleft wp-image-2274\" src=\"https:\/\/archidona.gob.ec\/wp-content\/uploads\/2023\/01\/Cascada-Anaconda-211x300.jpg\" alt=\"\" width=\"337\" height=\"479\" srcset=\"https:\/\/archidona.gob.ec\/wp-content\/uploads\/2023\/01\/Cascada-Anaconda-211x300.jpg 211w, https:\/\/archidona.gob.ec\/wp-content\/uploads\/2023\/01\/Cascada-Anaconda-722x1024.jpg 722w, https:\/\/archidona.gob.ec\/wp-content\/uploads\/2023\/01\/Cascada-Anaconda-768x1090.jpg 768w, https:\/\/archidona.gob.ec\/wp-content\/uploads\/2023\/01\/Cascada-Anaconda-1083x1536.jpg 1083w, https:\/\/archidona.gob.ec\/wp-content\/uploads\/2023\/01\/Cascada-Anaconda-1444x2048.jpg 1444w, https:\/\/archidona.gob.ec\/wp-content\/uploads\/2023\/01\/Cascada-Anaconda.jpg 1748w\" sizes=\"(max-width: 337px) 100vw, 337px\" \/><\/a><\/p><p><strong>\u00bfImasarasha paktana?<\/strong><br \/><br \/>Narupa aillullaktamanda tuparinmi 2 km yana wira \u00f1ambikunami ashka Archidona- Coca \u00f1ambita  chay kuchumandami sumak rikuna kuna tuparin kay Archidona kitipi.<br \/><br \/>kay sumak rikuna kuchu tuparinmi kay wauki allpapi \u00c1ngel Tanguila Andi.<br \/><br \/><strong>\u00bfImara taripasha rikuna anchi?<\/strong><br \/><br \/>Kay yakupakcha riksichinmi paiga pe\u00f1as manda imasami hatun awa sacha yakumiashka, charinmi sumak , mishki, rikunakunara, Narupa yaku.<br \/><br \/>Kay yaku pakcha Anaconda tuparinmi Suyu yaku pakchapi imasnami riksichinun  golondrinas yakupakcharas , astanwas paina llangaikurami riksichisha rikuchisha yaupakma llallichisha aparianushka ashka pishku riksinakunawa.<br \/><br \/><strong>\u00bfImara Apanangui?<\/strong><br \/><br \/>Kan kakna kuchukunama  purikgrina ashpa apanangui botas , repelente, ropa ligera (un parada adicional), gorra, protector solar y c\u00e1mara fotogr\u00e1fica.<br \/><br \/><strong>Riksichina<\/strong><br \/><br \/>Kauna purikgrina ashpa ashka kuirarinawa rina anguichi imasami shuk yachak runa riksichisha pushanga sumak istu, uta \u00f1ambikunara, tukuy runakuna all\u00ed paktanga pay yachak runa llallichinga.<\/p><\/div>\n\t\t\t\t\t\t\t\t\t<div class=\"elementor-tab-title elementor-tab-mobile-title\" aria-selected=\"false\" data-tab=\"2\" role=\"tab\" tabindex=\"-1\" aria-controls=\"elementor-tab-content-8802\" aria-expanded=\"false\">Yacu pakcha Hollin<\/div>\n\t\t\t\t\t<div id=\"elementor-tab-content-8802\" class=\"elementor-tab-content elementor-clearfix\" data-tab=\"2\" role=\"tabpanel\" aria-labelledby=\"elementor-tab-title-8802\" tabindex=\"0\" hidden=\"hidden\"><p><a href=\"https:\/\/archidona.gob.ec\/wp-content\/uploads\/2023\/01\/Cascada-Hollin.jpg\"><img decoding=\"async\" class=\"alignleft wp-image-2281\" src=\"https:\/\/archidona.gob.ec\/wp-content\/uploads\/2023\/01\/Cascada-Hollin-211x300.jpg\" alt=\"\" width=\"337\" height=\"478\" srcset=\"https:\/\/archidona.gob.ec\/wp-content\/uploads\/2023\/01\/Cascada-Hollin-211x300.jpg 211w, https:\/\/archidona.gob.ec\/wp-content\/uploads\/2023\/01\/Cascada-Hollin-722x1024.jpg 722w, https:\/\/archidona.gob.ec\/wp-content\/uploads\/2023\/01\/Cascada-Hollin-768x1090.jpg 768w, https:\/\/archidona.gob.ec\/wp-content\/uploads\/2023\/01\/Cascada-Hollin-1083x1536.jpg 1083w, https:\/\/archidona.gob.ec\/wp-content\/uploads\/2023\/01\/Cascada-Hollin-1444x2048.jpg 1444w, https:\/\/archidona.gob.ec\/wp-content\/uploads\/2023\/01\/Cascada-Hollin.jpg 1748w\" sizes=\"(max-width: 337px) 100vw, 337px\" \/><\/a><\/p><p><strong>\u00bfImasarasha paktana?<\/strong><br \/><br \/>Desde la cabecera cantonal Archidona se puede llagar por la v\u00eda asfaltada Narupa-Hollin-Loreto- Coca y de ah\u00ed se ingresa caminando por un sendero aproximadamente 10 min hasta llegar al atractivo.<br \/><br \/><strong>\u00bfImara taripasha rikuna anchi?<\/strong><br \/><br \/>Esta cascada mide 20 metros de alto aproximadamente, proviene del r\u00edo del mismo nombre, en la parte inferior de la cascada se forma una especie de hondonada de 4 metros aproximadamente, frente a esta podemos encontrar un \u00e1rea rocosa la cual permite acercarse m\u00e1s, se la puede apreciar desde la v\u00eda ya que se encuentra muy cerca de ella.<br \/><br \/>Sus aguas son cristalinas en la parte que desemboca la cascada sin embargo suele volverse turbia debido a las condiciones clim\u00e1ticas que presenta la zona.<br \/><br \/><strong>\u00bfImara Apanangui?<\/strong><br \/><br \/>Para realizar la visita es recomendable llevar botas de caucho, repelente, ropa ligera (una parada adicional), gorra y c\u00e1mara fotogr\u00e1fica.<br \/><br \/><strong>Riksichina<\/strong><br \/><br \/>Para poder acceder al atractivo se debe pedir permiso a los due\u00f1os ya que est\u00e1 dentro de una propiedad privada.<\/p><\/div>\n\t\t\t\t\t\t\t\t\t<div class=\"elementor-tab-title elementor-tab-mobile-title\" aria-selected=\"false\" data-tab=\"3\" role=\"tab\" tabindex=\"-1\" aria-controls=\"elementor-tab-content-8803\" aria-expanded=\"false\">Yacu pakcha Hurano Yaku<\/div>\n\t\t\t\t\t<div id=\"elementor-tab-content-8803\" class=\"elementor-tab-content elementor-clearfix\" data-tab=\"3\" role=\"tabpanel\" aria-labelledby=\"elementor-tab-title-8803\" tabindex=\"0\" hidden=\"hidden\"><p><a href=\"https:\/\/archidona.gob.ec\/wp-content\/uploads\/2023\/01\/Cascado-Hurano-Yacu.jpg\"><img decoding=\"async\" class=\"alignleft wp-image-2288\" src=\"https:\/\/archidona.gob.ec\/wp-content\/uploads\/2023\/01\/Cascado-Hurano-Yacu-211x300.jpg\" alt=\"\" width=\"337\" height=\"478\" srcset=\"https:\/\/archidona.gob.ec\/wp-content\/uploads\/2023\/01\/Cascado-Hurano-Yacu-211x300.jpg 211w, https:\/\/archidona.gob.ec\/wp-content\/uploads\/2023\/01\/Cascado-Hurano-Yacu-722x1024.jpg 722w, https:\/\/archidona.gob.ec\/wp-content\/uploads\/2023\/01\/Cascado-Hurano-Yacu-768x1090.jpg 768w, https:\/\/archidona.gob.ec\/wp-content\/uploads\/2023\/01\/Cascado-Hurano-Yacu-1083x1536.jpg 1083w, https:\/\/archidona.gob.ec\/wp-content\/uploads\/2023\/01\/Cascado-Hurano-Yacu-1444x2048.jpg 1444w, https:\/\/archidona.gob.ec\/wp-content\/uploads\/2023\/01\/Cascado-Hurano-Yacu.jpg 1748w\" sizes=\"(max-width: 337px) 100vw, 337px\" \/><\/a><\/p><p><strong>\u00bfImasarasha paktana?<\/strong><\/p><p>Desde la cabecera cantonal Archidona se puede llagar por la v\u00eda asfaltada Narupa-Hollin-Loreto- Coca y de ah\u00ed se ingresa caminando por un sendero aproximadamente 10 min hasta llegar al atractivo.<\/p><p><strong>\u00bfImara taripasha rikuna anchi?<\/strong><\/p><p>Esta cascada mide 20 metros de alto aproximadamente, proviene del r\u00edo del mismo nombre, en la parte inferior de la cascada se forma una especie de hondonada de 4 metros aproximadamente, frente a esta podemos encontrar un \u00e1rea rocosa la cual permite acercarse m\u00e1s, se la puede apreciar desde la v\u00eda ya que se encuentra muy cerca de ella.<\/p><p>Sus aguas son cristalinas en la parte que desemboca la cascada sin embargo suele volverse turbia debido a las condiciones clim\u00e1ticas que presenta la zona.<\/p><p>\u00a0<\/p><p><strong>\u00bfImara Apanangui?<\/strong><\/p><p>Para realizar la visita es recomendable llevar botas de caucho, repelente, ropa ligera (una parada adicional), gorra y c\u00e1mara fotogr\u00e1fica.<\/p><p>\u00a0<\/p><p><strong>Riksichina<\/strong><\/p><p>Para poder acceder al atractivo se debe pedir permiso a los due\u00f1os ya que est\u00e1 dentro de una propiedad privada.<\/p><\/div>\n\t\t\t\t\t\t\t\t\t<div class=\"elementor-tab-title elementor-tab-mobile-title\" aria-selected=\"false\" data-tab=\"4\" role=\"tab\" tabindex=\"-1\" aria-controls=\"elementor-tab-content-8804\" aria-expanded=\"false\">Tarpuy Allpa<\/div>\n\t\t\t\t\t<div id=\"elementor-tab-content-8804\" class=\"elementor-tab-content elementor-clearfix\" data-tab=\"4\" role=\"tabpanel\" aria-labelledby=\"elementor-tab-title-8804\" tabindex=\"0\" hidden=\"hidden\"><p><strong><a href=\"https:\/\/archidona.gob.ec\/wp-content\/uploads\/2023\/01\/Chacra-Ancestral-S.-Rita.jpg\"><img loading=\"lazy\" decoding=\"async\" class=\"alignleft wp-image-2292\" src=\"https:\/\/archidona.gob.ec\/wp-content\/uploads\/2023\/01\/Chacra-Ancestral-S.-Rita.jpg\" alt=\"\" width=\"337\" height=\"478\" srcset=\"https:\/\/archidona.gob.ec\/wp-content\/uploads\/2023\/01\/Chacra-Ancestral-S.-Rita.jpg 1748w, https:\/\/archidona.gob.ec\/wp-content\/uploads\/2023\/01\/Chacra-Ancestral-S.-Rita-211x300.jpg 211w, https:\/\/archidona.gob.ec\/wp-content\/uploads\/2023\/01\/Chacra-Ancestral-S.-Rita-722x1024.jpg 722w, https:\/\/archidona.gob.ec\/wp-content\/uploads\/2023\/01\/Chacra-Ancestral-S.-Rita-768x1090.jpg 768w, https:\/\/archidona.gob.ec\/wp-content\/uploads\/2023\/01\/Chacra-Ancestral-S.-Rita-1083x1536.jpg 1083w, https:\/\/archidona.gob.ec\/wp-content\/uploads\/2023\/01\/Chacra-Ancestral-S.-Rita-1444x2048.jpg 1444w\" sizes=\"(max-width: 337px) 100vw, 337px\" \/><\/a>\u00bfImasarasha paktana?<\/strong><\/p><p>Desde la cabecera cantonal Archidona se puede llagar por la v\u00eda asfaltada Narupa-Hollin-Loreto- Coca y de ah\u00ed se ingresa caminando por un sendero aproximadamente 10 min hasta llegar al atractivo.<\/p><p>\u00a0<\/p><p><strong>\u00bfImara taripasha rikuna anchi?<\/strong><\/p><p>Esta cascada mide 20 metros de alto aproximadamente, proviene del r\u00edo del mismo nombre, en la parte inferior de la cascada se forma una especie de hondonada de 4 metros aproximadamente, frente a esta podemos encontrar un \u00e1rea rocosa la cual permite acercarse m\u00e1s, se la puede apreciar desde la v\u00eda ya que se encuentra muy cerca de ella.<\/p><p>Sus aguas son cristalinas en la parte que desemboca la cascada sin embargo suele volverse turbia debido a las condiciones clim\u00e1ticas que presenta la zona.<\/p><p>\u00a0<\/p><p><strong>\u00bfImara Apanangui?<\/strong><\/p><p>Para realizar la visita es recomendable llevar botas de caucho, repelente, ropa ligera (una parada adicional), gorra y c\u00e1mara fotogr\u00e1fica.<\/p><p>\u00a0<\/p><p><strong>Riksichina<\/strong><\/p><p>Para poder acceder al atractivo se debe pedir permiso a los due\u00f1os ya que est\u00e1 dentro de una propiedad privada.<\/p><\/div>\n\t\t\t\t\t\t\t<\/div>\n\t\t<\/div>\n\t\t\t\t\t\t<\/div>\n\t\t\t\t<\/div>\n\t\t\t\t\t<\/div>\n\t\t<\/div>\n\t\t\t\t\t<\/div>\n\t\t<\/section>\n\t\t\t\t\t<\/div>\n\t\t<\/div>\n\t\t\t\t\t<\/div>\n\t\t<\/section>\n\t\t\t\t<\/div>","protected":false},"excerpt":{"rendered":"<p>Atractivos Naturales Cascada Anaconda Cascada Holl\u00edn Cascada Hurano Yaku Chacra Ancestral Cascada Anaconda \u00bfC\u00f3mo llegar? Desde la \u201cY\u201d de Narupa se recorre 2 km en v\u00eda asfaltada por la carretera Archidona -Coca. A partir de este punto se debe recorrer un chaqui\u00f1\u00e1n de aproximadamente 1 km hasta llegar al atractivo. El atractivo se encuentra dentro de la propiedad del Sr. \u00c1ngel Tanguila Andi. \u00bfQu\u00e9 podemos observar? Se caracteriza por ser una cascada de origen rocoso, en cuya parte m\u00e1s alta presenta una hendidura por la cual atraviesa el agua proveniente de un ojo de agua. Tiene una ca\u00edda de 4 metros y en la base de la misma se forma un peque\u00f1o charco que tiene una profundidad mayor a 2 metros a partir de la cual recorre hasta el r\u00edo Narupa. A 10 metros de la cascada Anaconda se encuentran las cascadas Suyu Paccha (cascada de las golondrinas) y de los Colibr\u00edes caracterizadas por ser menos caudalosas y en cuyo interior anidan varios tipos de golondrinas y colibr\u00edes respectivamente. \u00bfQu\u00e9 llevar? Para realizar la visita es recomendable llevar botas de caucho, impermeable, repelente, ropa ligera (un parada adicional), gorra, protector solar y c\u00e1mara fotogr\u00e1fica. Recomendaciones Para realizar el recorrido hacia la cascada se necesita obligatoriamente la compa\u00f1\u00eda de un gu\u00eda que conozca la zona ya que el camino hacia el atractivo no est\u00e1 definido y debido a los constantes deslizamientos de tierra se debe cambiar constantemente de ruta.texto Cascada Holl\u00edn \u00bfC\u00f3mo llegar? Desde la cabecera cantonal Archidona se puede llagar por la v\u00eda asfaltada Narupa-Hollin-Loreto- Coca y de ah\u00ed se ingresa caminando por un sendero aproximadamente 10 min hasta llegar al atractivo. \u00bfQu\u00e9 podemos observar? Esta cascada mide 20 metros de alto aproximadamente, proviene del r\u00edo del mismo nombre, en la parte inferior de la cascada se forma una especie de hondonada de 4 metros aproximadamente, frente a esta podemos encontrar un \u00e1rea rocosa la cual permite acercarse m\u00e1s, se la puede apreciar desde la v\u00eda ya que se encuentra muy cerca de ella. Sus aguas son cristalinas en la parte que desemboca la cascada sin embargo suele volverse turbia debido a las condiciones clim\u00e1ticas que presenta la zona. \u00bfQu\u00e9 llevar? Para realizar la visita es recomendable llevar botas de caucho, repelente, ropa ligera (una parada adicional), gorra y c\u00e1mara fotogr\u00e1fica. Recomendaciones Para poder acceder al atractivo se debe pedir permiso a los due\u00f1os ya que est\u00e1 dentro de una propiedad privada. Cascada Hurano Yaku \u00bfC\u00f3mo llegar? Desde la cabecera cantonal Archidona se puede llagar por la v\u00eda asfaltada Narupa-Hollin-Loreto- Coca y de ah\u00ed se ingresa caminando por un sendero aproximadamente 10 min hasta llegar al atractivo. \u00bfQu\u00e9 podemos observar? Esta cascada mide 20 metros de alto aproximadamente, proviene del r\u00edo del mismo nombre, en la parte inferior de la cascada se forma una especie de hondonada de 4 metros aproximadamente, frente a esta podemos encontrar un \u00e1rea rocosa la cual permite acercarse m\u00e1s, se la puede apreciar desde la v\u00eda ya que se encuentra muy cerca de ella. Sus aguas son cristalinas en la parte que desemboca la cascada sin embargo suele volverse turbia debido a las condiciones clim\u00e1ticas que presenta la zona. \u00a0 \u00bfQu\u00e9 llevar? Para realizar la visita es recomendable llevar botas de caucho, repelente, ropa ligera (una parada adicional), gorra y c\u00e1mara fotogr\u00e1fica. \u00a0 Recomendaciones Para poder acceder al atractivo se debe pedir permiso a los due\u00f1os ya que est\u00e1 dentro de una propiedad privada. Chacra Ancestral \u00bfC\u00f3mo llegar? Desde la cabecera cantonal Archidona se puede llagar por la v\u00eda asfaltada Narupa-Hollin-Loreto- Coca y de ah\u00ed se ingresa caminando por un sendero aproximadamente 10 min hasta llegar al atractivo. \u00a0 \u00bfQu\u00e9 podemos observar? Esta cascada mide 20 metros de alto aproximadamente, proviene del r\u00edo del mismo nombre, en la parte inferior de la cascada se forma una especie de hondonada de 4 metros aproximadamente, frente a esta podemos encontrar un \u00e1rea rocosa la cual permite acercarse m\u00e1s, se la puede apreciar desde la v\u00eda ya que se encuentra muy cerca de ella. Sus aguas son cristalinas en la parte que desemboca la cascada sin embargo suele volverse turbia debido a las condiciones clim\u00e1ticas que presenta la zona. \u00a0 \u00bfQu\u00e9 llevar? Para realizar la visita es recomendable llevar botas de caucho, repelente, ropa ligera (una parada adicional), gorra y c\u00e1mara fotogr\u00e1fica. \u00a0 Recomendaciones Para poder acceder al atractivo se debe pedir permiso a los due\u00f1os ya que est\u00e1 dentro de una propiedad privada.<\/p>","protected":false},"author":1,"featured_media":0,"parent":0,"menu_order":0,"comment_status":"closed","ping_status":"closed","template":"","meta":{"site-sidebar-layout":"no-sidebar","site-content-layout":"page-builder","ast-site-content-layout":"","site-content-style":"default","site-sidebar-style":"default","ast-global-header-display":"","ast-banner-title-visibility":"","ast-main-header-display":"","ast-hfb-above-header-display":"","ast-hfb-below-header-display":"","ast-hfb-mobile-header-display":"","site-post-title":"disabled","ast-breadcrumbs-content":"","ast-featured-img":"disabled","footer-sml-layout":"","theme-transparent-header-meta":"default","adv-header-id-meta":"","stick-header-meta":"","header-above-stick-meta":"","header-main-stick-meta":"","header-below-stick-meta":"","astra-migrate-meta-layouts":"default","ast-page-background-enabled":"default","ast-page-background-meta":{"desktop":{"background-color":"var(--ast-global-color-4)","background-image":"","background-repeat":"repeat","background-position":"center center","background-size":"auto","background-attachment":"scroll","background-type":"","background-media":"","overlay-type":"","overlay-color":"","overlay-opacity":"","overlay-gradient":""},"tablet":{"background-color":"","background-image":"","background-repeat":"repeat","background-position":"center center","background-size":"auto","background-attachment":"scroll","background-type":"","background-media":"","overlay-type":"","overlay-color":"","overlay-opacity":"","overlay-gradient":""},"mobile":{"background-color":"","background-image":"","background-repeat":"repeat","background-position":"center center","background-size":"auto","background-attachment":"scroll","background-type":"","background-media":"","overlay-type":"","overlay-color":"","overlay-opacity":"","overlay-gradient":""}},"ast-content-background-meta":{"desktop":{"background-color":"var(--ast-global-color-5)","background-image":"","background-repeat":"repeat","background-position":"center center","background-size":"auto","background-attachment":"scroll","background-type":"","background-media":"","overlay-type":"","overlay-color":"","overlay-opacity":"","overlay-gradient":""},"tablet":{"background-color":"var(--ast-global-color-5)","background-image":"","background-repeat":"repeat","background-position":"center center","background-size":"auto","background-attachment":"scroll","background-type":"","background-media":"","overlay-type":"","overlay-color":"","overlay-opacity":"","overlay-gradient":""},"mobile":{"background-color":"var(--ast-global-color-5)","background-image":"","background-repeat":"repeat","background-position":"center center","background-size":"auto","background-attachment":"scroll","background-type":"","background-media":"","overlay-type":"","overlay-color":"","overlay-opacity":"","overlay-gradient":""}},"footnotes":""},"class_list":["post-2266","page","type-page","status-publish","hentry"],"_links":{"self":[{"href":"https:\/\/archidona.gob.ec\/ki\/wp-json\/wp\/v2\/pages\/2266","targetHints":{"allow":["GET"]}}],"collection":[{"href":"https:\/\/archidona.gob.ec\/ki\/wp-json\/wp\/v2\/pages"}],"about":[{"href":"https:\/\/archidona.gob.ec\/ki\/wp-json\/wp\/v2\/types\/page"}],"author":[{"embeddable":true,"href":"https:\/\/archidona.gob.ec\/ki\/wp-json\/wp\/v2\/users\/1"}],"replies":[{"embeddable":true,"href":"https:\/\/archidona.gob.ec\/ki\/wp-json\/wp\/v2\/comments?post=2266"}],"version-history":[{"count":34,"href":"https:\/\/archidona.gob.ec\/ki\/wp-json\/wp\/v2\/pages\/2266\/revisions"}],"predecessor-version":[{"id":2763,"href":"https:\/\/archidona.gob.ec\/ki\/wp-json\/wp\/v2\/pages\/2266\/revisions\/2763"}],"wp:attachment":[{"href":"https:\/\/archidona.gob.ec\/ki\/wp-json\/wp\/v2\/media?parent=2266"}],"curies":[{"name":"wp","href":"https:\/\/api.w.org\/{rel}","templated":true}]}}