{"id":2339,"date":"2023-01-26T23:28:11","date_gmt":"2023-01-26T23:28:11","guid":{"rendered":"https:\/\/archidona.gob.ec\/?page_id=2339"},"modified":"2023-03-24T17:17:28","modified_gmt":"2023-03-24T17:17:28","slug":"turismo-comunitario","status":"publish","type":"page","link":"https:\/\/archidona.gob.ec\/ki\/turismo-comunitario\/","title":{"rendered":"Riksichina wangurishka aillullakta"},"content":{"rendered":"<div data-elementor-type=\"wp-page\" data-elementor-id=\"2339\" class=\"elementor elementor-2339\" data-elementor-post-type=\"page\">\n\t\t\t\t\t\t<section class=\"elementor-section elementor-top-section elementor-element elementor-element-28ba827 elementor-section-boxed elementor-section-height-default elementor-section-height-default wpr-particle-no wpr-jarallax-no wpr-parallax-no wpr-sticky-section-no\" data-id=\"28ba827\" data-element_type=\"section\" data-e-type=\"section\" data-settings=\"{&quot;background_background&quot;:&quot;classic&quot;}\">\n\t\t\t\t\t\t\t<div class=\"elementor-background-overlay\"><\/div>\n\t\t\t\t\t\t\t<div class=\"elementor-container elementor-column-gap-default\">\n\t\t\t\t\t<div class=\"elementor-column elementor-col-100 elementor-top-column elementor-element elementor-element-d290524\" data-id=\"d290524\" data-element_type=\"column\" data-e-type=\"column\">\n\t\t\t<div class=\"elementor-widget-wrap elementor-element-populated\">\n\t\t\t\t\t\t<section class=\"elementor-section elementor-inner-section elementor-element elementor-element-78955eb elementor-section-boxed elementor-section-height-default elementor-section-height-default wpr-particle-no wpr-jarallax-no wpr-parallax-no wpr-sticky-section-no\" data-id=\"78955eb\" data-element_type=\"section\" data-e-type=\"section\">\n\t\t\t\t\t\t<div class=\"elementor-container elementor-column-gap-default\">\n\t\t\t\t\t<div class=\"elementor-column elementor-col-100 elementor-inner-column elementor-element elementor-element-01f30cb\" data-id=\"01f30cb\" data-element_type=\"column\" data-e-type=\"column\">\n\t\t\t<div class=\"elementor-widget-wrap elementor-element-populated\">\n\t\t\t\t\t\t<div class=\"elementor-element elementor-element-9431aa3 elementor-widget elementor-widget-heading\" data-id=\"9431aa3\" data-element_type=\"widget\" data-e-type=\"widget\" data-widget_type=\"heading.default\">\n\t\t\t\t<div class=\"elementor-widget-container\">\n\t\t\t\t\t<h2 class=\"elementor-heading-title elementor-size-default\">Riksichina wangurishka aillullakta<\/h2>\t\t\t\t<\/div>\n\t\t\t\t<\/div>\n\t\t\t\t\t<\/div>\n\t\t<\/div>\n\t\t\t\t\t<\/div>\n\t\t<\/section>\n\t\t\t\t\t<\/div>\n\t\t<\/div>\n\t\t\t\t\t<\/div>\n\t\t<\/section>\n\t\t\t\t<section class=\"elementor-section elementor-top-section elementor-element elementor-element-c8c63a8 elementor-section-boxed elementor-section-height-default elementor-section-height-default wpr-particle-no wpr-jarallax-no wpr-parallax-no wpr-sticky-section-no\" data-id=\"c8c63a8\" data-element_type=\"section\" data-e-type=\"section\">\n\t\t\t\t\t\t<div class=\"elementor-container elementor-column-gap-default\">\n\t\t\t\t\t<div class=\"elementor-column elementor-col-100 elementor-top-column elementor-element elementor-element-4e26d4b\" data-id=\"4e26d4b\" data-element_type=\"column\" data-e-type=\"column\">\n\t\t\t<div class=\"elementor-widget-wrap elementor-element-populated\">\n\t\t\t\t\t\t<section class=\"elementor-section elementor-inner-section elementor-element elementor-element-ce14851 elementor-section-boxed elementor-section-height-default elementor-section-height-default wpr-particle-no wpr-jarallax-no wpr-parallax-no wpr-sticky-section-no\" data-id=\"ce14851\" data-element_type=\"section\" data-e-type=\"section\">\n\t\t\t\t\t\t<div class=\"elementor-container elementor-column-gap-default\">\n\t\t\t\t\t<div class=\"elementor-column elementor-col-100 elementor-inner-column elementor-element elementor-element-9cdff46\" data-id=\"9cdff46\" data-element_type=\"column\" data-e-type=\"column\">\n\t\t\t<div class=\"elementor-widget-wrap elementor-element-populated\">\n\t\t\t\t\t\t<div class=\"elementor-element elementor-element-53f8b9c elementor-tabs-view-vertical elementor-widget elementor-widget-tabs\" data-id=\"53f8b9c\" data-element_type=\"widget\" data-e-type=\"widget\" data-widget_type=\"tabs.default\">\n\t\t\t\t<div class=\"elementor-widget-container\">\n\t\t\t\t\t\t\t<div class=\"elementor-tabs\">\n\t\t\t<div class=\"elementor-tabs-wrapper\" role=\"tablist\" >\n\t\t\t\t\t\t\t\t\t<div id=\"elementor-tab-title-8801\" class=\"elementor-tab-title elementor-tab-desktop-title\" aria-selected=\"true\" data-tab=\"1\" role=\"tab\" tabindex=\"0\" aria-controls=\"elementor-tab-content-8801\" aria-expanded=\"false\">RIKSINA KUCHU YAKU PAKCHA SHINALLARA CARVERNAS YANAYAKU<\/div>\n\t\t\t\t\t\t\t\t\t<div id=\"elementor-tab-title-8802\" class=\"elementor-tab-title elementor-tab-desktop-title\" aria-selected=\"false\" data-tab=\"2\" role=\"tab\" tabindex=\"-1\" aria-controls=\"elementor-tab-content-8802\" aria-expanded=\"false\">CENTRO TUR\u00cdSTICO COMUNITARIO SANTA RITA \u2013 PUEBLO DE CACAO Y CHOCOLATE<\/div>\n\t\t\t\t\t\t\t\t\t<div id=\"elementor-tab-title-8803\" class=\"elementor-tab-title elementor-tab-desktop-title\" aria-selected=\"false\" data-tab=\"3\" role=\"tab\" tabindex=\"-1\" aria-controls=\"elementor-tab-content-8803\" aria-expanded=\"false\">CENTRO TUR\u00cdSTICO COMUNITARIO AMARUN PAKCHA<\/div>\n\t\t\t\t\t\t\t\t\t<div id=\"elementor-tab-title-8804\" class=\"elementor-tab-title elementor-tab-desktop-title\" aria-selected=\"false\" data-tab=\"4\" role=\"tab\" tabindex=\"-1\" aria-controls=\"elementor-tab-content-8804\" aria-expanded=\"false\">PARTERAS AMUPAKIN<\/div>\n\t\t\t\t\t\t\t<\/div>\n\t\t\t<div class=\"elementor-tabs-content-wrapper\" role=\"tablist\" aria-orientation=\"vertical\">\n\t\t\t\t\t\t\t\t\t<div class=\"elementor-tab-title elementor-tab-mobile-title\" aria-selected=\"true\" data-tab=\"1\" role=\"tab\" tabindex=\"0\" aria-controls=\"elementor-tab-content-8801\" aria-expanded=\"false\">RIKSINA KUCHU YAKU PAKCHA SHINALLARA CARVERNAS YANAYAKU<\/div>\n\t\t\t\t\t<div id=\"elementor-tab-content-8801\" class=\"elementor-tab-content elementor-clearfix\" data-tab=\"1\" role=\"tabpanel\" aria-labelledby=\"elementor-tab-title-8801\" tabindex=\"0\" hidden=\"false\"><div><strong>\u00bfImasarasha paktana?<\/strong>\u00a0Archidona Kuchamanda paktanallamangui kay \u00f1ambita E45 imasami chunka sailla ashkay \u00f1a paktaunwimi kay Yanayaku Aillullaktama.<br \/><br \/><\/div><div><strong>llangana rikuna kuchukuna:\u00a0<\/strong>Rikuna kuchukuna, armana kuchukuna. Pukllana kuchukuna, sharinmi kay sumak allpa, shinallara tiashkami sumak mikunakuna.<br \/><br \/><\/div><div><strong>Riksichina kuchu:<\/strong>\u00a0Centro comunitario kuchu tuparinmi kay Archidona kitipi astawas ashka runakunami llanganun kay wangurishka kuchura, imasmai pusak yaku pakchakuna tiashka chuya yakumi tian kay kuchupi,<\/div><div>Kay yana yaku pakcha charishkami 3.5 sunima y 2 ishkaimanda anchuma shinallara tuparinmi hatun anchu.<\/div><div>Kay pusak yaku pakcha sharinmi sacha, sisa, wiwakuna, sumak mikunakuna, tushunakunami sharin  astanwas pukllana kuchukunarmi  yaupakma llallichisha aparianushka\u00a0<\/div><div><br \/><strong>Kuirarina kuchu:<\/strong>\u00a0Kauna purikgrina ashpa ashka kuirarinawa rina anguichi imasami shuk yachak runa riksichisha pushanga sumak istu, uta \u00f1ambikunara, tukuy runakuna all\u00ed paktanga pay yachak runa llallichinga.<\/div><div><br \/><strong>Contacto:<\/strong>\u00a0Mauricio Grefa\u00a0\u00a0\u00a0\u00a0\u00a0\u00a0\u00a0\u00a0\u00a0\u00a0\u00a0\u00a0\u00a0\u00a0\u00a0\u00a0\u00a0\u00a0\u00a0<strong>Tel\u00e9fono:<\/strong>\u00a00998586664<\/div><\/div>\n\t\t\t\t\t\t\t\t\t<div class=\"elementor-tab-title elementor-tab-mobile-title\" aria-selected=\"false\" data-tab=\"2\" role=\"tab\" tabindex=\"-1\" aria-controls=\"elementor-tab-content-8802\" aria-expanded=\"false\">CENTRO TUR\u00cdSTICO COMUNITARIO SANTA RITA \u2013 PUEBLO DE CACAO Y CHOCOLATE<\/div>\n\t\t\t\t\t<div id=\"elementor-tab-content-8802\" class=\"elementor-tab-content elementor-clearfix\" data-tab=\"2\" role=\"tabpanel\" aria-labelledby=\"elementor-tab-title-8802\" tabindex=\"0\" hidden=\"hidden\"><div><strong>\u00bfImasarasha paktana?<\/strong>\u00a0Desde el puente en el redondel de Archidona se recorre 7 km por v\u00eda asfaltada inicialmente, continuando por v\u00eda lastrada y posteriormente asfaltada hasta el centro de la comunidad. Las chacras se encuentra a aproximadamente 100 metros desde la cancha deportiva de \u00a0la comunidad<br \/><br \/><\/div><div><strong>llangana rikuna kuchukuna:<\/strong>\u00a0Agroturismo, Interpretaci\u00f3n de las t\u00e9cnicas de cultivo y manejo de la chacra, actividades de convivencia, danza, observaci\u00f3n de proceso de elaboraci\u00f3n de chocolate artesanal, senderismo.<br \/><br \/><\/div><div><strong>Riksichina kuchu:<\/strong>\u00a0En la comunidad Santa Rita se encuentran dos chacras comunitarias estas se caracterizan por tener mano de obra familiar, que hace la referencia al trabajo en grupo, en la chacra se cultiva de manera ancestral, no utilizan fertilizantes artificiales, limpian el terreno y abonan con materia org\u00e1nico.<\/div><div>La chacra es sumamente importante en el aspecto econ\u00f3mico y sociocultural esta es la fuente de ingreso econ\u00f3mico para la subsistencia de las familias. La \u00e9poca de cosecha es de enero a junio en ciclos rotativos de 15 d\u00edas, el cacao es la materia prima principal \u00a0ya que con ella elaboran el chocolate tradicional para posteriormente realizar la venta de este producto.<\/div><div>Esta comunidad ofrece en su paquete: alimentaci\u00f3n, observaci\u00f3n de danza, guianza, senderismo, intervenci\u00f3n en el proceso de elaboraci\u00f3n del chocolate y limpia o ritual shamanic\u00f3.<br \/><br \/><\/div><div><strong>Kuirarina kuchu:<\/strong>\u00a0llevar zapatos para tracking, impermeable, repelente, ropa ligera, gorra, protector solar y c\u00e1mara fotogr\u00e1\ufb01ca.<\/div><div><strong>Contacto:<\/strong>\u00a0Gilberto Alvarado<\/div><div><strong>Tel\u00e9fono:<\/strong>\u00a00984708840<\/div><\/div>\n\t\t\t\t\t\t\t\t\t<div class=\"elementor-tab-title elementor-tab-mobile-title\" aria-selected=\"false\" data-tab=\"3\" role=\"tab\" tabindex=\"-1\" aria-controls=\"elementor-tab-content-8803\" aria-expanded=\"false\">CENTRO TUR\u00cdSTICO COMUNITARIO AMARUN PAKCHA<\/div>\n\t\t\t\t\t<div id=\"elementor-tab-content-8803\" class=\"elementor-tab-content elementor-clearfix\" data-tab=\"3\" role=\"tabpanel\" aria-labelledby=\"elementor-tab-title-8803\" tabindex=\"0\" hidden=\"hidden\"><div><strong>\u00bfImasarasha paktana?\u00a0<\/strong>Desde la ciudad de Archidona dirigirse por la carretera\u00a0 E45 v\u00eda Quito -Baeza\u00a0 hasta la \u201cY\u201d del kil\u00f3metro 24, \u00a0sector Narupa, de all\u00ed tomar la carretera\u00a0 E20\u00a0 v\u00eda Loreto Coca por alrededor de 45 minutos hasta la comunidad Wawa Sumaco.<\/div><div><br \/><strong>Actividades que se puede realizar:\u00a0<\/strong>senderismo, observaci\u00f3n de la cascada, recreaci\u00f3n (buceo), gastronom\u00eda t\u00edpica, observaci\u00f3n de aves, practica de medicina ancestral, danza y m\u00fasica aut\u00f3ctona.<\/div><div>El centro tur\u00edstico comunitario est\u00e1 administrado personas de la nacionalidad kichwa quienes han desarrollado este emprendimiento tur\u00edstico con un fin social.<\/div><div>Este lugar est\u00e1 rodeado de una frondosa vegetaci\u00f3n propia de la amazonia ecuatoriana donde puedes disfrutar de la gastronom\u00eda t\u00edpica de la zona, aprender de la cultura viva, conocer las experiencias contadas en mitos y leyendas aprovechar el silencio de la selva para observar a las aves, realizar \u00a0caminatas que permitir\u00e1n tener una experiencia inolvidable en este m\u00e1gico lugar.<\/div><div><br \/><strong>Kuirarina kuchu:<\/strong>\u00a0llevar ropa de ba\u00f1o repelente de insectos, gorra, protector solar y c\u00e1mara fotogr\u00e1\ufb01ca<\/div><div><br \/><strong>Contacto:<\/strong>\u00a00984964679\u00a0<strong>Tel\u00e9fono:<\/strong>\u00a0Edwin Tanguila<\/div><\/div>\n\t\t\t\t\t\t\t\t\t<div class=\"elementor-tab-title elementor-tab-mobile-title\" aria-selected=\"false\" data-tab=\"4\" role=\"tab\" tabindex=\"-1\" aria-controls=\"elementor-tab-content-8804\" aria-expanded=\"false\">PARTERAS AMUPAKIN<\/div>\n\t\t\t\t\t<div id=\"elementor-tab-content-8804\" class=\"elementor-tab-content elementor-clearfix\" data-tab=\"4\" role=\"tabpanel\" aria-labelledby=\"elementor-tab-title-8804\" tabindex=\"0\" hidden=\"hidden\"><div><strong>\u00bfImasarasha paktana?\u00a0<\/strong>desde \u00a0el palacio Municipal Archidona dirigirse a 700 metros por la v\u00eda al Tena hasta la comunidad\u00a0 Sabata ingresar al Centro de Salud de las Parteras en la comunidad de Sabata.<br \/><br \/><\/div><div><strong>llangana rikuna kuchukuna:<\/strong>\u00a0Interpretaci\u00f3n cultural, Taller de medicina ancestral, senderismo.<br \/><br \/><\/div><div><strong>Riksichina kuchu:<\/strong>\u00a0Adela Shiguango, Do\u00f1a Catalina Mar\u00eda Antonia Shiguango Chimbo, adquiere los conocimientos necesarios por parte de su abuela y su madre para la atenci\u00f3n a mujeres en estado de gestaci\u00f3n y durante el parto, utilizando medicina ancestral. Su vocaci\u00f3n de ayudar a las dem\u00e1s y con su sabidur\u00eda ancestral decide crear la Asociaci\u00f3n de Parteras Amupakin, para ello toma contacto con las parteras de las parroquias San Pablo y Cotundo para unir fuerzas y luchar por el objetivo propuesto, obtener un centro de atenci\u00f3n digno para la mujer embarazada.<\/div><p><br \/><strong>Recomendaci\u00f3n:<\/strong>\u00a0Llevar protector solar y c\u00e1mara fotogr\u00e1\ufb01ca.<br \/><br \/><strong>Contacto:<\/strong>\u00a0Marilin Salazar<br \/><strong>Tel\u00e9fono:<\/strong>\u00a00959504576<\/p><\/div>\n\t\t\t\t\t\t\t<\/div>\n\t\t<\/div>\n\t\t\t\t\t\t<\/div>\n\t\t\t\t<\/div>\n\t\t\t\t\t<\/div>\n\t\t<\/div>\n\t\t\t\t\t<\/div>\n\t\t<\/section>\n\t\t\t\t\t<\/div>\n\t\t<\/div>\n\t\t\t\t\t<\/div>\n\t\t<\/section>\n\t\t\t\t<\/div>","protected":false},"excerpt":{"rendered":"<p>Turismo Comunitario CENTRO DE TURISMO COMUNITARIO CASCADAS Y CAVERNAS YANAYAKU CENTRO TUR\u00cdSTICO COMUNITARIO SANTA RITA \u2013 PUEBLO DE CACAO Y CHOCOLATE CENTRO TUR\u00cdSTICO COMUNITARIO AMARUN PAKCHA PARTERAS AMUPAKIN CENTRO DE TURISMO COMUNITARIO CASCADAS Y CAVERNAS YANAYAKU \u00bfC\u00f3mo llegar?:\u00a0Desde ciudad de Archidona dirigirse por la v\u00eda E45 por alrededor de 10 minutos o 3 km hasta una carretas lastrada a margen derecha el cual\u00a0 nos lleva a\u00a0 la comunidad Yanayaku. Actividades que se pueden realizar:\u00a0Recreaci\u00f3n (balneario natural), interpretaci\u00f3n de flora (uso de plantas medicinales), senderismo, fotograf\u00eda, danza, degustaci\u00f3n de platos t\u00edpico, camping. Descripci\u00f3n del atractivo:\u00a0el Centro Comunitario\u00a0 est\u00e1 conformada por personas de la nacionalidad Kichwa quienes tiene una directiva que administra los recurso tur\u00edstico con un fin social.A lo largo del rio Lushian se forma\u00a0 8 cascadas y varias cavernas, las\u00a0 cascada son de origen rocoso forma una especie de escalera de lo cual desciende las aguas del rio. La fuerza de su caudal aumenta en los meses de enero a abril y disminuye considerablemente entre los meses de junio a septiembre. La cascada yanayaku mide aproximadamente 3.5 metros de ancho por 2 metros de alto, en la base de la misma se forma una especie de piscina poco profundo.El recorrido por las 8 cascadas de Yanayaku se lo hace por el rio, la cual est\u00e1 rodeada por exuberante flora y fauna amaz\u00f3nica esto hace un lugar paradisiaco para nuestros visitantes. En la comunidad se realiza actividades como degustaci\u00f3n de platos t\u00edpicos y tradicionales, presentaci\u00f3n de danza aut\u00f3ctono, juegos tradicionales y practica de medicina ancestral-\u00a0Recomendaciones:\u00a0Llevar botas de caucho, impermeable, repelente, ropa ligera (un parada adicional), gorra, protector solar y c\u00e1mara fotogr\u00e1\ufb01ca.Contacto:\u00a0Mauricio Grefa\u00a0\u00a0\u00a0\u00a0\u00a0\u00a0\u00a0\u00a0\u00a0\u00a0\u00a0\u00a0\u00a0\u00a0\u00a0\u00a0\u00a0\u00a0\u00a0Tel\u00e9fono:\u00a00998586664 CENTRO TUR\u00cdSTICO COMUNITARIO SANTA RITA \u2013 PUEBLO DE CACAO Y CHOCOLATE \u00bfC\u00f3mo llegar?:\u00a0Desde el puente en el redondel de Archidona se recorre 7 km por v\u00eda asfaltada inicialmente, continuando por v\u00eda lastrada y posteriormente asfaltada hasta el centro de la comunidad. Las chacras se encuentra a aproximadamente 100 metros desde la cancha deportiva de \u00a0la comunidad Actividades que se pueden realizar:\u00a0Agroturismo, Interpretaci\u00f3n de las t\u00e9cnicas de cultivo y manejo de la chacra, actividades de convivencia, danza, observaci\u00f3n de proceso de elaboraci\u00f3n de chocolate artesanal, senderismo. Descripci\u00f3n del atractivo:\u00a0En la comunidad Santa Rita se encuentran dos chacras comunitarias estas se caracterizan por tener mano de obra familiar, que hace la referencia al trabajo en grupo, en la chacra se cultiva de manera ancestral, no utilizan fertilizantes artificiales, limpian el terreno y abonan con materia org\u00e1nico.La chacra es sumamente importante en el aspecto econ\u00f3mico y sociocultural esta es la fuente de ingreso econ\u00f3mico para la subsistencia de las familias. La \u00e9poca de cosecha es de enero a junio en ciclos rotativos de 15 d\u00edas, el cacao es la materia prima principal \u00a0ya que con ella elaboran el chocolate tradicional para posteriormente realizar la venta de este producto.Esta comunidad ofrece en su paquete: alimentaci\u00f3n, observaci\u00f3n de danza, guianza, senderismo, intervenci\u00f3n en el proceso de elaboraci\u00f3n del chocolate y limpia o ritual shamanic\u00f3. Recomendaciones:\u00a0llevar zapatos para tracking, impermeable, repelente, ropa ligera, gorra, protector solar y c\u00e1mara fotogr\u00e1\ufb01ca.Contacto:\u00a0Gilberto AlvaradoTel\u00e9fono:\u00a00984708840 CENTRO TUR\u00cdSTICO COMUNITARIO AMARUN PAKCHA \u00bfC\u00f3mo llegar?\u00a0Desde la ciudad de Archidona dirigirse por la carretera\u00a0 E45 v\u00eda Quito -Baeza\u00a0 hasta la \u201cY\u201d del kil\u00f3metro 24, \u00a0sector Narupa, de all\u00ed tomar la carretera\u00a0 E20\u00a0 v\u00eda Loreto Coca por alrededor de 45 minutos hasta la comunidad Wawa Sumaco.Actividades que se puede realizar:\u00a0senderismo, observaci\u00f3n de la cascada, recreaci\u00f3n (buceo), gastronom\u00eda t\u00edpica, observaci\u00f3n de aves, practica de medicina ancestral, danza y m\u00fasica aut\u00f3ctona.El centro tur\u00edstico comunitario est\u00e1 administrado personas de la nacionalidad kichwa quienes han desarrollado este emprendimiento tur\u00edstico con un fin social.Este lugar est\u00e1 rodeado de una frondosa vegetaci\u00f3n propia de la amazonia ecuatoriana donde puedes disfrutar de la gastronom\u00eda t\u00edpica de la zona, aprender de la cultura viva, conocer las experiencias contadas en mitos y leyendas aprovechar el silencio de la selva para observar a las aves, realizar \u00a0caminatas que permitir\u00e1n tener una experiencia inolvidable en este m\u00e1gico lugar.Recomendaciones:\u00a0llevar ropa de ba\u00f1o repelente de insectos, gorra, protector solar y c\u00e1mara fotogr\u00e1\ufb01caContacto:\u00a00984964679\u00a0Tel\u00e9fono:\u00a0Edwin Tanguila PARTERAS AMUPAKIN \u00bfC\u00f3mo llegar?:\u00a0desde \u00a0el palacio Municipal Archidona dirigirse a 700 metros por la v\u00eda al Tena hasta la comunidad\u00a0 Sabata ingresar al Centro de Salud de las Parteras en la comunidad de Sabata. Actividades que se pueden realizar:\u00a0Interpretaci\u00f3n cultural, Taller de medicina ancestral, senderismo. Descripci\u00f3n del atractivo:\u00a0Adela Shiguango, Do\u00f1a Catalina Mar\u00eda Antonia Shiguango Chimbo, adquiere los conocimientos necesarios por parte de su abuela y su madre para la atenci\u00f3n a mujeres en estado de gestaci\u00f3n y durante el parto, utilizando medicina ancestral. Su vocaci\u00f3n de ayudar a las dem\u00e1s y con su sabidur\u00eda ancestral decide crear la Asociaci\u00f3n de Parteras Amupakin, para ello toma contacto con las parteras de las parroquias San Pablo y Cotundo para unir fuerzas y luchar por el objetivo propuesto, obtener un centro de atenci\u00f3n digno para la mujer embarazada. Recomendaci\u00f3n:\u00a0Llevar protector solar y c\u00e1mara fotogr\u00e1\ufb01ca. Contacto:\u00a0Marilin SalazarTel\u00e9fono:\u00a00959504576<\/p>","protected":false},"author":1,"featured_media":0,"parent":0,"menu_order":0,"comment_status":"closed","ping_status":"closed","template":"","meta":{"site-sidebar-layout":"no-sidebar","site-content-layout":"page-builder","ast-site-content-layout":"","site-content-style":"default","site-sidebar-style":"default","ast-global-header-display":"","ast-banner-title-visibility":"","ast-main-header-display":"","ast-hfb-above-header-display":"","ast-hfb-below-header-display":"","ast-hfb-mobile-header-display":"","site-post-title":"disabled","ast-breadcrumbs-content":"","ast-featured-img":"disabled","footer-sml-layout":"","theme-transparent-header-meta":"default","adv-header-id-meta":"","stick-header-meta":"","header-above-stick-meta":"","header-main-stick-meta":"","header-below-stick-meta":"","astra-migrate-meta-layouts":"default","ast-page-background-enabled":"default","ast-page-background-meta":{"desktop":{"background-color":"var(--ast-global-color-4)","background-image":"","background-repeat":"repeat","background-position":"center center","background-size":"auto","background-attachment":"scroll","background-type":"","background-media":"","overlay-type":"","overlay-color":"","overlay-opacity":"","overlay-gradient":""},"tablet":{"background-color":"","background-image":"","background-repeat":"repeat","background-position":"center center","background-size":"auto","background-attachment":"scroll","background-type":"","background-media":"","overlay-type":"","overlay-color":"","overlay-opacity":"","overlay-gradient":""},"mobile":{"background-color":"","background-image":"","background-repeat":"repeat","background-position":"center center","background-size":"auto","background-attachment":"scroll","background-type":"","background-media":"","overlay-type":"","overlay-color":"","overlay-opacity":"","overlay-gradient":""}},"ast-content-background-meta":{"desktop":{"background-color":"var(--ast-global-color-5)","background-image":"","background-repeat":"repeat","background-position":"center center","background-size":"auto","background-attachment":"scroll","background-type":"","background-media":"","overlay-type":"","overlay-color":"","overlay-opacity":"","overlay-gradient":""},"tablet":{"background-color":"var(--ast-global-color-5)","background-image":"","background-repeat":"repeat","background-position":"center center","background-size":"auto","background-attachment":"scroll","background-type":"","background-media":"","overlay-type":"","overlay-color":"","overlay-opacity":"","overlay-gradient":""},"mobile":{"background-color":"var(--ast-global-color-5)","background-image":"","background-repeat":"repeat","background-position":"center center","background-size":"auto","background-attachment":"scroll","background-type":"","background-media":"","overlay-type":"","overlay-color":"","overlay-opacity":"","overlay-gradient":""}},"footnotes":""},"class_list":["post-2339","page","type-page","status-publish","hentry"],"_links":{"self":[{"href":"https:\/\/archidona.gob.ec\/ki\/wp-json\/wp\/v2\/pages\/2339","targetHints":{"allow":["GET"]}}],"collection":[{"href":"https:\/\/archidona.gob.ec\/ki\/wp-json\/wp\/v2\/pages"}],"about":[{"href":"https:\/\/archidona.gob.ec\/ki\/wp-json\/wp\/v2\/types\/page"}],"author":[{"embeddable":true,"href":"https:\/\/archidona.gob.ec\/ki\/wp-json\/wp\/v2\/users\/1"}],"replies":[{"embeddable":true,"href":"https:\/\/archidona.gob.ec\/ki\/wp-json\/wp\/v2\/comments?post=2339"}],"version-history":[{"count":10,"href":"https:\/\/archidona.gob.ec\/ki\/wp-json\/wp\/v2\/pages\/2339\/revisions"}],"predecessor-version":[{"id":2767,"href":"https:\/\/archidona.gob.ec\/ki\/wp-json\/wp\/v2\/pages\/2339\/revisions\/2767"}],"wp:attachment":[{"href":"https:\/\/archidona.gob.ec\/ki\/wp-json\/wp\/v2\/media?parent=2339"}],"curies":[{"name":"wp","href":"https:\/\/api.w.org\/{rel}","templated":true}]}}