{"id":2355,"date":"2023-01-26T23:36:15","date_gmt":"2023-01-26T23:36:15","guid":{"rendered":"https:\/\/archidona.gob.ec\/?page_id=2355"},"modified":"2023-03-24T17:21:54","modified_gmt":"2023-03-24T17:21:54","slug":"deportes-de-aventura","status":"publish","type":"page","link":"https:\/\/archidona.gob.ec\/ki\/deportes-de-aventura\/","title":{"rendered":"Pukllana Kuchukuna"},"content":{"rendered":"<div data-elementor-type=\"wp-page\" data-elementor-id=\"2355\" class=\"elementor elementor-2355\" data-elementor-post-type=\"page\">\n\t\t\t\t\t\t<section class=\"elementor-section elementor-top-section elementor-element elementor-element-28ba827 elementor-section-boxed elementor-section-height-default elementor-section-height-default wpr-particle-no wpr-jarallax-no wpr-parallax-no wpr-sticky-section-no\" data-id=\"28ba827\" data-element_type=\"section\" data-e-type=\"section\" data-settings=\"{&quot;background_background&quot;:&quot;classic&quot;}\">\n\t\t\t\t\t\t\t<div class=\"elementor-background-overlay\"><\/div>\n\t\t\t\t\t\t\t<div class=\"elementor-container elementor-column-gap-default\">\n\t\t\t\t\t<div class=\"elementor-column elementor-col-100 elementor-top-column elementor-element elementor-element-d290524\" data-id=\"d290524\" data-element_type=\"column\" data-e-type=\"column\">\n\t\t\t<div class=\"elementor-widget-wrap elementor-element-populated\">\n\t\t\t\t\t\t<section class=\"elementor-section elementor-inner-section elementor-element elementor-element-78955eb elementor-section-boxed elementor-section-height-default elementor-section-height-default wpr-particle-no wpr-jarallax-no wpr-parallax-no wpr-sticky-section-no\" data-id=\"78955eb\" data-element_type=\"section\" data-e-type=\"section\">\n\t\t\t\t\t\t<div class=\"elementor-container elementor-column-gap-default\">\n\t\t\t\t\t<div class=\"elementor-column elementor-col-100 elementor-inner-column elementor-element elementor-element-01f30cb\" data-id=\"01f30cb\" data-element_type=\"column\" data-e-type=\"column\">\n\t\t\t<div class=\"elementor-widget-wrap elementor-element-populated\">\n\t\t\t\t\t\t<div class=\"elementor-element elementor-element-9431aa3 elementor-widget elementor-widget-heading\" data-id=\"9431aa3\" data-element_type=\"widget\" data-e-type=\"widget\" data-widget_type=\"heading.default\">\n\t\t\t\t<div class=\"elementor-widget-container\">\n\t\t\t\t\t<h2 class=\"elementor-heading-title elementor-size-default\">Pukllana Kuchukuna<\/h2>\t\t\t\t<\/div>\n\t\t\t\t<\/div>\n\t\t\t\t\t<\/div>\n\t\t<\/div>\n\t\t\t\t\t<\/div>\n\t\t<\/section>\n\t\t\t\t\t<\/div>\n\t\t<\/div>\n\t\t\t\t\t<\/div>\n\t\t<\/section>\n\t\t\t\t<section class=\"elementor-section elementor-top-section elementor-element elementor-element-c8c63a8 elementor-section-boxed elementor-section-height-default elementor-section-height-default wpr-particle-no wpr-jarallax-no wpr-parallax-no wpr-sticky-section-no\" data-id=\"c8c63a8\" data-element_type=\"section\" data-e-type=\"section\">\n\t\t\t\t\t\t<div class=\"elementor-container elementor-column-gap-default\">\n\t\t\t\t\t<div class=\"elementor-column elementor-col-100 elementor-top-column elementor-element elementor-element-4e26d4b\" data-id=\"4e26d4b\" data-element_type=\"column\" data-e-type=\"column\">\n\t\t\t<div class=\"elementor-widget-wrap elementor-element-populated\">\n\t\t\t\t\t\t<section class=\"elementor-section elementor-inner-section elementor-element elementor-element-ce14851 elementor-section-boxed elementor-section-height-default elementor-section-height-default wpr-particle-no wpr-jarallax-no wpr-parallax-no wpr-sticky-section-no\" data-id=\"ce14851\" data-element_type=\"section\" data-e-type=\"section\">\n\t\t\t\t\t\t<div class=\"elementor-container elementor-column-gap-default\">\n\t\t\t\t\t<div class=\"elementor-column elementor-col-100 elementor-inner-column elementor-element elementor-element-9cdff46\" data-id=\"9cdff46\" data-element_type=\"column\" data-e-type=\"column\">\n\t\t\t<div class=\"elementor-widget-wrap elementor-element-populated\">\n\t\t\t\t\t\t<div class=\"elementor-element elementor-element-53f8b9c elementor-tabs-view-vertical elementor-widget elementor-widget-tabs\" data-id=\"53f8b9c\" data-element_type=\"widget\" data-e-type=\"widget\" data-widget_type=\"tabs.default\">\n\t\t\t\t<div class=\"elementor-widget-container\">\n\t\t\t\t\t\t\t<div class=\"elementor-tabs\">\n\t\t\t<div class=\"elementor-tabs-wrapper\" role=\"tablist\" >\n\t\t\t\t\t\t\t\t\t<div id=\"elementor-tab-title-8801\" class=\"elementor-tab-title elementor-tab-desktop-title\" aria-selected=\"true\" data-tab=\"1\" role=\"tab\" tabindex=\"0\" aria-controls=\"elementor-tab-content-8801\" aria-expanded=\"false\">CASCADA CHONTAYAKU<\/div>\n\t\t\t\t\t\t\t\t\t<div id=\"elementor-tab-title-8802\" class=\"elementor-tab-title elementor-tab-desktop-title\" aria-selected=\"false\" data-tab=\"2\" role=\"tab\" tabindex=\"-1\" aria-controls=\"elementor-tab-content-8802\" aria-expanded=\"false\">CASCADA GRAN CA\u00d1\u00d3N<\/div>\n\t\t\t\t\t\t\t\t\t<div id=\"elementor-tab-title-8803\" class=\"elementor-tab-title elementor-tab-desktop-title\" aria-selected=\"false\" data-tab=\"3\" role=\"tab\" tabindex=\"-1\" aria-controls=\"elementor-tab-content-8803\" aria-expanded=\"false\">LAGUNA LA MICA<\/div>\n\t\t\t\t\t\t\t\t\t<div id=\"elementor-tab-title-8804\" class=\"elementor-tab-title elementor-tab-desktop-title\" aria-selected=\"false\" data-tab=\"4\" role=\"tab\" tabindex=\"-1\" aria-controls=\"elementor-tab-content-8804\" aria-expanded=\"false\">CASCADA DEL R\u00cdO HOLL\u00cdN<\/div>\n\t\t\t\t\t\t\t\t\t<div id=\"elementor-tab-title-8805\" class=\"elementor-tab-title elementor-tab-desktop-title\" aria-selected=\"false\" data-tab=\"5\" role=\"tab\" tabindex=\"-1\" aria-controls=\"elementor-tab-content-8805\" aria-expanded=\"false\">CASCADA NARUPA<\/div>\n\t\t\t\t\t\t\t<\/div>\n\t\t\t<div class=\"elementor-tabs-content-wrapper\" role=\"tablist\" aria-orientation=\"vertical\">\n\t\t\t\t\t\t\t\t\t<div class=\"elementor-tab-title elementor-tab-mobile-title\" aria-selected=\"true\" data-tab=\"1\" role=\"tab\" tabindex=\"0\" aria-controls=\"elementor-tab-content-8801\" aria-expanded=\"false\">CASCADA CHONTAYAKU<\/div>\n\t\t\t\t\t<div id=\"elementor-tab-content-8801\" class=\"elementor-tab-content elementor-clearfix\" data-tab=\"1\" role=\"tabpanel\" aria-labelledby=\"elementor-tab-title-8801\" tabindex=\"0\" hidden=\"false\"><p><strong>\u00bfImasarasha paktana?<\/strong>\u00a0Archidona Kuchumanda rinamangui 6\u00bd km wira rurashga \u00f1ambiwua Cotundo Kitili paktanaimi tuparin kay Zoologico el Arca.<br \/><br \/><strong>llangana rikuna kuchukuna:<\/strong>\u00a0Purina kuchu tuparinmi sachakuna, sisakuna, wiwakuna.<br \/><br \/><strong>Riksichina kuchu:<\/strong><br \/><br \/>kay Arca kuchu charinmi sumak rukunakunara chushku chunka sukta wiwakunatami charin \nastanwas tukuy samikunarami riksichinun Napu markapi shinallara Ecuador mamallaktapi.<br \/><br \/>kay zoologico charinmi pusak allpakunatami tiashka imasami chiukupi tuparin ashka wiwakuna, ruyakuna, machaukuy tuparin kay allpapi.<br \/><br \/>Recomendaciones: Llevar zapatos para trekking, repelente, ropa ligera, gorra, protector solar y c\u00e1mara fotogr\u00e1\ufb01ca.<br \/><br \/><strong>Contacto:<\/strong> C\u00e9sar Chal\u00e1<br \/><strong>Tel\u00e9fono:<\/strong> 0984611553<\/p><\/div>\n\t\t\t\t\t\t\t\t\t<div class=\"elementor-tab-title elementor-tab-mobile-title\" aria-selected=\"false\" data-tab=\"2\" role=\"tab\" tabindex=\"-1\" aria-controls=\"elementor-tab-content-8802\" aria-expanded=\"false\">CASCADA GRAN CA\u00d1\u00d3N<\/div>\n\t\t\t\t\t<div id=\"elementor-tab-content-8802\" class=\"elementor-tab-content elementor-clearfix\" data-tab=\"2\" role=\"tabpanel\" aria-labelledby=\"elementor-tab-title-8802\" tabindex=\"0\" hidden=\"hidden\"><p><strong>\u00bfImasarasha paktana?<\/strong>\u00a0\u00a0Desde la ciudad de Archidona dirigirse por la v\u00eda E45 hasta el kil\u00f3metro 10\u00a0 v\u00eda Archidona \u2013Quito, en este lugar se encuentra \u00a0comunidad Mondayacu desde all\u00ed dirigirse por una v\u00eda empedrada a margen derecho por alrededor de 10 min.<br \/><br \/><strong>Que se pueden realizar<\/strong>: Recreaci\u00f3n (balneario natural), Aventurismo, Interpretaci\u00f3n de flora (uso de plantas medicinales)<br \/><br \/><strong>Riksichina kuchu:<\/strong>\u00a0El Ca\u00f1\u00f3n presenta un di\u00e1metro de 20 metros aproximadamente, en la base forma una laguna, la misma que posee una profundidad de 4 a 5 metros aproximadamente, esta se alimenta de una peque\u00f1a cascada que sale de una cueva, que tiene 10 metros de profundidad, formada por la erosi\u00f3n del agua, en el interior de la cueva se ha adecuado una escalera la cual conduce hacia la parte alta justo encima de la laguna, de donde la gente se lanza a la laguna<br \/><br \/><strong>Kuirarina kuchu:\u00a0<\/strong>llevar botas de caucho, impermeable, repelente, ropa ligera (un parada adicional), gorra, protector solar y c\u00e1mara fotogr\u00e1fica.<br \/><br \/><strong>Costo:<\/strong> 2,50 USD por pax<\/p><\/div>\n\t\t\t\t\t\t\t\t\t<div class=\"elementor-tab-title elementor-tab-mobile-title\" aria-selected=\"false\" data-tab=\"3\" role=\"tab\" tabindex=\"-1\" aria-controls=\"elementor-tab-content-8803\" aria-expanded=\"false\">LAGUNA LA MICA<\/div>\n\t\t\t\t\t<div id=\"elementor-tab-content-8803\" class=\"elementor-tab-content elementor-clearfix\" data-tab=\"3\" role=\"tabpanel\" aria-labelledby=\"elementor-tab-title-8803\" tabindex=\"0\" hidden=\"hidden\"><div><strong>\u00bfImasarasha paktana?<\/strong>\u00a0Desde Quito a la Mica. Se toma la v\u00eda Quito-Sangolqu\u00ed-P\u00edntag.<\/div><div>Desde el parque central de P\u00edntag se contin\u00faa por la v\u00eda hacia el volc\u00e1n Antisana (apta para todo tipo de veh\u00edculo) hasta llegar al puesto de control de La Mica que se encuentra a 35 kil\u00f3metros y 45 minutos de recorrido (desde P\u00edntag).<br \/><br \/><\/div><div><strong>llangana rikuna kuchukuna:<\/strong>\u00a0Observaci\u00f3n de aves (C\u00f3ndor),\u00a0 mam\u00edferos, pesca deportiva, fotograf\u00eda, caminatas, ciclismo.<\/div><div><br \/><strong>Riksichina kuchu:<\/strong>\u00a0Laguna La Mica Es de origen glaciar y en la actualidad se encuentra represada, pues all\u00ed la Empresa Municipal de \u00a0Agua Potable de Quito construy\u00f3 un reservorio\u00a0 \u00a0gracias al cual se abastece de agua a una cuarta parte de la poblaci\u00f3n de la capital. La laguna es un espect\u00e1culo que mezcla la ingenier\u00eda de la represa con las bondades de la naturaleza, ya que en sus fr\u00edas pero nutritivas aguas nadan patos, chupiles y gallaretas. Las gaviotas, ligles, bandurrias y algunas aves migratorias como los playeros de picos rectos y chorlos de patas largas vuelan y anidan en sus alrededores.<\/div><div><br \/><strong>Contacto:<\/strong>\u00a0Patricio Taco\u00a0\u00a0\u00a0\u00a0\u00a0\u00a0\u00a0<strong>Tel\u00e9fono:<\/strong>\u00a0022384971<\/div><\/div>\n\t\t\t\t\t\t\t\t\t<div class=\"elementor-tab-title elementor-tab-mobile-title\" aria-selected=\"false\" data-tab=\"4\" role=\"tab\" tabindex=\"-1\" aria-controls=\"elementor-tab-content-8804\" aria-expanded=\"false\">CASCADA DEL R\u00cdO HOLL\u00cdN<\/div>\n\t\t\t\t\t<div id=\"elementor-tab-content-8804\" class=\"elementor-tab-content elementor-clearfix\" data-tab=\"4\" role=\"tabpanel\" aria-labelledby=\"elementor-tab-title-8804\" tabindex=\"0\" hidden=\"hidden\"><div><strong>\u00bfC\u00f3mo llegar? :\u00a0<\/strong>Desde la ciudad de Archidona dirigirse hasta la Y \u201ckm 24\u201d\u00a0 de all\u00ed \u00a0tomar \u00a0la v\u00eda asfaltada Narupa-Holl\u00edn-Loreto-Coca, por el rededor de 20 minutos\u00a0 y de ah\u00ed se ingresa caminando por un sendero aproximadamente 10 min hasta llegar al atractivo.<\/div><div><br \/><strong>llangana rikuna kuchukuna:\u00a0<\/strong>Recreaci\u00f3n (balneario natural) kayak, Observaci\u00f3n de aves, Interpretaci\u00f3n de flora, Estudios cient\u00edficos.<\/div><div><br \/><strong>Riksichina kuchu:\u00a0<\/strong>Esta cascada mide 20 metros de alto aproximadamente, proviene del r\u00edo del mismo nombre, en la parte inferior de la cascada se forma una especie de hondonada de 4 metros aproximadamente, frente a esta podemos encontrar un \u00e1rea rocosa la cual permite observar la majestuosa cascada, se la puede apreciar desde la v\u00eda ya que se encuentra muy cerca de ella.<\/div><div>Sus aguas son cristalinas en la parte que desemboca la cascada sin embargo suele volverse turbia debido a las condiciones clim\u00e1ticas.<\/div><div><br \/><strong>Kuirarina kuchu:\u00a0<\/strong>llevar botas de caucho, repelente, ropa ligera (una parada adicional), gorra y c\u00e1mara fotogr\u00e1fica<\/div><p><br \/><br \/><strong>Costo:<\/strong>\u00a01 d\u00f3lar por pax.<br \/><br \/><strong>Contacto:<\/strong>\u00a0Leny V\u00e1squez\u00a0\u00a0\u00a0\u00a0\u00a0\u00a0\u00a0\u00a0\u00a0\u00a0\u00a0\u00a0\u00a0\u00a0\u00a0\u00a0\u00a0\u00a0\u00a0\u00a0\u00a0\u00a0\u00a0\u00a0\u00a0\u00a0<strong>Tel\u00e9fono:<\/strong>\u00a0(06) 3018479<\/p><\/div>\n\t\t\t\t\t\t\t\t\t<div class=\"elementor-tab-title elementor-tab-mobile-title\" aria-selected=\"false\" data-tab=\"5\" role=\"tab\" tabindex=\"-1\" aria-controls=\"elementor-tab-content-8805\" aria-expanded=\"false\">CASCADA NARUPA<\/div>\n\t\t\t\t\t<div id=\"elementor-tab-content-8805\" class=\"elementor-tab-content elementor-clearfix\" data-tab=\"5\" role=\"tabpanel\" aria-labelledby=\"elementor-tab-title-8805\" tabindex=\"0\" hidden=\"hidden\"><div><strong>\u00bfImasarasha paktana?<\/strong>\u00a0Desde la \u201cY\u201d de Narupa se recorre 2 km por v\u00eda de pavimento r\u00edgido por la carretera Archidona &#8211; Coca. A partir de este punto se debe recorrer un sendero de aproximadamente 2 km \u00a0hasta llegar al atractivo.<br \/><br \/><\/div><div><strong>Riksichina kuchu:<\/strong>\u00a0El agua circula a lo largo de una formaci\u00f3n rocosa plana que tiene una ca\u00edda de 20 metros aproximadamente y en la base de la misma se forma una poza que tiene una profundidad no mayor a 2 metros.<\/div><div>En la parte superior de la cascada se pueden apreciar un sinn\u00famero de grandes rocas que encierran por unos segundos al agua formando a manera de una peque\u00f1a piscina que luego desborda y cae por la cascada. El atractivo se encuentra dentro de la propiedad del Sr. \u00c1ngel Tanguila Andy.<br \/><br \/><\/div><div><strong>Kuirarina kuchu:<\/strong>\u00a0llevar botas de caucho, impermeable, repelente, ropa ligera (un parada adicional), gorra, protector solar y c\u00e1mara fotogr\u00e1\ufb01ca.<\/div><p><br \/><strong>Contactos:<\/strong>\u00a0 \u00c1ngel Tanguila\u00a0\u00a0\u00a0\u00a0\u00a0\u00a0\u00a0\u00a0\u00a0\u00a0\u00a0\u00a0\u00a0\u00a0\u00a0 \u00a0<strong>Tel\u00e9fono:<\/strong>\u00a00998497848<\/p><\/div>\n\t\t\t\t\t\t\t<\/div>\n\t\t<\/div>\n\t\t\t\t\t\t<\/div>\n\t\t\t\t<\/div>\n\t\t\t\t\t<\/div>\n\t\t<\/div>\n\t\t\t\t\t<\/div>\n\t\t<\/section>\n\t\t\t\t\t<\/div>\n\t\t<\/div>\n\t\t\t\t\t<\/div>\n\t\t<\/section>\n\t\t\t\t<\/div>","protected":false},"excerpt":{"rendered":"<p>Deportes de Aventura CASCADA CHONTAYAKU CASCADA GRAN CA\u00d1\u00d3N LAGUNA LA MICA CASCADA DEL R\u00cdO HOLL\u00cdN CASCADA NARUPA CASCADA CHONTAYAKU \u00bfC\u00f3mo llegar?:\u00a0Desde el cant\u00f3n Archidona se recorre 6\u00bd km por la v\u00eda asfaltada Archidona-Cotundo hasta la entrada al zool\u00f3gico. Actividades que se pueden realizar:\u00a0Interpretaci\u00f3n de fauna, caminata, fotograf\u00eda. Descripci\u00f3n del atractivo: El Arca con varios a\u00f1os de funcionamiento,es un centro de rescate legalmente reconocido que alberga alrededor de 46 especies de animales silvestres, la mayor\u00eda de \u00e9stas han llegado al centro como resultado de los procesos de decomiso efectuados por el Ministerio del Ambiente del Ecuador. El zool\u00f3gico tiene una extensi\u00f3n total de 8 hect\u00e1reas en las cuales se han construido y adaptado espacios para albergar a las distintas especies, las mismas que pueden ser observadas al recorrer un sendero de 1 km en compa\u00f1\u00eda de un gu\u00eda quien relata la historia y particularidades de cada uno de las especies, el recorrido dura de 45 minutos a una hora. Recomendaciones: Llevar zapatos para trekking, repelente, ropa ligera, gorra, protector solar y c\u00e1mara fotogr\u00e1\ufb01ca. Contacto: C\u00e9sar Chal\u00e1Tel\u00e9fono: 0984611553 CASCADA GRAN CA\u00d1\u00d3N \u00bfC\u00f3mo llegar?\u00a0\u00a0Desde la ciudad de Archidona dirigirse por la v\u00eda E45 hasta el kil\u00f3metro 10\u00a0 v\u00eda Archidona \u2013Quito, en este lugar se encuentra \u00a0comunidad Mondayacu desde all\u00ed dirigirse por una v\u00eda empedrada a margen derecho por alrededor de 10 min. Que se pueden realizar: Recreaci\u00f3n (balneario natural), Aventurismo, Interpretaci\u00f3n de flora (uso de plantas medicinales) Descripci\u00f3n del atractivo:\u00a0El Ca\u00f1\u00f3n presenta un di\u00e1metro de 20 metros aproximadamente, en la base forma una laguna, la misma que posee una profundidad de 4 a 5 metros aproximadamente, esta se alimenta de una peque\u00f1a cascada que sale de una cueva, que tiene 10 metros de profundidad, formada por la erosi\u00f3n del agua, en el interior de la cueva se ha adecuado una escalera la cual conduce hacia la parte alta justo encima de la laguna, de donde la gente se lanza a la laguna Recomendaciones:\u00a0llevar botas de caucho, impermeable, repelente, ropa ligera (un parada adicional), gorra, protector solar y c\u00e1mara fotogr\u00e1fica. Costo: 2,50 USD por pax LAGUNA LA MICA \u00bfC\u00f3mo llegar?:\u00a0Desde Quito a la Mica. Se toma la v\u00eda Quito-Sangolqu\u00ed-P\u00edntag.Desde el parque central de P\u00edntag se contin\u00faa por la v\u00eda hacia el volc\u00e1n Antisana (apta para todo tipo de veh\u00edculo) hasta llegar al puesto de control de La Mica que se encuentra a 35 kil\u00f3metros y 45 minutos de recorrido (desde P\u00edntag). Actividades que se pueden realizar:\u00a0Observaci\u00f3n de aves (C\u00f3ndor),\u00a0 mam\u00edferos, pesca deportiva, fotograf\u00eda, caminatas, ciclismo.Descripci\u00f3n del atractivo:\u00a0Laguna La Mica Es de origen glaciar y en la actualidad se encuentra represada, pues all\u00ed la Empresa Municipal de \u00a0Agua Potable de Quito construy\u00f3 un reservorio\u00a0 \u00a0gracias al cual se abastece de agua a una cuarta parte de la poblaci\u00f3n de la capital. La laguna es un espect\u00e1culo que mezcla la ingenier\u00eda de la represa con las bondades de la naturaleza, ya que en sus fr\u00edas pero nutritivas aguas nadan patos, chupiles y gallaretas. Las gaviotas, ligles, bandurrias y algunas aves migratorias como los playeros de picos rectos y chorlos de patas largas vuelan y anidan en sus alrededores.Contacto:\u00a0Patricio Taco\u00a0\u00a0\u00a0\u00a0\u00a0\u00a0\u00a0Tel\u00e9fono:\u00a0022384971 CASCADA DEL R\u00cdO HOLL\u00cdN \u00bfC\u00f3mo llegar? :\u00a0Desde la ciudad de Archidona dirigirse hasta la Y \u201ckm 24\u201d\u00a0 de all\u00ed \u00a0tomar \u00a0la v\u00eda asfaltada Narupa-Holl\u00edn-Loreto-Coca, por el rededor de 20 minutos\u00a0 y de ah\u00ed se ingresa caminando por un sendero aproximadamente 10 min hasta llegar al atractivo.Actividades que se pueden realizar:\u00a0Recreaci\u00f3n (balneario natural) kayak, Observaci\u00f3n de aves, Interpretaci\u00f3n de flora, Estudios cient\u00edficos.Descripci\u00f3n del atractivo:\u00a0Esta cascada mide 20 metros de alto aproximadamente, proviene del r\u00edo del mismo nombre, en la parte inferior de la cascada se forma una especie de hondonada de 4 metros aproximadamente, frente a esta podemos encontrar un \u00e1rea rocosa la cual permite observar la majestuosa cascada, se la puede apreciar desde la v\u00eda ya que se encuentra muy cerca de ella.Sus aguas son cristalinas en la parte que desemboca la cascada sin embargo suele volverse turbia debido a las condiciones clim\u00e1ticas.Recomendaciones:\u00a0llevar botas de caucho, repelente, ropa ligera (una parada adicional), gorra y c\u00e1mara fotogr\u00e1fica Costo:\u00a01 d\u00f3lar por pax. Contacto:\u00a0Leny V\u00e1squez\u00a0\u00a0\u00a0\u00a0\u00a0\u00a0\u00a0\u00a0\u00a0\u00a0\u00a0\u00a0\u00a0\u00a0\u00a0\u00a0\u00a0\u00a0\u00a0\u00a0\u00a0\u00a0\u00a0\u00a0\u00a0\u00a0Tel\u00e9fono:\u00a0(06) 3018479 CASCADA NARUPA \u00bfC\u00f3mo llegar?:\u00a0Desde la \u201cY\u201d de Narupa se recorre 2 km por v\u00eda de pavimento r\u00edgido por la carretera Archidona &#8211; Coca. A partir de este punto se debe recorrer un sendero de aproximadamente 2 km \u00a0hasta llegar al atractivo. Descripci\u00f3n del atractivo:\u00a0El agua circula a lo largo de una formaci\u00f3n rocosa plana que tiene una ca\u00edda de 20 metros aproximadamente y en la base de la misma se forma una poza que tiene una profundidad no mayor a 2 metros.En la parte superior de la cascada se pueden apreciar un sinn\u00famero de grandes rocas que encierran por unos segundos al agua formando a manera de una peque\u00f1a piscina que luego desborda y cae por la cascada. El atractivo se encuentra dentro de la propiedad del Sr. \u00c1ngel Tanguila Andy. Recomendaciones:\u00a0llevar botas de caucho, impermeable, repelente, ropa ligera (un parada adicional), gorra, protector solar y c\u00e1mara fotogr\u00e1\ufb01ca. Contactos:\u00a0 \u00c1ngel Tanguila\u00a0\u00a0\u00a0\u00a0\u00a0\u00a0\u00a0\u00a0\u00a0\u00a0\u00a0\u00a0\u00a0\u00a0\u00a0 \u00a0Tel\u00e9fono:\u00a00998497848<\/p>","protected":false},"author":1,"featured_media":0,"parent":0,"menu_order":0,"comment_status":"closed","ping_status":"closed","template":"","meta":{"site-sidebar-layout":"no-sidebar","site-content-layout":"page-builder","ast-site-content-layout":"","site-content-style":"default","site-sidebar-style":"default","ast-global-header-display":"","ast-banner-title-visibility":"","ast-main-header-display":"","ast-hfb-above-header-display":"","ast-hfb-below-header-display":"","ast-hfb-mobile-header-display":"","site-post-title":"disabled","ast-breadcrumbs-content":"","ast-featured-img":"disabled","footer-sml-layout":"","theme-transparent-header-meta":"default","adv-header-id-meta":"","stick-header-meta":"","header-above-stick-meta":"","header-main-stick-meta":"","header-below-stick-meta":"","astra-migrate-meta-layouts":"default","ast-page-background-enabled":"default","ast-page-background-meta":{"desktop":{"background-color":"var(--ast-global-color-4)","background-image":"","background-repeat":"repeat","background-position":"center center","background-size":"auto","background-attachment":"scroll","background-type":"","background-media":"","overlay-type":"","overlay-color":"","overlay-opacity":"","overlay-gradient":""},"tablet":{"background-color":"","background-image":"","background-repeat":"repeat","background-position":"center center","background-size":"auto","background-attachment":"scroll","background-type":"","background-media":"","overlay-type":"","overlay-color":"","overlay-opacity":"","overlay-gradient":""},"mobile":{"background-color":"","background-image":"","background-repeat":"repeat","background-position":"center center","background-size":"auto","background-attachment":"scroll","background-type":"","background-media":"","overlay-type":"","overlay-color":"","overlay-opacity":"","overlay-gradient":""}},"ast-content-background-meta":{"desktop":{"background-color":"var(--ast-global-color-5)","background-image":"","background-repeat":"repeat","background-position":"center center","background-size":"auto","background-attachment":"scroll","background-type":"","background-media":"","overlay-type":"","overlay-color":"","overlay-opacity":"","overlay-gradient":""},"tablet":{"background-color":"var(--ast-global-color-5)","background-image":"","background-repeat":"repeat","background-position":"center center","background-size":"auto","background-attachment":"scroll","background-type":"","background-media":"","overlay-type":"","overlay-color":"","overlay-opacity":"","overlay-gradient":""},"mobile":{"background-color":"var(--ast-global-color-5)","background-image":"","background-repeat":"repeat","background-position":"center center","background-size":"auto","background-attachment":"scroll","background-type":"","background-media":"","overlay-type":"","overlay-color":"","overlay-opacity":"","overlay-gradient":""}},"footnotes":""},"class_list":["post-2355","page","type-page","status-publish","hentry"],"_links":{"self":[{"href":"https:\/\/archidona.gob.ec\/ki\/wp-json\/wp\/v2\/pages\/2355","targetHints":{"allow":["GET"]}}],"collection":[{"href":"https:\/\/archidona.gob.ec\/ki\/wp-json\/wp\/v2\/pages"}],"about":[{"href":"https:\/\/archidona.gob.ec\/ki\/wp-json\/wp\/v2\/types\/page"}],"author":[{"embeddable":true,"href":"https:\/\/archidona.gob.ec\/ki\/wp-json\/wp\/v2\/users\/1"}],"replies":[{"embeddable":true,"href":"https:\/\/archidona.gob.ec\/ki\/wp-json\/wp\/v2\/comments?post=2355"}],"version-history":[{"count":7,"href":"https:\/\/archidona.gob.ec\/ki\/wp-json\/wp\/v2\/pages\/2355\/revisions"}],"predecessor-version":[{"id":2788,"href":"https:\/\/archidona.gob.ec\/ki\/wp-json\/wp\/v2\/pages\/2355\/revisions\/2788"}],"wp:attachment":[{"href":"https:\/\/archidona.gob.ec\/ki\/wp-json\/wp\/v2\/media?parent=2355"}],"curies":[{"name":"wp","href":"https:\/\/api.w.org\/{rel}","templated":true}]}}