{"id":2368,"date":"2023-01-26T23:42:28","date_gmt":"2023-01-26T23:42:28","guid":{"rendered":"https:\/\/archidona.gob.ec\/?page_id=2368"},"modified":"2023-03-24T17:19:57","modified_gmt":"2023-03-24T17:19:57","slug":"turismo-religioso","status":"publish","type":"page","link":"https:\/\/archidona.gob.ec\/ki\/turismo-religioso\/","title":{"rendered":"Turismo religioso"},"content":{"rendered":"<div data-elementor-type=\"wp-page\" data-elementor-id=\"2368\" class=\"elementor elementor-2368\" data-elementor-post-type=\"page\">\n\t\t\t\t\t\t<section class=\"elementor-section elementor-top-section elementor-element elementor-element-28ba827 elementor-section-boxed elementor-section-height-default elementor-section-height-default wpr-particle-no wpr-jarallax-no wpr-parallax-no wpr-sticky-section-no\" data-id=\"28ba827\" data-element_type=\"section\" data-e-type=\"section\" data-settings=\"{&quot;background_background&quot;:&quot;classic&quot;}\">\n\t\t\t\t\t\t\t<div class=\"elementor-background-overlay\"><\/div>\n\t\t\t\t\t\t\t<div class=\"elementor-container elementor-column-gap-default\">\n\t\t\t\t\t<div class=\"elementor-column elementor-col-100 elementor-top-column elementor-element elementor-element-d290524\" data-id=\"d290524\" data-element_type=\"column\" data-e-type=\"column\">\n\t\t\t<div class=\"elementor-widget-wrap elementor-element-populated\">\n\t\t\t\t\t\t<section class=\"elementor-section elementor-inner-section elementor-element elementor-element-78955eb elementor-section-boxed elementor-section-height-default elementor-section-height-default wpr-particle-no wpr-jarallax-no wpr-parallax-no wpr-sticky-section-no\" data-id=\"78955eb\" data-element_type=\"section\" data-e-type=\"section\">\n\t\t\t\t\t\t<div class=\"elementor-container elementor-column-gap-default\">\n\t\t\t\t\t<div class=\"elementor-column elementor-col-100 elementor-inner-column elementor-element elementor-element-01f30cb\" data-id=\"01f30cb\" data-element_type=\"column\" data-e-type=\"column\">\n\t\t\t<div class=\"elementor-widget-wrap elementor-element-populated\">\n\t\t\t\t\t\t<div class=\"elementor-element elementor-element-9431aa3 elementor-widget elementor-widget-heading\" data-id=\"9431aa3\" data-element_type=\"widget\" data-e-type=\"widget\" data-widget_type=\"heading.default\">\n\t\t\t\t<div class=\"elementor-widget-container\">\n\t\t\t\t\t<h2 class=\"elementor-heading-title elementor-size-default\">Turismo religioso<\/h2>\t\t\t\t<\/div>\n\t\t\t\t<\/div>\n\t\t\t\t\t<\/div>\n\t\t<\/div>\n\t\t\t\t\t<\/div>\n\t\t<\/section>\n\t\t\t\t\t<\/div>\n\t\t<\/div>\n\t\t\t\t\t<\/div>\n\t\t<\/section>\n\t\t\t\t<section class=\"elementor-section elementor-top-section elementor-element elementor-element-c8c63a8 elementor-section-boxed elementor-section-height-default elementor-section-height-default wpr-particle-no wpr-jarallax-no wpr-parallax-no wpr-sticky-section-no\" data-id=\"c8c63a8\" data-element_type=\"section\" data-e-type=\"section\">\n\t\t\t\t\t\t<div class=\"elementor-container elementor-column-gap-default\">\n\t\t\t\t\t<div class=\"elementor-column elementor-col-100 elementor-top-column elementor-element elementor-element-4e26d4b\" data-id=\"4e26d4b\" data-element_type=\"column\" data-e-type=\"column\">\n\t\t\t<div class=\"elementor-widget-wrap elementor-element-populated\">\n\t\t\t\t\t\t<section class=\"elementor-section elementor-inner-section elementor-element elementor-element-ce14851 elementor-section-boxed elementor-section-height-default elementor-section-height-default wpr-particle-no wpr-jarallax-no wpr-parallax-no wpr-sticky-section-no\" data-id=\"ce14851\" data-element_type=\"section\" data-e-type=\"section\">\n\t\t\t\t\t\t<div class=\"elementor-container elementor-column-gap-default\">\n\t\t\t\t\t<div class=\"elementor-column elementor-col-100 elementor-inner-column elementor-element elementor-element-9cdff46\" data-id=\"9cdff46\" data-element_type=\"column\" data-e-type=\"column\">\n\t\t\t<div class=\"elementor-widget-wrap elementor-element-populated\">\n\t\t\t\t\t\t<div class=\"elementor-element elementor-element-53f8b9c elementor-tabs-view-vertical elementor-widget elementor-widget-tabs\" data-id=\"53f8b9c\" data-element_type=\"widget\" data-e-type=\"widget\" data-widget_type=\"tabs.default\">\n\t\t\t\t<div class=\"elementor-widget-container\">\n\t\t\t\t\t\t\t<div class=\"elementor-tabs\">\n\t\t\t<div class=\"elementor-tabs-wrapper\" role=\"tablist\" >\n\t\t\t\t\t\t\t\t\t<div id=\"elementor-tab-title-8801\" class=\"elementor-tab-title elementor-tab-desktop-title\" aria-selected=\"true\" data-tab=\"1\" role=\"tab\" tabindex=\"0\" aria-controls=\"elementor-tab-content-8801\" aria-expanded=\"false\">IGLESIA DEL SAGRADO CORAZ\u00d3N DE JES\u00daS DE ARCHIDONA<\/div>\n\t\t\t\t\t\t\t\t\t<div id=\"elementor-tab-title-8802\" class=\"elementor-tab-title elementor-tab-desktop-title\" aria-selected=\"false\" data-tab=\"2\" role=\"tab\" tabindex=\"-1\" aria-controls=\"elementor-tab-content-8802\" aria-expanded=\"false\">IGLESIA SANTUARIO LA VIRGEN DEL QUINCHE DE COTUNDO<\/div>\n\t\t\t\t\t\t\t<\/div>\n\t\t\t<div class=\"elementor-tabs-content-wrapper\" role=\"tablist\" aria-orientation=\"vertical\">\n\t\t\t\t\t\t\t\t\t<div class=\"elementor-tab-title elementor-tab-mobile-title\" aria-selected=\"true\" data-tab=\"1\" role=\"tab\" tabindex=\"0\" aria-controls=\"elementor-tab-content-8801\" aria-expanded=\"false\">IGLESIA DEL SAGRADO CORAZ\u00d3N DE JES\u00daS DE ARCHIDONA<\/div>\n\t\t\t\t\t<div id=\"elementor-tab-content-8801\" class=\"elementor-tab-content elementor-clearfix\" data-tab=\"1\" role=\"tabpanel\" aria-labelledby=\"elementor-tab-title-8801\" tabindex=\"0\" hidden=\"false\"><p><strong>\u00bfImasarasha paktana?<\/strong>\u00a0Archidona kuchupimi tuparin kay yachana wasi rayay t\u00e9cnico Mar\u00eda Imaculada.<br \/><br \/><strong>llangana rikuna kuchukuna:<\/strong>\u00a0Sumak llanganakunami tian imashina takikna, tushunakuna shinallara Fotograf\u00eda.<br \/><br \/><strong>Riksichina kuchu:<\/strong>\u00a0Kay iglesia del Sagrado Coraz\u00f3n de Jes\u00fas Archidona kitipi tuparin imasami astanwas llangashami apamurianushka 1950 watamanda , hatun wasirami ruranushka, charinmi pungu, wintana, shinallara kaspi palakunawami tiashka.<br \/><br \/>Se accede desde una plaza por gradas semicirculares, hasta el n\u00e1rtex de cuyo costado izquierdo se sube al coro, a su lado derecho esta una capilla; se aprecia \u00fanicamente una sola nave, en cuyo remate, est\u00e1 el p\u00falpito, en semic\u00edrculo, y flanqueada por dos puertas, donde se ingresa a la sacrist\u00eda, la misma que sigue el mismo trazado del p\u00falpito. Desde el \u00e1bside, y hacia los costados, dos capillas, desde las cuales se puede salir fuera del templo. Contiene dos estatuas de San Jos\u00e9 y otra de Santa Marianita, en el altar se encuentra un cruci\ufb01co que data de \ufb01nes del siglo XVIII.\u00a0 La iglesia fue inaugurada el 21 de junio de 1954.<br \/><br \/><strong>Kuirarina kuchu:<\/strong>\u00a0Purigrina anguichi Sabado y Domingo puncha shinalla apana anguichi c\u00e1mara de fotograf\u00eda<br \/><br \/><strong>Contacto:<\/strong>\u00a0Juan Maissanche<br \/><strong>Tel\u00e9fono:<\/strong>\u00a0062889141<\/p><\/div>\n\t\t\t\t\t\t\t\t\t<div class=\"elementor-tab-title elementor-tab-mobile-title\" aria-selected=\"false\" data-tab=\"2\" role=\"tab\" tabindex=\"-1\" aria-controls=\"elementor-tab-content-8802\" aria-expanded=\"false\">IGLESIA SANTUARIO LA VIRGEN DEL QUINCHE DE COTUNDO<\/div>\n\t\t\t\t\t<div id=\"elementor-tab-content-8802\" class=\"elementor-tab-content elementor-clearfix\" data-tab=\"2\" role=\"tabpanel\" aria-labelledby=\"elementor-tab-title-8802\" tabindex=\"0\" hidden=\"hidden\"><div><strong>\u00bfImasarasha paktana?<\/strong>\u00a0Se encuentra a 8 Km del Cant\u00f3n Archidona, en un tiempo aproximado de 15 minutos.<br \/><br \/><\/div><div><strong>llangana rikuna kuchukuna:<\/strong>\u00a0Sumak llanganakunami tian imashina takikna, tushunakuna shinallara Fotograf\u00eda.<br \/><br \/><\/div><div><strong>Riksichina kuchu:<\/strong>\u00a0El Santuario fue construido en honor a la Virgen del Quinche, construcci\u00f3n que fue terminada en el a\u00f1o de 1962 por la Misi\u00f3n Jose\ufb01na, su imagen fue tra\u00edda de Oyacachi en el \u00a0siglo XVI, la misma que fue hecha por Diego de \u00a0Robles.<\/div><div>La fachada de la Iglesia es de estilo g\u00f3tico moderno, posee tres pir\u00e1mides c\u00f3nicas de lat\u00f3n una a cada lado y una en el centro y estas est\u00e1n acompa\u00f1adas de dos m\u00e1s peque\u00f1as cada una. La estructura de la Iglesia es de hormig\u00f3n armado, su piso de cer\u00e1mica rustica, el techo de losa y lat\u00f3n. En el centro de la fachada se puede apreciar un reloj el\u00e9ctrico tra\u00eddo desde suiza.<br \/><br \/><\/div><div><strong>Kuirarina kuchu:<\/strong>\u00a0Hacer visitas los fines de semana en horas de la ma\u00f1ana para poder asistir\u00a0 a la ceremonia\u00a0 religiosa y llevar c\u00e1mara fotogr\u00e1\ufb01ca<\/div><div><br \/><strong>Contacto:<\/strong>\u00a0GAD parroquial de Cotundo<\/div><div><strong>Tel\u00e9fono:<\/strong>\u00a0062875030<\/div><\/div>\n\t\t\t\t\t\t\t<\/div>\n\t\t<\/div>\n\t\t\t\t\t\t<\/div>\n\t\t\t\t<\/div>\n\t\t\t\t\t<\/div>\n\t\t<\/div>\n\t\t\t\t\t<\/div>\n\t\t<\/section>\n\t\t\t\t\t<\/div>\n\t\t<\/div>\n\t\t\t\t\t<\/div>\n\t\t<\/section>\n\t\t\t\t<\/div>","protected":false},"excerpt":{"rendered":"<p>Turismo Religioso IGLESIA DEL SAGRADO CORAZ\u00d3N DE JES\u00daS DE ARCHIDONA IGLESIA SANTUARIO LA VIRGEN DEL QUINCHE DE COTUNDO IGLESIA DEL SAGRADO CORAZ\u00d3N DE JES\u00daS DE ARCHIDONA \u00bfC\u00f3mo llegar?:\u00a0se encuentra en el parque Central de Archidona junto al colegio t\u00e9cnico Mar\u00eda Imaculada. Actividades que se pueden realizar:\u00a0Turismo religioso, Interpretaci\u00f3n cultural y Fotograf\u00eda. Descripci\u00f3n del atractivo:\u00a0La iglesia del Sagrado Coraz\u00f3n de Jes\u00fas de Archidona destinada a ceremonias de car\u00e1cter religiosa, fue construida en el a\u00f1o de 1950 por los hermanos de la misi\u00f3n Jose\ufb01na. La construcci\u00f3n tiene una nave de 9 x 36 metros m\u00e1s dos capillas laterales de 6 x 36 metros, la iglesia est\u00e1 dise\u00f1ada sobre una planta arquitect\u00f3nica en forma de cruz latina, con muros de ladrillo, puertas y ventanas de madera con cubierta de galva lumen. Se accede desde una plaza por gradas semicirculares, hasta el n\u00e1rtex de cuyo costado izquierdo se sube al coro, a su lado derecho esta una capilla; se aprecia \u00fanicamente una sola nave, en cuyo remate, est\u00e1 el p\u00falpito, en semic\u00edrculo, y flanqueada por dos puertas, donde se ingresa a la sacrist\u00eda, la misma que sigue el mismo trazado del p\u00falpito. Desde el \u00e1bside, y hacia los costados, dos capillas, desde las cuales se puede salir fuera del templo. Contiene dos estatuas de San Jos\u00e9 y otra de Santa Marianita, en el altar se encuentra un cruci\ufb01co que data de \ufb01nes del siglo XVIII.\u00a0 La iglesia fue inaugurada el 21 de junio de 1954. Recomendaciones:\u00a0Hacerlo \ufb01nes de semana y llevar c\u00e1mara fotogr\u00e1\ufb01ca. Contacto:\u00a0Juan MaissancheTel\u00e9fono:\u00a0062889141 IGLESIA SANTUARIO LA VIRGEN DEL QUINCHE DE COTUNDO \u00bfC\u00f3mo llegar?\u00a0Se encuentra a 8 Km del Cant\u00f3n Archidona, en un tiempo aproximado de 15 minutos. Actividades que se pueden realizar:\u00a0Turismo religioso, Interpretaci\u00f3n cultural y Fotograf\u00eda. Descripci\u00f3n del atractivo:\u00a0El Santuario fue construido en honor a la Virgen del Quinche, construcci\u00f3n que fue terminada en el a\u00f1o de 1962 por la Misi\u00f3n Jose\ufb01na, su imagen fue tra\u00edda de Oyacachi en el \u00a0siglo XVI, la misma que fue hecha por Diego de \u00a0Robles.La fachada de la Iglesia es de estilo g\u00f3tico moderno, posee tres pir\u00e1mides c\u00f3nicas de lat\u00f3n una a cada lado y una en el centro y estas est\u00e1n acompa\u00f1adas de dos m\u00e1s peque\u00f1as cada una. La estructura de la Iglesia es de hormig\u00f3n armado, su piso de cer\u00e1mica rustica, el techo de losa y lat\u00f3n. En el centro de la fachada se puede apreciar un reloj el\u00e9ctrico tra\u00eddo desde suiza. Recomendaciones:\u00a0Hacer visitas los fines de semana en horas de la ma\u00f1ana para poder asistir\u00a0 a la ceremonia\u00a0 religiosa y llevar c\u00e1mara fotogr\u00e1\ufb01caContacto:\u00a0GAD parroquial de CotundoTel\u00e9fono:\u00a0062875030<\/p>","protected":false},"author":1,"featured_media":0,"parent":0,"menu_order":0,"comment_status":"closed","ping_status":"closed","template":"","meta":{"site-sidebar-layout":"no-sidebar","site-content-layout":"page-builder","ast-site-content-layout":"","site-content-style":"default","site-sidebar-style":"default","ast-global-header-display":"","ast-banner-title-visibility":"","ast-main-header-display":"","ast-hfb-above-header-display":"","ast-hfb-below-header-display":"","ast-hfb-mobile-header-display":"","site-post-title":"disabled","ast-breadcrumbs-content":"","ast-featured-img":"disabled","footer-sml-layout":"","theme-transparent-header-meta":"default","adv-header-id-meta":"","stick-header-meta":"","header-above-stick-meta":"","header-main-stick-meta":"","header-below-stick-meta":"","astra-migrate-meta-layouts":"default","ast-page-background-enabled":"default","ast-page-background-meta":{"desktop":{"background-color":"var(--ast-global-color-4)","background-image":"","background-repeat":"repeat","background-position":"center center","background-size":"auto","background-attachment":"scroll","background-type":"","background-media":"","overlay-type":"","overlay-color":"","overlay-opacity":"","overlay-gradient":""},"tablet":{"background-color":"","background-image":"","background-repeat":"repeat","background-position":"center center","background-size":"auto","background-attachment":"scroll","background-type":"","background-media":"","overlay-type":"","overlay-color":"","overlay-opacity":"","overlay-gradient":""},"mobile":{"background-color":"","background-image":"","background-repeat":"repeat","background-position":"center center","background-size":"auto","background-attachment":"scroll","background-type":"","background-media":"","overlay-type":"","overlay-color":"","overlay-opacity":"","overlay-gradient":""}},"ast-content-background-meta":{"desktop":{"background-color":"var(--ast-global-color-5)","background-image":"","background-repeat":"repeat","background-position":"center center","background-size":"auto","background-attachment":"scroll","background-type":"","background-media":"","overlay-type":"","overlay-color":"","overlay-opacity":"","overlay-gradient":""},"tablet":{"background-color":"var(--ast-global-color-5)","background-image":"","background-repeat":"repeat","background-position":"center center","background-size":"auto","background-attachment":"scroll","background-type":"","background-media":"","overlay-type":"","overlay-color":"","overlay-opacity":"","overlay-gradient":""},"mobile":{"background-color":"var(--ast-global-color-5)","background-image":"","background-repeat":"repeat","background-position":"center center","background-size":"auto","background-attachment":"scroll","background-type":"","background-media":"","overlay-type":"","overlay-color":"","overlay-opacity":"","overlay-gradient":""}},"footnotes":""},"class_list":["post-2368","page","type-page","status-publish","hentry"],"_links":{"self":[{"href":"https:\/\/archidona.gob.ec\/ki\/wp-json\/wp\/v2\/pages\/2368","targetHints":{"allow":["GET"]}}],"collection":[{"href":"https:\/\/archidona.gob.ec\/ki\/wp-json\/wp\/v2\/pages"}],"about":[{"href":"https:\/\/archidona.gob.ec\/ki\/wp-json\/wp\/v2\/types\/page"}],"author":[{"embeddable":true,"href":"https:\/\/archidona.gob.ec\/ki\/wp-json\/wp\/v2\/users\/1"}],"replies":[{"embeddable":true,"href":"https:\/\/archidona.gob.ec\/ki\/wp-json\/wp\/v2\/comments?post=2368"}],"version-history":[{"count":7,"href":"https:\/\/archidona.gob.ec\/ki\/wp-json\/wp\/v2\/pages\/2368\/revisions"}],"predecessor-version":[{"id":2785,"href":"https:\/\/archidona.gob.ec\/ki\/wp-json\/wp\/v2\/pages\/2368\/revisions\/2785"}],"wp:attachment":[{"href":"https:\/\/archidona.gob.ec\/ki\/wp-json\/wp\/v2\/media?parent=2368"}],"curies":[{"name":"wp","href":"https:\/\/api.w.org\/{rel}","templated":true}]}}