{"id":2379,"date":"2023-01-26T23:47:49","date_gmt":"2023-01-26T23:47:49","guid":{"rendered":"https:\/\/archidona.gob.ec\/?page_id=2379"},"modified":"2023-03-24T17:18:09","modified_gmt":"2023-03-24T17:18:09","slug":"petroglifos","status":"publish","type":"page","link":"https:\/\/archidona.gob.ec\/ki\/petroglifos\/","title":{"rendered":"Petroglifos"},"content":{"rendered":"<div data-elementor-type=\"wp-page\" data-elementor-id=\"2379\" class=\"elementor elementor-2379\" data-elementor-post-type=\"page\">\n\t\t\t\t\t\t<section class=\"elementor-section elementor-top-section elementor-element elementor-element-28ba827 elementor-section-boxed elementor-section-height-default elementor-section-height-default wpr-particle-no wpr-jarallax-no wpr-parallax-no wpr-sticky-section-no\" data-id=\"28ba827\" data-element_type=\"section\" data-e-type=\"section\" data-settings=\"{&quot;background_background&quot;:&quot;classic&quot;}\">\n\t\t\t\t\t\t\t<div class=\"elementor-background-overlay\"><\/div>\n\t\t\t\t\t\t\t<div class=\"elementor-container elementor-column-gap-default\">\n\t\t\t\t\t<div class=\"elementor-column elementor-col-100 elementor-top-column elementor-element elementor-element-d290524\" data-id=\"d290524\" data-element_type=\"column\" data-e-type=\"column\">\n\t\t\t<div class=\"elementor-widget-wrap elementor-element-populated\">\n\t\t\t\t\t\t<section class=\"elementor-section elementor-inner-section elementor-element elementor-element-78955eb elementor-section-boxed elementor-section-height-default elementor-section-height-default wpr-particle-no wpr-jarallax-no wpr-parallax-no wpr-sticky-section-no\" data-id=\"78955eb\" data-element_type=\"section\" data-e-type=\"section\">\n\t\t\t\t\t\t<div class=\"elementor-container elementor-column-gap-default\">\n\t\t\t\t\t<div class=\"elementor-column elementor-col-100 elementor-inner-column elementor-element elementor-element-01f30cb\" data-id=\"01f30cb\" data-element_type=\"column\" data-e-type=\"column\">\n\t\t\t<div class=\"elementor-widget-wrap elementor-element-populated\">\n\t\t\t\t\t\t<div class=\"elementor-element elementor-element-9431aa3 elementor-widget elementor-widget-heading\" data-id=\"9431aa3\" data-element_type=\"widget\" data-e-type=\"widget\" data-widget_type=\"heading.default\">\n\t\t\t\t<div class=\"elementor-widget-container\">\n\t\t\t\t\t<h2 class=\"elementor-heading-title elementor-size-default\">Petroglifos<\/h2>\t\t\t\t<\/div>\n\t\t\t\t<\/div>\n\t\t\t\t\t<\/div>\n\t\t<\/div>\n\t\t\t\t\t<\/div>\n\t\t<\/section>\n\t\t\t\t\t<\/div>\n\t\t<\/div>\n\t\t\t\t\t<\/div>\n\t\t<\/section>\n\t\t\t\t<section class=\"elementor-section elementor-top-section elementor-element elementor-element-c8c63a8 elementor-section-boxed elementor-section-height-default elementor-section-height-default wpr-particle-no wpr-jarallax-no wpr-parallax-no wpr-sticky-section-no\" data-id=\"c8c63a8\" data-element_type=\"section\" data-e-type=\"section\">\n\t\t\t\t\t\t<div class=\"elementor-container elementor-column-gap-default\">\n\t\t\t\t\t<div class=\"elementor-column elementor-col-100 elementor-top-column elementor-element elementor-element-4e26d4b\" data-id=\"4e26d4b\" data-element_type=\"column\" data-e-type=\"column\">\n\t\t\t<div class=\"elementor-widget-wrap elementor-element-populated\">\n\t\t\t\t\t\t<section class=\"elementor-section elementor-inner-section elementor-element elementor-element-ce14851 elementor-section-boxed elementor-section-height-default elementor-section-height-default wpr-particle-no wpr-jarallax-no wpr-parallax-no wpr-sticky-section-no\" data-id=\"ce14851\" data-element_type=\"section\" data-e-type=\"section\">\n\t\t\t\t\t\t<div class=\"elementor-container elementor-column-gap-default\">\n\t\t\t\t\t<div class=\"elementor-column elementor-col-100 elementor-inner-column elementor-element elementor-element-9cdff46\" data-id=\"9cdff46\" data-element_type=\"column\" data-e-type=\"column\">\n\t\t\t<div class=\"elementor-widget-wrap elementor-element-populated\">\n\t\t\t\t\t\t<div class=\"elementor-element elementor-element-53f8b9c elementor-tabs-view-vertical elementor-widget elementor-widget-tabs\" data-id=\"53f8b9c\" data-element_type=\"widget\" data-e-type=\"widget\" data-widget_type=\"tabs.default\">\n\t\t\t\t<div class=\"elementor-widget-container\">\n\t\t\t\t\t\t\t<div class=\"elementor-tabs\">\n\t\t\t<div class=\"elementor-tabs-wrapper\" role=\"tablist\" >\n\t\t\t\t\t\t\t\t\t<div id=\"elementor-tab-title-8801\" class=\"elementor-tab-title elementor-tab-desktop-title\" aria-selected=\"true\" data-tab=\"1\" role=\"tab\" tabindex=\"0\" aria-controls=\"elementor-tab-content-8801\" aria-expanded=\"false\">OBSERVACI\u00d3N DE PETROGLIFO DEL BARRIO SAN AGUST\u00cdN<\/div>\n\t\t\t\t\t\t\t\t\t<div id=\"elementor-tab-title-8802\" class=\"elementor-tab-title elementor-tab-desktop-title\" aria-selected=\"false\" data-tab=\"2\" role=\"tab\" tabindex=\"-1\" aria-controls=\"elementor-tab-content-8802\" aria-expanded=\"false\">PETROGLIFOS DEL VALLE SAGRADO DE COTUNDO<\/div>\n\t\t\t\t\t\t\t<\/div>\n\t\t\t<div class=\"elementor-tabs-content-wrapper\" role=\"tablist\" aria-orientation=\"vertical\">\n\t\t\t\t\t\t\t\t\t<div class=\"elementor-tab-title elementor-tab-mobile-title\" aria-selected=\"true\" data-tab=\"1\" role=\"tab\" tabindex=\"0\" aria-controls=\"elementor-tab-content-8801\" aria-expanded=\"false\">OBSERVACI\u00d3N DE PETROGLIFO DEL BARRIO SAN AGUST\u00cdN<\/div>\n\t\t\t\t\t<div id=\"elementor-tab-content-8801\" class=\"elementor-tab-content elementor-clearfix\" data-tab=\"1\" role=\"tabpanel\" aria-labelledby=\"elementor-tab-title-8801\" tabindex=\"0\" hidden=\"false\"><p><strong>\u00bfImasarasha paktana?<\/strong>\u00a0desde el municipio de Archidona dirigirse al Barrio San Agust\u00edn, se puede llegar caminando (10 minutos).<br \/><br \/><strong>llangana rikuna kuchukuna:<\/strong>\u00a0Investigaci\u00f3n, Interpretaci\u00f3n de los petroglifos.<br \/><br \/><strong>Descripci\u00f3n del atractivo<\/strong>:<br \/><br \/>Los glifos grabados en la piedra fueron realizado \u00a0por los pobladores primitivos de este sector que sirvi\u00f3 como un medio de comunicaci\u00f3n que hacen referencia a la manera de percibir el mundo y su realidad hist\u00f3rica, los glifos representan de seres mitol\u00f3gicos, simbolismo religioso, cultural.<br \/><br \/><strong>Kuirarina kuchu:<\/strong>\u00a0llevar repelente, ropa ligera, gorra, protector solar y c\u00e1mara fotogr\u00e1\ufb01ca.<br \/><br \/><strong>Contacto:<\/strong>\u00a0GAD Archidona<\/p><\/div>\n\t\t\t\t\t\t\t\t\t<div class=\"elementor-tab-title elementor-tab-mobile-title\" aria-selected=\"false\" data-tab=\"2\" role=\"tab\" tabindex=\"-1\" aria-controls=\"elementor-tab-content-8802\" aria-expanded=\"false\">PETROGLIFOS DEL VALLE SAGRADO DE COTUNDO<\/div>\n\t\t\t\t\t<div id=\"elementor-tab-content-8802\" class=\"elementor-tab-content elementor-clearfix\" data-tab=\"2\" role=\"tabpanel\" aria-labelledby=\"elementor-tab-title-8802\" tabindex=\"0\" hidden=\"hidden\"><p><strong>\u00bfImasarasha paktana?<\/strong>\u00a0Desde la ciudad de Archidona tomar la carretera E45 \u00a0v\u00eda Quito-Baeza hasta la parroquia Cotundo de all\u00ed dirigirse al barrio Boa Loma.<br \/><br \/><strong>llangana rikuna kuchukuna:<\/strong>\u00a0Interpretaci\u00f3n de los petroglifos y \u00a0Senderismo.<br \/><br \/><strong>Riksichina kuchu:<\/strong>\u00a0existen varias piedras de gran tama\u00f1o donde se puede observar signos o s\u00edmbolos grabados por los primitivos habitantes de esta zona.<br \/><br \/>Los glifos hacen referencia aquellos aspectos relacionados con la vida del grupo tribal, su manera \u00a0de percibir el mundo y su realidad hist\u00f3rica a la cual \u00a0pertenec\u00edan, algunas de los glifos m\u00e1s representativos son : figura de rana, espiral, deidades y serpientes.\u00a0<br \/><br \/><strong>Kuirarina kuchu:<\/strong>\u00a0llevar botas de caucho, repelente, ropa ligera, gorra, protector solar y c\u00e1mara fotogr\u00e1\ufb01ca.<br \/><br \/><strong>Contacto:<\/strong>\u00a0Hugo Vargas<br \/><strong>Tel\u00e9fono:<\/strong>\u00a00982469421<\/p><\/div>\n\t\t\t\t\t\t\t<\/div>\n\t\t<\/div>\n\t\t\t\t\t\t<\/div>\n\t\t\t\t<\/div>\n\t\t\t\t\t<\/div>\n\t\t<\/div>\n\t\t\t\t\t<\/div>\n\t\t<\/section>\n\t\t\t\t\t<\/div>\n\t\t<\/div>\n\t\t\t\t\t<\/div>\n\t\t<\/section>\n\t\t\t\t<\/div>","protected":false},"excerpt":{"rendered":"<p>Petroglifos OBSERVACI\u00d3N DE PETROGLIFO DEL BARRIO SAN AGUST\u00cdN PETROGLIFOS DEL VALLE SAGRADO DE COTUNDO OBSERVACI\u00d3N DE PETROGLIFO DEL BARRIO SAN AGUST\u00cdN \u00bfC\u00f3mo llegar?:\u00a0desde el municipio de Archidona dirigirse al Barrio San Agust\u00edn, se puede llegar caminando (10 minutos). Actividades que se pueden realizar:\u00a0Investigaci\u00f3n, Interpretaci\u00f3n de los petroglifos. Descripci\u00f3n del atractivo: Los glifos grabados en la piedra fueron realizado \u00a0por los pobladores primitivos de este sector que sirvi\u00f3 como un medio de comunicaci\u00f3n que hacen referencia a la manera de percibir el mundo y su realidad hist\u00f3rica, los glifos representan de seres mitol\u00f3gicos, simbolismo religioso, cultural. Recomendaciones:\u00a0llevar repelente, ropa ligera, gorra, protector solar y c\u00e1mara fotogr\u00e1\ufb01ca. Contacto:\u00a0GAD Archidona PETROGLIFOS DEL VALLE SAGRADO DE COTUNDO \u00bfC\u00f3mo llegar?:\u00a0Desde la ciudad de Archidona tomar la carretera E45 \u00a0v\u00eda Quito-Baeza hasta la parroquia Cotundo de all\u00ed dirigirse al barrio Boa Loma. Actividades que se pueden realizar:\u00a0Interpretaci\u00f3n de los petroglifos y \u00a0Senderismo. Descripci\u00f3n del atractivo:\u00a0existen varias piedras de gran tama\u00f1o donde se puede observar signos o s\u00edmbolos grabados por los primitivos habitantes de esta zona. Los glifos hacen referencia aquellos aspectos relacionados con la vida del grupo tribal, su manera \u00a0de percibir el mundo y su realidad hist\u00f3rica a la cual \u00a0pertenec\u00edan, algunas de los glifos m\u00e1s representativos son : figura de rana, espiral, deidades y serpientes.\u00a0 Recomendaciones:\u00a0llevar botas de caucho, repelente, ropa ligera, gorra, protector solar y c\u00e1mara fotogr\u00e1\ufb01ca. Contacto:\u00a0Hugo VargasTel\u00e9fono:\u00a00982469421<\/p>","protected":false},"author":1,"featured_media":0,"parent":0,"menu_order":0,"comment_status":"closed","ping_status":"closed","template":"","meta":{"site-sidebar-layout":"no-sidebar","site-content-layout":"page-builder","ast-site-content-layout":"","site-content-style":"default","site-sidebar-style":"default","ast-global-header-display":"","ast-banner-title-visibility":"","ast-main-header-display":"","ast-hfb-above-header-display":"","ast-hfb-below-header-display":"","ast-hfb-mobile-header-display":"","site-post-title":"disabled","ast-breadcrumbs-content":"","ast-featured-img":"disabled","footer-sml-layout":"","theme-transparent-header-meta":"default","adv-header-id-meta":"","stick-header-meta":"","header-above-stick-meta":"","header-main-stick-meta":"","header-below-stick-meta":"","astra-migrate-meta-layouts":"default","ast-page-background-enabled":"default","ast-page-background-meta":{"desktop":{"background-color":"var(--ast-global-color-4)","background-image":"","background-repeat":"repeat","background-position":"center center","background-size":"auto","background-attachment":"scroll","background-type":"","background-media":"","overlay-type":"","overlay-color":"","overlay-opacity":"","overlay-gradient":""},"tablet":{"background-color":"","background-image":"","background-repeat":"repeat","background-position":"center center","background-size":"auto","background-attachment":"scroll","background-type":"","background-media":"","overlay-type":"","overlay-color":"","overlay-opacity":"","overlay-gradient":""},"mobile":{"background-color":"","background-image":"","background-repeat":"repeat","background-position":"center center","background-size":"auto","background-attachment":"scroll","background-type":"","background-media":"","overlay-type":"","overlay-color":"","overlay-opacity":"","overlay-gradient":""}},"ast-content-background-meta":{"desktop":{"background-color":"var(--ast-global-color-5)","background-image":"","background-repeat":"repeat","background-position":"center center","background-size":"auto","background-attachment":"scroll","background-type":"","background-media":"","overlay-type":"","overlay-color":"","overlay-opacity":"","overlay-gradient":""},"tablet":{"background-color":"var(--ast-global-color-5)","background-image":"","background-repeat":"repeat","background-position":"center center","background-size":"auto","background-attachment":"scroll","background-type":"","background-media":"","overlay-type":"","overlay-color":"","overlay-opacity":"","overlay-gradient":""},"mobile":{"background-color":"var(--ast-global-color-5)","background-image":"","background-repeat":"repeat","background-position":"center center","background-size":"auto","background-attachment":"scroll","background-type":"","background-media":"","overlay-type":"","overlay-color":"","overlay-opacity":"","overlay-gradient":""}},"footnotes":""},"class_list":["post-2379","page","type-page","status-publish","hentry"],"_links":{"self":[{"href":"https:\/\/archidona.gob.ec\/ki\/wp-json\/wp\/v2\/pages\/2379","targetHints":{"allow":["GET"]}}],"collection":[{"href":"https:\/\/archidona.gob.ec\/ki\/wp-json\/wp\/v2\/pages"}],"about":[{"href":"https:\/\/archidona.gob.ec\/ki\/wp-json\/wp\/v2\/types\/page"}],"author":[{"embeddable":true,"href":"https:\/\/archidona.gob.ec\/ki\/wp-json\/wp\/v2\/users\/1"}],"replies":[{"embeddable":true,"href":"https:\/\/archidona.gob.ec\/ki\/wp-json\/wp\/v2\/comments?post=2379"}],"version-history":[{"count":10,"href":"https:\/\/archidona.gob.ec\/ki\/wp-json\/wp\/v2\/pages\/2379\/revisions"}],"predecessor-version":[{"id":2773,"href":"https:\/\/archidona.gob.ec\/ki\/wp-json\/wp\/v2\/pages\/2379\/revisions\/2773"}],"wp:attachment":[{"href":"https:\/\/archidona.gob.ec\/ki\/wp-json\/wp\/v2\/media?parent=2379"}],"curies":[{"name":"wp","href":"https:\/\/api.w.org\/{rel}","templated":true}]}}