{"id":2388,"date":"2023-01-26T23:49:40","date_gmt":"2023-01-26T23:49:40","guid":{"rendered":"https:\/\/archidona.gob.ec\/?page_id=2388"},"modified":"2023-03-24T17:17:46","modified_gmt":"2023-03-24T17:17:46","slug":"artesanias","status":"publish","type":"page","link":"https:\/\/archidona.gob.ec\/ki\/artesanias\/","title":{"rendered":"Artesan\u00edas"},"content":{"rendered":"<div data-elementor-type=\"wp-page\" data-elementor-id=\"2388\" class=\"elementor elementor-2388\" data-elementor-post-type=\"page\">\n\t\t\t\t\t\t<section class=\"elementor-section elementor-top-section elementor-element elementor-element-28ba827 elementor-section-boxed elementor-section-height-default elementor-section-height-default wpr-particle-no wpr-jarallax-no wpr-parallax-no wpr-sticky-section-no\" data-id=\"28ba827\" data-element_type=\"section\" data-e-type=\"section\" data-settings=\"{&quot;background_background&quot;:&quot;classic&quot;}\">\n\t\t\t\t\t\t\t<div class=\"elementor-background-overlay\"><\/div>\n\t\t\t\t\t\t\t<div class=\"elementor-container elementor-column-gap-default\">\n\t\t\t\t\t<div class=\"elementor-column elementor-col-100 elementor-top-column elementor-element elementor-element-d290524\" data-id=\"d290524\" data-element_type=\"column\" data-e-type=\"column\">\n\t\t\t<div class=\"elementor-widget-wrap elementor-element-populated\">\n\t\t\t\t\t\t<section class=\"elementor-section elementor-inner-section elementor-element elementor-element-78955eb elementor-section-boxed elementor-section-height-default elementor-section-height-default wpr-particle-no wpr-jarallax-no wpr-parallax-no wpr-sticky-section-no\" data-id=\"78955eb\" data-element_type=\"section\" data-e-type=\"section\">\n\t\t\t\t\t\t<div class=\"elementor-container elementor-column-gap-default\">\n\t\t\t\t\t<div class=\"elementor-column elementor-col-100 elementor-inner-column elementor-element elementor-element-01f30cb\" data-id=\"01f30cb\" data-element_type=\"column\" data-e-type=\"column\">\n\t\t\t<div class=\"elementor-widget-wrap elementor-element-populated\">\n\t\t\t\t\t\t<div class=\"elementor-element elementor-element-9431aa3 elementor-widget elementor-widget-heading\" data-id=\"9431aa3\" data-element_type=\"widget\" data-e-type=\"widget\" data-widget_type=\"heading.default\">\n\t\t\t\t<div class=\"elementor-widget-container\">\n\t\t\t\t\t<h2 class=\"elementor-heading-title elementor-size-default\">Artesan\u00edas<\/h2>\t\t\t\t<\/div>\n\t\t\t\t<\/div>\n\t\t\t\t\t<\/div>\n\t\t<\/div>\n\t\t\t\t\t<\/div>\n\t\t<\/section>\n\t\t\t\t\t<\/div>\n\t\t<\/div>\n\t\t\t\t\t<\/div>\n\t\t<\/section>\n\t\t\t\t<section class=\"elementor-section elementor-top-section elementor-element elementor-element-c8c63a8 elementor-section-boxed elementor-section-height-default elementor-section-height-default wpr-particle-no wpr-jarallax-no wpr-parallax-no wpr-sticky-section-no\" data-id=\"c8c63a8\" data-element_type=\"section\" data-e-type=\"section\">\n\t\t\t\t\t\t<div class=\"elementor-container elementor-column-gap-default\">\n\t\t\t\t\t<div class=\"elementor-column elementor-col-100 elementor-top-column elementor-element elementor-element-4e26d4b\" data-id=\"4e26d4b\" data-element_type=\"column\" data-e-type=\"column\">\n\t\t\t<div class=\"elementor-widget-wrap elementor-element-populated\">\n\t\t\t\t\t\t<section class=\"elementor-section elementor-inner-section elementor-element elementor-element-ce14851 elementor-section-boxed elementor-section-height-default elementor-section-height-default wpr-particle-no wpr-jarallax-no wpr-parallax-no wpr-sticky-section-no\" data-id=\"ce14851\" data-element_type=\"section\" data-e-type=\"section\">\n\t\t\t\t\t\t<div class=\"elementor-container elementor-column-gap-default\">\n\t\t\t\t\t<div class=\"elementor-column elementor-col-100 elementor-inner-column elementor-element elementor-element-9cdff46\" data-id=\"9cdff46\" data-element_type=\"column\" data-e-type=\"column\">\n\t\t\t<div class=\"elementor-widget-wrap elementor-element-populated\">\n\t\t\t\t\t\t<div class=\"elementor-element elementor-element-53f8b9c elementor-tabs-view-vertical elementor-widget elementor-widget-tabs\" data-id=\"53f8b9c\" data-element_type=\"widget\" data-e-type=\"widget\" data-widget_type=\"tabs.default\">\n\t\t\t\t<div class=\"elementor-widget-container\">\n\t\t\t\t\t\t\t<div class=\"elementor-tabs\">\n\t\t\t<div class=\"elementor-tabs-wrapper\" role=\"tablist\" >\n\t\t\t\t\t\t\t\t\t<div id=\"elementor-tab-title-8801\" class=\"elementor-tab-title elementor-tab-desktop-title\" aria-selected=\"true\" data-tab=\"1\" role=\"tab\" tabindex=\"0\" aria-controls=\"elementor-tab-content-8801\" aria-expanded=\"false\">ARTESAN\u00cdAS LA JUNGLA<\/div>\n\t\t\t\t\t\t\t\t\t<div id=\"elementor-tab-title-8802\" class=\"elementor-tab-title elementor-tab-desktop-title\" aria-selected=\"false\" data-tab=\"2\" role=\"tab\" tabindex=\"-1\" aria-controls=\"elementor-tab-content-8802\" aria-expanded=\"false\">ARTESAN\u00cdAS SAN JOS\u00c9<\/div>\n\t\t\t\t\t\t\t\t\t<div id=\"elementor-tab-title-8803\" class=\"elementor-tab-title elementor-tab-desktop-title\" aria-selected=\"false\" data-tab=\"3\" role=\"tab\" tabindex=\"-1\" aria-controls=\"elementor-tab-content-8803\" aria-expanded=\"false\">ARTESAN\u00cdAS SAN FRANCISCO <\/div>\n\t\t\t\t\t\t\t<\/div>\n\t\t\t<div class=\"elementor-tabs-content-wrapper\" role=\"tablist\" aria-orientation=\"vertical\">\n\t\t\t\t\t\t\t\t\t<div class=\"elementor-tab-title elementor-tab-mobile-title\" aria-selected=\"true\" data-tab=\"1\" role=\"tab\" tabindex=\"0\" aria-controls=\"elementor-tab-content-8801\" aria-expanded=\"false\">ARTESAN\u00cdAS LA JUNGLA<\/div>\n\t\t\t\t\t<div id=\"elementor-tab-content-8801\" class=\"elementor-tab-content elementor-clearfix\" data-tab=\"1\" role=\"tabpanel\" aria-labelledby=\"elementor-tab-title-8801\" tabindex=\"0\" hidden=\"false\"><div><strong>\u00bfImasarasha paktana?<\/strong>\u00a0Desde el parque central de Archidona dirigirse por la v\u00eda E45 rumbo a Quito a 1,5 km. Se encuentra frente a la Hoster\u00eda \u201cEl Para\u00edso de las Orqu\u00eddeas\u201d.<br \/><br \/><\/div><div><strong>llangana rikuna kuchukuna:<\/strong>\u00a0observaci\u00f3n de artesan\u00edas y compra de materias.<br \/><br \/><\/div><div><strong>Riksichina kuchu:<\/strong>\u00a0Es un centro de acopio de las artesan\u00edas, elaborados por h\u00e1biles manos de las mujeres kichwa del cant\u00f3n, se caracteriza por las llamativas artesan\u00edas como \u00a0flechas, lanzas, cerbatanas, cer\u00e1mica, abanicos, adornos, diferentes \ufb01guras de flora y fauna, collares multicolores, \u00a0aretes, manillas, carteras, hamacas, shigras, pulseras, coronas, bolsos, tobilleras, aretes, cinturones, elaborado con semillas naturales de la selva.<\/div><div><strong><br \/>Kuirarina kuchu:<\/strong>\u00a0c\u00e1mara fotogr\u00e1\ufb01ca<\/div><div><strong>Contactos:<\/strong>\u00a0Marco Mi\u00f1o\u00a0\u00a0<strong>Tel\u00e9fono:<\/strong>\u00a0062 889 232<\/div><\/div>\n\t\t\t\t\t\t\t\t\t<div class=\"elementor-tab-title elementor-tab-mobile-title\" aria-selected=\"false\" data-tab=\"2\" role=\"tab\" tabindex=\"-1\" aria-controls=\"elementor-tab-content-8802\" aria-expanded=\"false\">ARTESAN\u00cdAS SAN JOS\u00c9<\/div>\n\t\t\t\t\t<div id=\"elementor-tab-content-8802\" class=\"elementor-tab-content elementor-clearfix\" data-tab=\"2\" role=\"tabpanel\" aria-labelledby=\"elementor-tab-title-8802\" tabindex=\"0\" hidden=\"hidden\"><p><strong>\u00bfImasarasha paktana?<\/strong>\u00a0desde el parque central de Archidona dirigirse por la v\u00eda\u00a0 San Pablo de Uzpayacu a aproximadamente a 6 km se encuentra la comunidad de San Jos\u00e9.<br \/><br \/><strong>llangana rikuna kuchukuna:<\/strong>\u00a0Recolecci\u00f3n de semillas para elaboraci\u00f3n de artesan\u00edas,<br \/><br \/><strong>Riksichina kuchu:<\/strong>\u00a0artesan\u00edas San Jos\u00e9 est\u00e1 conformada por un grupo de mujeres que conforman una asociaci\u00f3n de mujeres emprendedoras que con sus h\u00e1biles manos elaboran artesan\u00edas con materiales de la zona, semillas y fibras naturales extra\u00eddas del bosque. Las semillas son recolectadas en las chackras para luego ser tratadas y manipuladas, cuidadosamente para transformar en aretes, llaveros, pulseras, collares, shigras entre otros. La venta de esta artesan\u00eda permite tener un ingreso econ\u00f3mico para el sustento de sus familias.<br \/><br \/><strong>Kuirarina kuchu:<\/strong>\u00a0llevar repelente, bloqueador, ropa y zapatos c\u00f3modos para caminar y c\u00e1mara fotogr\u00e1\ufb01ca.<br \/><br \/><strong>Contactos:<\/strong>\u00a0Ruth Grefa \u00a0\u00a0\u00a0\u00a0\u00a0\u00a0<strong>Tel\u00e9fono :<\/strong>0980063101<\/p><\/div>\n\t\t\t\t\t\t\t\t\t<div class=\"elementor-tab-title elementor-tab-mobile-title\" aria-selected=\"false\" data-tab=\"3\" role=\"tab\" tabindex=\"-1\" aria-controls=\"elementor-tab-content-8803\" aria-expanded=\"false\">ARTESAN\u00cdAS SAN FRANCISCO <\/div>\n\t\t\t\t\t<div id=\"elementor-tab-content-8803\" class=\"elementor-tab-content elementor-clearfix\" data-tab=\"3\" role=\"tabpanel\" aria-labelledby=\"elementor-tab-title-8803\" tabindex=\"0\" hidden=\"hidden\"><div><strong>\u00bfImasarasha paktana?<\/strong>\u00a0Desde el parque central de la parroquia Cotundo dirigirse por v\u00eda lastrada a la comunidad San Francisco aproximadamente a 3 Km.<\/div><div>\u00a0<\/div><div><strong>llangana rikuna kuchukuna:<\/strong>\u00a0Elaboraci\u00f3n de artesan\u00edas, Exposici\u00f3n de artesan\u00edas. Tur\u00edstica<\/div><div>\u00a0<\/div><div><strong>Riksichina kuchu:<\/strong>\u00a0En el taller de artesan\u00edas laboran mujeres kichwas, en este lugar se elaboran bisuter\u00edas con materiales de la zona como las semillas y \ufb01bras naturales extra\u00eddas del bosque. Las semillas son perforadas con un peque\u00f1o taladro para su manipulaci\u00f3n y transformaci\u00f3n en aretes, llaveros, pulseras, collares, shigras entre otros.<\/div><div>Recomendaciones: llevar repelente, bloqueador, ropa y zapatos c\u00f3modos para caminar y c\u00e1mara fotogr\u00e1\ufb01ca.<\/div><p><br \/><strong>Contactos:<\/strong>\u00a0Lila Chongo\u00a0\u00a0\u00a0<strong>Tel\u00e9fono :<\/strong>0980063101<\/p><\/div>\n\t\t\t\t\t\t\t<\/div>\n\t\t<\/div>\n\t\t\t\t\t\t<\/div>\n\t\t\t\t<\/div>\n\t\t\t\t\t<\/div>\n\t\t<\/div>\n\t\t\t\t\t<\/div>\n\t\t<\/section>\n\t\t\t\t\t<\/div>\n\t\t<\/div>\n\t\t\t\t\t<\/div>\n\t\t<\/section>\n\t\t\t\t<\/div>","protected":false},"excerpt":{"rendered":"<p>Artesan\u00edas ARTESAN\u00cdAS LA JUNGLA ARTESAN\u00cdAS SAN JOS\u00c9 ARTESAN\u00cdAS SAN FRANCISCO ARTESAN\u00cdAS LA JUNGLA \u00bfC\u00f3mo llegar?:\u00a0Desde el parque central de Archidona dirigirse por la v\u00eda E45 rumbo a Quito a 1,5 km. Se encuentra frente a la Hoster\u00eda \u201cEl Para\u00edso de las Orqu\u00eddeas\u201d. Actividades que se pueden realizar:\u00a0observaci\u00f3n de artesan\u00edas y compra de materias. Descripci\u00f3n del atractivo:\u00a0Es un centro de acopio de las artesan\u00edas, elaborados por h\u00e1biles manos de las mujeres kichwa del cant\u00f3n, se caracteriza por las llamativas artesan\u00edas como \u00a0flechas, lanzas, cerbatanas, cer\u00e1mica, abanicos, adornos, diferentes \ufb01guras de flora y fauna, collares multicolores, \u00a0aretes, manillas, carteras, hamacas, shigras, pulseras, coronas, bolsos, tobilleras, aretes, cinturones, elaborado con semillas naturales de la selva.Recomendaciones:\u00a0c\u00e1mara fotogr\u00e1\ufb01caContactos:\u00a0Marco Mi\u00f1o\u00a0\u00a0Tel\u00e9fono:\u00a0062 889 232 ARTESAN\u00cdAS SAN JOS\u00c9 \u00bfC\u00f3mo llegar?:\u00a0desde el parque central de Archidona dirigirse por la v\u00eda\u00a0 San Pablo de Uzpayacu a aproximadamente a 6 km se encuentra la comunidad de San Jos\u00e9. Actividades que se pueden realizar:\u00a0Recolecci\u00f3n de semillas para elaboraci\u00f3n de artesan\u00edas, Descripci\u00f3n del atractivo:\u00a0artesan\u00edas San Jos\u00e9 est\u00e1 conformada por un grupo de mujeres que conforman una asociaci\u00f3n de mujeres emprendedoras que con sus h\u00e1biles manos elaboran artesan\u00edas con materiales de la zona, semillas y fibras naturales extra\u00eddas del bosque. Las semillas son recolectadas en las chackras para luego ser tratadas y manipuladas, cuidadosamente para transformar en aretes, llaveros, pulseras, collares, shigras entre otros. La venta de esta artesan\u00eda permite tener un ingreso econ\u00f3mico para el sustento de sus familias. Recomendaciones:\u00a0llevar repelente, bloqueador, ropa y zapatos c\u00f3modos para caminar y c\u00e1mara fotogr\u00e1\ufb01ca. Contactos:\u00a0Ruth Grefa \u00a0\u00a0\u00a0\u00a0\u00a0\u00a0Tel\u00e9fono :0980063101 ARTESAN\u00cdAS SAN FRANCISCO \u00bfC\u00f3mo llegar?:\u00a0Desde el parque central de la parroquia Cotundo dirigirse por v\u00eda lastrada a la comunidad San Francisco aproximadamente a 3 Km.\u00a0Actividades que se pueden realizar:\u00a0Elaboraci\u00f3n de artesan\u00edas, Exposici\u00f3n de artesan\u00edas. Tur\u00edstica\u00a0Descripci\u00f3n del atractivo:\u00a0En el taller de artesan\u00edas laboran mujeres kichwas, en este lugar se elaboran bisuter\u00edas con materiales de la zona como las semillas y \ufb01bras naturales extra\u00eddas del bosque. Las semillas son perforadas con un peque\u00f1o taladro para su manipulaci\u00f3n y transformaci\u00f3n en aretes, llaveros, pulseras, collares, shigras entre otros.Recomendaciones: llevar repelente, bloqueador, ropa y zapatos c\u00f3modos para caminar y c\u00e1mara fotogr\u00e1\ufb01ca. Contactos:\u00a0Lila Chongo\u00a0\u00a0\u00a0Tel\u00e9fono :0980063101<\/p>","protected":false},"author":1,"featured_media":0,"parent":0,"menu_order":0,"comment_status":"closed","ping_status":"closed","template":"","meta":{"site-sidebar-layout":"no-sidebar","site-content-layout":"page-builder","ast-site-content-layout":"","site-content-style":"default","site-sidebar-style":"default","ast-global-header-display":"","ast-banner-title-visibility":"","ast-main-header-display":"","ast-hfb-above-header-display":"","ast-hfb-below-header-display":"","ast-hfb-mobile-header-display":"","site-post-title":"disabled","ast-breadcrumbs-content":"","ast-featured-img":"disabled","footer-sml-layout":"","theme-transparent-header-meta":"default","adv-header-id-meta":"","stick-header-meta":"","header-above-stick-meta":"","header-main-stick-meta":"","header-below-stick-meta":"","astra-migrate-meta-layouts":"default","ast-page-background-enabled":"default","ast-page-background-meta":{"desktop":{"background-color":"var(--ast-global-color-4)","background-image":"","background-repeat":"repeat","background-position":"center center","background-size":"auto","background-attachment":"scroll","background-type":"","background-media":"","overlay-type":"","overlay-color":"","overlay-opacity":"","overlay-gradient":""},"tablet":{"background-color":"","background-image":"","background-repeat":"repeat","background-position":"center center","background-size":"auto","background-attachment":"scroll","background-type":"","background-media":"","overlay-type":"","overlay-color":"","overlay-opacity":"","overlay-gradient":""},"mobile":{"background-color":"","background-image":"","background-repeat":"repeat","background-position":"center center","background-size":"auto","background-attachment":"scroll","background-type":"","background-media":"","overlay-type":"","overlay-color":"","overlay-opacity":"","overlay-gradient":""}},"ast-content-background-meta":{"desktop":{"background-color":"var(--ast-global-color-5)","background-image":"","background-repeat":"repeat","background-position":"center center","background-size":"auto","background-attachment":"scroll","background-type":"","background-media":"","overlay-type":"","overlay-color":"","overlay-opacity":"","overlay-gradient":""},"tablet":{"background-color":"var(--ast-global-color-5)","background-image":"","background-repeat":"repeat","background-position":"center center","background-size":"auto","background-attachment":"scroll","background-type":"","background-media":"","overlay-type":"","overlay-color":"","overlay-opacity":"","overlay-gradient":""},"mobile":{"background-color":"var(--ast-global-color-5)","background-image":"","background-repeat":"repeat","background-position":"center center","background-size":"auto","background-attachment":"scroll","background-type":"","background-media":"","overlay-type":"","overlay-color":"","overlay-opacity":"","overlay-gradient":""}},"footnotes":""},"class_list":["post-2388","page","type-page","status-publish","hentry"],"_links":{"self":[{"href":"https:\/\/archidona.gob.ec\/ki\/wp-json\/wp\/v2\/pages\/2388","targetHints":{"allow":["GET"]}}],"collection":[{"href":"https:\/\/archidona.gob.ec\/ki\/wp-json\/wp\/v2\/pages"}],"about":[{"href":"https:\/\/archidona.gob.ec\/ki\/wp-json\/wp\/v2\/types\/page"}],"author":[{"embeddable":true,"href":"https:\/\/archidona.gob.ec\/ki\/wp-json\/wp\/v2\/users\/1"}],"replies":[{"embeddable":true,"href":"https:\/\/archidona.gob.ec\/ki\/wp-json\/wp\/v2\/comments?post=2388"}],"version-history":[{"count":11,"href":"https:\/\/archidona.gob.ec\/ki\/wp-json\/wp\/v2\/pages\/2388\/revisions"}],"predecessor-version":[{"id":2770,"href":"https:\/\/archidona.gob.ec\/ki\/wp-json\/wp\/v2\/pages\/2388\/revisions\/2770"}],"wp:attachment":[{"href":"https:\/\/archidona.gob.ec\/ki\/wp-json\/wp\/v2\/media?parent=2388"}],"curies":[{"name":"wp","href":"https:\/\/api.w.org\/{rel}","templated":true}]}}